{"id":1557,"date":"2023-09-26T06:55:44","date_gmt":"2023-09-26T05:55:44","guid":{"rendered":"https:\/\/thucphamchayhoalacfood.com\/index.php\/product\/sua-dau-tem-trang-500gr-15-loai-dau\/"},"modified":"2025-04-24T08:13:30","modified_gmt":"2025-04-24T07:13:30","slug":"sua-dau-tem-trang-500gr-15-loai-dau","status":"publish","type":"product","link":"https:\/\/thucphamchayhoalacfood.com\/index.php\/product\/sua-dau-tem-trang-500gr-15-loai-dau\/","title":{"rendered":"S\u1eefa \u0111\u1eadu tem tr\u1eafng 500gr ( 15 lo\u1ea1i \u0111\u1eadu)"},"content":{"rendered":"<p>Th\u00e0nh ph\u1ea7n : \u0111\u1eadu \u0111en , \u0111\u1eadu \u0111\u1ecf , \u0111\u1eadu n\u00e0nh , \u0111\u1eadu ph\u1ed9ng , \u0111\u1eadu ng\u1ef1 , \u0111\u1eadu v\u00e1n  ,\u0111\u1eadu tr\u1eafng, \u0111\u1eadu b\u00ed, \u0111\u1eadu g\u00e0 , \u0111\u1eadu l\u0103ng \u0111\u1ecf, \u00f3c ch\u00f3, h\u1ea1nh nh\u1eadn Y\u1ebfn m\u1ea1ch , h\u1ea1t \u0111i\u1ec1u , h\u1ea1t sen g\u1ea1o l\u1ee9c m\u00e8 \u0111en v\u00e0 duong;<\/p>\n<p>Kh\u00f4ng chaat bao qu\u1ea3n<\/p>\n<p>C\u00e1ch dung : pha 1 mu\u1ed7ng c\u00e0 phase b\u1ed9t h\u1ea1t dinh d\u01b0\u1ee1ng voi 100ml nuoc soi , khu\u1ea5y \u0111\u1ec1u pha th\u00eam th\u00ec tang g\u1ea5p \u0111\u00f4i u\u1ed1ng l\u1ea1nh n\u00f3ng \u0111\u1ec1u ngon<\/p>\n","protected":false},"excerpt":{"rendered":"<p>Th\u00e0nh ph\u1ea7n : \u0111\u1eadu \u0111en , \u0111\u1eadu \u0111\u1ecf , \u0111\u1eadu n\u00e0nh , \u0111\u1eadu ph\u1ed9ng , \u0111\u1eadu ng\u1ef1 , \u0111\u1eadu v\u00e1n ,\u0111\u1eadu tr\u1eafng, \u0111\u1eadu b\u00ed, \u0111\u1eadu g\u00e0 , \u0111\u1eadu l\u0103ng \u0111\u1ecf, \u00f3c ch\u00f3, h\u1ea1nh nh\u1eadn Y\u1ebfn m\u1ea1ch , h\u1ea1t \u0111i\u1ec1u , h\u1ea1t sen g\u1ea1o l\u1ee9c m\u00e8 \u0111en v\u00e0 duong; Kh\u00f4ng chaat bao qu\u1ea3n C\u00e1ch dung : &hellip; <\/p>\n<div class=\"link-more text-center\"><a href=\"https:\/\/thucphamchayhoalacfood.com\/index.php\/product\/sua-dau-tem-trang-500gr-15-loai-dau\/\" class=\"more-link py-2 px-4\">Read More<span class=\"screen-reader-text\"> &#8220;S\u1eefa \u0111\u1eadu tem tr\u1eafng 500gr ( 15 lo\u1ea1i \u0111\u1eadu)&#8221;<\/span><\/a><\/div>\n","protected":false},"featured_media":1556,"comment_status":"open","ping_status":"closed","template":"","meta":{"om_disable_all_campaigns":false,"_monsterinsights_skip_tracking":false,"_monsterinsights_sitenote_active":false,"_monsterinsights_sitenote_note":"","_monsterinsights_sitenote_category":0},"product_cat":[26],"product_tag":[],"_links":{"self":[{"href":"https:\/\/thucphamchayhoalacfood.com\/index.php\/wp-json\/wp\/v2\/product\/1557"}],"collection":[{"href":"https:\/\/thucphamchayhoalacfood.com\/index.php\/wp-json\/wp\/v2\/product"}],"about":[{"href":"https:\/\/thucphamchayhoalacfood.com\/index.php\/wp-json\/wp\/v2\/types\/product"}],"replies":[{"embeddable":true,"href":"https:\/\/thucphamchayhoalacfood.com\/index.php\/wp-json\/wp\/v2\/comments?post=1557"}],"wp:featuredmedia":[{"embeddable":true,"href":"https:\/\/thucphamchayhoalacfood.com\/index.php\/wp-json\/wp\/v2\/media\/1556"}],"wp:attachment":[{"href":"https:\/\/thucphamchayhoalacfood.com\/index.php\/wp-json\/wp\/v2\/media?parent=1557"}],"wp:term":[{"taxonomy":"product_cat","embeddable":true,"href":"https:\/\/thucphamchayhoalacfood.com\/index.php\/wp-json\/wp\/v2\/product_cat?post=1557"},{"taxonomy":"product_tag","embeddable":true,"href":"https:\/\/thucphamchayhoalacfood.com\/index.php\/wp-json\/wp\/v2\/product_tag?post=1557"}],"curies":[{"name":"wp","href":"https:\/\/api.w.org\/{rel}","templated":true}]}}