{"id":155,"date":"2023-09-08T04:18:52","date_gmt":"2023-09-08T03:18:52","guid":{"rendered":"https:\/\/thucphamchayhoalacfood.com\/?post_type=product&#038;p=155"},"modified":"2025-07-20T07:29:48","modified_gmt":"2025-07-20T06:29:48","slug":"bao-tu-chay-an-lac-goi-160gr","status":"publish","type":"product","link":"https:\/\/thucphamchayhoalacfood.com\/index.php\/product\/bao-tu-chay-an-lac-goi-160gr\/","title":{"rendered":"Bao t\u1eed chay An L\u1ea1c g\u00f3i 160gr"},"content":{"rendered":"\n<p>Th\u00e0nh ph\u1ea7n : b\u1ed9t m\u00ec gia v\u1ecb chay<br>HDSD : R\u1ea2 \u0111\u00f4ng t\u1ef1 nhi\u00ean 30 ph\u00fat sau \u0111\u00f3 n\u1ea5u l\u1ea9u, x\u00e0o chi\u00ean , bao t\u1eed h\u1ea7m ti\u00eau tu\u1ef3 th\u00edch<br>b\u1ea3o qu\u1ea3n t\u1ee7 \u0111\u00f4ng<br>LH ::0969873871<br>Th\u1ef1c ph\u1ea9m chay hoa L\u1ea1c<br>33 tho\u1ea1i Ng\u1ecdc h\u1ea7u ho\u00e0 th\u1ea1nh T\u00e2n Phu<\/p>\n","protected":false},"excerpt":{"rendered":"<p>Th\u00e0nh ph\u1ea7n : b\u1ed9t m\u00ec gia v\u1ecb chayHDSD : R\u1ea2 \u0111\u00f4ng t\u1ef1 nhi\u00ean 30 ph\u00fat sau \u0111\u00f3 n\u1ea5u l\u1ea9u, x\u00e0o chi\u00ean , bao t\u1eed h\u1ea7m ti\u00eau tu\u1ef3 th\u00edchb\u1ea3o qu\u1ea3n t\u1ee7 \u0111\u00f4ngLH ::0969873871Th\u1ef1c ph\u1ea9m chay hoa L\u1ea1c33 tho\u1ea1i Ng\u1ecdc h\u1ea7u ho\u00e0 th\u1ea1nh T\u00e2n Phu<\/p>\n","protected":false},"featured_media":157,"comment_status":"open","ping_status":"closed","template":"","meta":{"om_disable_all_campaigns":false,"_monsterinsights_skip_tracking":false,"_monsterinsights_sitenote_active":false,"_monsterinsights_sitenote_note":"","_monsterinsights_sitenote_category":0},"product_cat":[24],"product_tag":[],"_links":{"self":[{"href":"https:\/\/thucphamchayhoalacfood.com\/index.php\/wp-json\/wp\/v2\/product\/155"}],"collection":[{"href":"https:\/\/thucphamchayhoalacfood.com\/index.php\/wp-json\/wp\/v2\/product"}],"about":[{"href":"https:\/\/thucphamchayhoalacfood.com\/index.php\/wp-json\/wp\/v2\/types\/product"}],"replies":[{"embeddable":true,"href":"https:\/\/thucphamchayhoalacfood.com\/index.php\/wp-json\/wp\/v2\/comments?post=155"}],"wp:featuredmedia":[{"embeddable":true,"href":"https:\/\/thucphamchayhoalacfood.com\/index.php\/wp-json\/wp\/v2\/media\/157"}],"wp:attachment":[{"href":"https:\/\/thucphamchayhoalacfood.com\/index.php\/wp-json\/wp\/v2\/media?parent=155"}],"wp:term":[{"taxonomy":"product_cat","embeddable":true,"href":"https:\/\/thucphamchayhoalacfood.com\/index.php\/wp-json\/wp\/v2\/product_cat?post=155"},{"taxonomy":"product_tag","embeddable":true,"href":"https:\/\/thucphamchayhoalacfood.com\/index.php\/wp-json\/wp\/v2\/product_tag?post=155"}],"curies":[{"name":"wp","href":"https:\/\/api.w.org\/{rel}","templated":true}]}}