{"id":1534,"date":"2023-09-26T06:29:19","date_gmt":"2023-09-26T05:29:19","guid":{"rendered":"https:\/\/thucphamchayhoalacfood.com\/index.php\/product\/san-pham-25\/"},"modified":"2024-09-05T11:10:07","modified_gmt":"2024-09-05T10:10:07","slug":"san-pham-25","status":"publish","type":"product","link":"https:\/\/thucphamchayhoalacfood.com\/index.php\/product\/san-pham-25\/","title":{"rendered":"M\u00ec x\u00fac x\u00edch th\u1ecbt \u00c2u L\u1ea1c chay 83gr\/goi"},"content":{"rendered":"<p>Th\u00e0nh ph\u1ea7n: b\u1ed9t m\u00ec , \u0111\u1ea1m \u0111\u1eadu n\u00e0nh gia v\u1ecb chay<\/p>\n","protected":false},"excerpt":{"rendered":"<p>Th\u00e0nh ph\u1ea7n: b\u1ed9t m\u00ec , \u0111\u1ea1m \u0111\u1eadu n\u00e0nh gia v\u1ecb chay<\/p>\n","protected":false},"featured_media":1535,"comment_status":"open","ping_status":"closed","template":"","meta":{"om_disable_all_campaigns":false,"_monsterinsights_skip_tracking":false,"_monsterinsights_sitenote_active":false,"_monsterinsights_sitenote_note":"","_monsterinsights_sitenote_category":0},"product_cat":[28],"product_tag":[],"_links":{"self":[{"href":"https:\/\/thucphamchayhoalacfood.com\/index.php\/wp-json\/wp\/v2\/product\/1534"}],"collection":[{"href":"https:\/\/thucphamchayhoalacfood.com\/index.php\/wp-json\/wp\/v2\/product"}],"about":[{"href":"https:\/\/thucphamchayhoalacfood.com\/index.php\/wp-json\/wp\/v2\/types\/product"}],"replies":[{"embeddable":true,"href":"https:\/\/thucphamchayhoalacfood.com\/index.php\/wp-json\/wp\/v2\/comments?post=1534"}],"wp:featuredmedia":[{"embeddable":true,"href":"https:\/\/thucphamchayhoalacfood.com\/index.php\/wp-json\/wp\/v2\/media\/1535"}],"wp:attachment":[{"href":"https:\/\/thucphamchayhoalacfood.com\/index.php\/wp-json\/wp\/v2\/media?parent=1534"}],"wp:term":[{"taxonomy":"product_cat","embeddable":true,"href":"https:\/\/thucphamchayhoalacfood.com\/index.php\/wp-json\/wp\/v2\/product_cat?post=1534"},{"taxonomy":"product_tag","embeddable":true,"href":"https:\/\/thucphamchayhoalacfood.com\/index.php\/wp-json\/wp\/v2\/product_tag?post=1534"}],"curies":[{"name":"wp","href":"https:\/\/api.w.org\/{rel}","templated":true}]}}