{"id":1527,"date":"2023-09-26T06:20:36","date_gmt":"2023-09-26T05:20:36","guid":{"rendered":"https:\/\/thucphamchayhoalacfood.com\/index.php\/product\/mi-thit-bong-ca-chay-au-lac-goi-72gr\/"},"modified":"2024-08-13T10:05:17","modified_gmt":"2024-08-13T09:05:17","slug":"mi-thit-bong-ca-chay-au-lac-goi-72gr","status":"publish","type":"product","link":"https:\/\/thucphamchayhoalacfood.com\/index.php\/product\/mi-thit-bong-ca-chay-au-lac-goi-72gr\/","title":{"rendered":"M\u00ec th\u1ecbt b\u00f3ng c\u00e1 chay \u00c2u L\u1ea1c g\u00f3i 72gr"},"content":{"rendered":"<p>Th\u00e0nh ph\u1ea7n :v\u1eaft m\u00ec : b\u1ed9t m\u00ec tinh b\u1ed9t khoai tay , \u0111\u1ea1m \u0111\u1eadu nanh gia v\u1ecb chay<\/p>\n","protected":false},"excerpt":{"rendered":"<p>Th\u00e0nh ph\u1ea7n :v\u1eaft m\u00ec : b\u1ed9t m\u00ec tinh b\u1ed9t khoai tay , \u0111\u1ea1m \u0111\u1eadu nanh gia v\u1ecb chay<\/p>\n","protected":false},"featured_media":1526,"comment_status":"open","ping_status":"closed","template":"","meta":{"om_disable_all_campaigns":false,"_monsterinsights_skip_tracking":false,"_monsterinsights_sitenote_active":false,"_monsterinsights_sitenote_note":"","_monsterinsights_sitenote_category":0},"product_cat":[28],"product_tag":[],"_links":{"self":[{"href":"https:\/\/thucphamchayhoalacfood.com\/index.php\/wp-json\/wp\/v2\/product\/1527"}],"collection":[{"href":"https:\/\/thucphamchayhoalacfood.com\/index.php\/wp-json\/wp\/v2\/product"}],"about":[{"href":"https:\/\/thucphamchayhoalacfood.com\/index.php\/wp-json\/wp\/v2\/types\/product"}],"replies":[{"embeddable":true,"href":"https:\/\/thucphamchayhoalacfood.com\/index.php\/wp-json\/wp\/v2\/comments?post=1527"}],"wp:featuredmedia":[{"embeddable":true,"href":"https:\/\/thucphamchayhoalacfood.com\/index.php\/wp-json\/wp\/v2\/media\/1526"}],"wp:attachment":[{"href":"https:\/\/thucphamchayhoalacfood.com\/index.php\/wp-json\/wp\/v2\/media?parent=1527"}],"wp:term":[{"taxonomy":"product_cat","embeddable":true,"href":"https:\/\/thucphamchayhoalacfood.com\/index.php\/wp-json\/wp\/v2\/product_cat?post=1527"},{"taxonomy":"product_tag","embeddable":true,"href":"https:\/\/thucphamchayhoalacfood.com\/index.php\/wp-json\/wp\/v2\/product_tag?post=1527"}],"curies":[{"name":"wp","href":"https:\/\/api.w.org\/{rel}","templated":true}]}}