{"id":1518,"date":"2023-09-24T14:14:48","date_gmt":"2023-09-24T13:14:48","guid":{"rendered":"https:\/\/thucphamchayhoalacfood.com\/index.php\/product\/san-pham-21\/"},"modified":"2025-06-07T11:01:14","modified_gmt":"2025-06-07T10:01:14","slug":"san-pham-21","status":"publish","type":"product","link":"https:\/\/thucphamchayhoalacfood.com\/index.php\/product\/san-pham-21\/","title":{"rendered":"H\u1ed3 l\u00f4 n\u01b0\u1edbng chay"},"content":{"rendered":"<p>H\u1ed3 l\u00f4 chay<\/p>\n<p>L\u00e2u l\u00e2u \u0111\u1ed5i m\u00f3n nh\u00e9 kh\u00e1ch<\/p>\n<p>Th\u00e0nh ph\u1ea7n : g\u1ed3m suon non , hamberger chay , gia v\u1ecb chay<\/p>\n<p>C\u00f3 n\u01b0\u1edbc s\u1ed1t k\u00e8m theo nua nhe<\/p>\n<p>\u0110ung \u0111\u1ec3 \u0103n c\u01a1m , b\u00e1nh m\u00ec , b\u00fan r\u1ea5t ngon nhe<\/p>\n","protected":false},"excerpt":{"rendered":"<p>H\u1ed3 l\u00f4 chay L\u00e2u l\u00e2u \u0111\u1ed5i m\u00f3n nh\u00e9 kh\u00e1ch Th\u00e0nh ph\u1ea7n : g\u1ed3m suon non , hamberger chay , gia v\u1ecb chay C\u00f3 n\u01b0\u1edbc s\u1ed1t k\u00e8m theo nua nhe \u0110ung \u0111\u1ec3 \u0103n c\u01a1m , b\u00e1nh m\u00ec , b\u00fan r\u1ea5t ngon nhe<\/p>\n","protected":false},"featured_media":1517,"comment_status":"open","ping_status":"closed","template":"","meta":{"om_disable_all_campaigns":false,"_monsterinsights_skip_tracking":false,"_monsterinsights_sitenote_active":false,"_monsterinsights_sitenote_note":"","_monsterinsights_sitenote_category":0},"product_cat":[24],"product_tag":[],"_links":{"self":[{"href":"https:\/\/thucphamchayhoalacfood.com\/index.php\/wp-json\/wp\/v2\/product\/1518"}],"collection":[{"href":"https:\/\/thucphamchayhoalacfood.com\/index.php\/wp-json\/wp\/v2\/product"}],"about":[{"href":"https:\/\/thucphamchayhoalacfood.com\/index.php\/wp-json\/wp\/v2\/types\/product"}],"replies":[{"embeddable":true,"href":"https:\/\/thucphamchayhoalacfood.com\/index.php\/wp-json\/wp\/v2\/comments?post=1518"}],"wp:featuredmedia":[{"embeddable":true,"href":"https:\/\/thucphamchayhoalacfood.com\/index.php\/wp-json\/wp\/v2\/media\/1517"}],"wp:attachment":[{"href":"https:\/\/thucphamchayhoalacfood.com\/index.php\/wp-json\/wp\/v2\/media?parent=1518"}],"wp:term":[{"taxonomy":"product_cat","embeddable":true,"href":"https:\/\/thucphamchayhoalacfood.com\/index.php\/wp-json\/wp\/v2\/product_cat?post=1518"},{"taxonomy":"product_tag","embeddable":true,"href":"https:\/\/thucphamchayhoalacfood.com\/index.php\/wp-json\/wp\/v2\/product_tag?post=1518"}],"curies":[{"name":"wp","href":"https:\/\/api.w.org\/{rel}","templated":true}]}}