{"id":151,"date":"2023-09-08T04:17:58","date_gmt":"2023-09-08T03:17:58","guid":{"rendered":"https:\/\/thucphamchayhoalacfood.com\/?post_type=product&#038;p=151"},"modified":"2025-06-07T11:13:39","modified_gmt":"2025-06-07T10:13:39","slug":"ca-keo-chay-phuong-loan-500gr","status":"publish","type":"product","link":"https:\/\/thucphamchayhoalacfood.com\/index.php\/product\/ca-keo-chay-phuong-loan-500gr\/","title":{"rendered":"C\u00e1 k\u00e8o chay Ph\u01b0\u01a1ng Loan 500gr"},"content":{"rendered":"\n<p>Th\u00e0nh ph\u1ea7n : \u0111\u1ea1m \u0111\u1eadu n\u00e0nh , rong bi\u1ec3n thu\u1ea7n chay<br>D\u00f9ng \u0111\u1ec3 kho t\u1ed9 , chi\u00ean r\u1ea5t ngon<br>h\u00e0ng \u0111\u00f4ng l\u1ea1nh ch\u1ec9 giao khu v\u1ef1c TpHcm<br>33 tho\u1ea1i Ng\u1ecdc H\u1ea7u ho\u00e0 th\u1ea1nh t\u00e2n Ph\u00fa<br>Th\u1ef1c ph\u1ea9m chay Hoa L\u1ea1c<br>0969873871<\/p>\n","protected":false},"excerpt":{"rendered":"<p>Th\u00e0nh ph\u1ea7n : \u0111\u1ea1m \u0111\u1eadu n\u00e0nh , rong bi\u1ec3n thu\u1ea7n chayD\u00f9ng \u0111\u1ec3 kho t\u1ed9 , chi\u00ean r\u1ea5t ngonh\u00e0ng \u0111\u00f4ng l\u1ea1nh ch\u1ec9 giao khu v\u1ef1c TpHcm33 tho\u1ea1i Ng\u1ecdc H\u1ea7u ho\u00e0 th\u1ea1nh t\u00e2n Ph\u00faTh\u1ef1c ph\u1ea9m chay Hoa L\u1ea1c0969873871<\/p>\n","protected":false},"featured_media":153,"comment_status":"open","ping_status":"closed","template":"","meta":{"om_disable_all_campaigns":false,"_monsterinsights_skip_tracking":false,"_monsterinsights_sitenote_active":false,"_monsterinsights_sitenote_note":"","_monsterinsights_sitenote_category":0},"product_cat":[34],"product_tag":[],"_links":{"self":[{"href":"https:\/\/thucphamchayhoalacfood.com\/index.php\/wp-json\/wp\/v2\/product\/151"}],"collection":[{"href":"https:\/\/thucphamchayhoalacfood.com\/index.php\/wp-json\/wp\/v2\/product"}],"about":[{"href":"https:\/\/thucphamchayhoalacfood.com\/index.php\/wp-json\/wp\/v2\/types\/product"}],"replies":[{"embeddable":true,"href":"https:\/\/thucphamchayhoalacfood.com\/index.php\/wp-json\/wp\/v2\/comments?post=151"}],"wp:featuredmedia":[{"embeddable":true,"href":"https:\/\/thucphamchayhoalacfood.com\/index.php\/wp-json\/wp\/v2\/media\/153"}],"wp:attachment":[{"href":"https:\/\/thucphamchayhoalacfood.com\/index.php\/wp-json\/wp\/v2\/media?parent=151"}],"wp:term":[{"taxonomy":"product_cat","embeddable":true,"href":"https:\/\/thucphamchayhoalacfood.com\/index.php\/wp-json\/wp\/v2\/product_cat?post=151"},{"taxonomy":"product_tag","embeddable":true,"href":"https:\/\/thucphamchayhoalacfood.com\/index.php\/wp-json\/wp\/v2\/product_tag?post=151"}],"curies":[{"name":"wp","href":"https:\/\/api.w.org\/{rel}","templated":true}]}}