{"id":150,"date":"2023-09-08T04:17:07","date_gmt":"2023-09-08T03:17:07","guid":{"rendered":"https:\/\/thucphamchayhoalacfood.com\/?post_type=product&#038;p=150"},"modified":"2025-09-26T04:57:12","modified_gmt":"2025-09-26T03:57:12","slug":"banh-gio-chay","status":"publish","type":"product","link":"https:\/\/thucphamchayhoalacfood.com\/index.php\/product\/banh-gio-chay\/","title":{"rendered":"B\u00e1nh gi\u00f2 chay 4 c\u00e2i"},"content":{"rendered":"\n<p>B\u00e1nh gi\u00f2 chay c\u1ea3 nh\u00e0 \u01a1i<br>B\u00e1nh tr\u1eef \u0111\u00f4ng \u0111\u1ec3 dc 1-2 th\u00e1ng n\u00ean c\u1ea3 nh\u00e0 c\u00f3 th\u1ec3 mua \u0111\u1ec3 d\u00f9ng d\u1ea7n nh\u00e9<br>B\u00e1nh t\u1ea7m 1kg 3-1kg 5 \/10 c\u00e1i \u1ea1<br>Nh\u00e2n n\u1ea5m m\u00e8o , t\u00e0u h\u1ee7 ki ngon l\u1eafm<br>Em b\u00e1n khoong k\u00e8m n\u01b0\u1edbc ch\u1ea5m nh\u00e9<\/p>\n\n\n\n<p>Lh 0969873871<br>Thuc ph\u1ea9m chay hoa L\u1ea1c<br>33 tho\u1ea1i Ng\u1ecdc H\u1ea7u Ho\u00e0 Th\u1ea1nh T\u00e2n Ph\u00fa<\/p>\n","protected":false},"excerpt":{"rendered":"<p>B\u00e1nh gi\u00f2 chay c\u1ea3 nh\u00e0 \u01a1iB\u00e1nh tr\u1eef \u0111\u00f4ng \u0111\u1ec3 dc 1-2 th\u00e1ng n\u00ean c\u1ea3 nh\u00e0 c\u00f3 th\u1ec3 mua \u0111\u1ec3 d\u00f9ng d\u1ea7n nh\u00e9B\u00e1nh t\u1ea7m 1kg 3-1kg 5 \/10 c\u00e1i \u1ea1Nh\u00e2n n\u1ea5m m\u00e8o , t\u00e0u h\u1ee7 ki ngon l\u1eafmEm b\u00e1n khoong k\u00e8m n\u01b0\u1edbc ch\u1ea5m nh\u00e9 Lh 0969873871Thuc ph\u1ea9m chay hoa L\u1ea1c33 tho\u1ea1i Ng\u1ecdc H\u1ea7u Ho\u00e0 Th\u1ea1nh T\u00e2n &hellip; <\/p>\n<div class=\"link-more text-center\"><a href=\"https:\/\/thucphamchayhoalacfood.com\/index.php\/product\/banh-gio-chay\/\" class=\"more-link py-2 px-4\">Read More<span class=\"screen-reader-text\"> &#8220;B\u00e1nh gi\u00f2 chay 4 c\u00e2i&#8221;<\/span><\/a><\/div>\n","protected":false},"featured_media":1815,"comment_status":"open","ping_status":"closed","template":"","meta":{"om_disable_all_campaigns":false,"_monsterinsights_skip_tracking":false,"_monsterinsights_sitenote_active":false,"_monsterinsights_sitenote_note":"","_monsterinsights_sitenote_category":0},"product_cat":[30],"product_tag":[],"_links":{"self":[{"href":"https:\/\/thucphamchayhoalacfood.com\/index.php\/wp-json\/wp\/v2\/product\/150"}],"collection":[{"href":"https:\/\/thucphamchayhoalacfood.com\/index.php\/wp-json\/wp\/v2\/product"}],"about":[{"href":"https:\/\/thucphamchayhoalacfood.com\/index.php\/wp-json\/wp\/v2\/types\/product"}],"replies":[{"embeddable":true,"href":"https:\/\/thucphamchayhoalacfood.com\/index.php\/wp-json\/wp\/v2\/comments?post=150"}],"wp:featuredmedia":[{"embeddable":true,"href":"https:\/\/thucphamchayhoalacfood.com\/index.php\/wp-json\/wp\/v2\/media\/1815"}],"wp:attachment":[{"href":"https:\/\/thucphamchayhoalacfood.com\/index.php\/wp-json\/wp\/v2\/media?parent=150"}],"wp:term":[{"taxonomy":"product_cat","embeddable":true,"href":"https:\/\/thucphamchayhoalacfood.com\/index.php\/wp-json\/wp\/v2\/product_cat?post=150"},{"taxonomy":"product_tag","embeddable":true,"href":"https:\/\/thucphamchayhoalacfood.com\/index.php\/wp-json\/wp\/v2\/product_tag?post=150"}],"curies":[{"name":"wp","href":"https:\/\/api.w.org\/{rel}","templated":true}]}}