{"id":1407,"date":"2023-09-23T12:15:29","date_gmt":"2023-09-23T11:15:29","guid":{"rendered":"https:\/\/thucphamchayhoalacfood.com\/index.php\/product\/ca-moi-au-lac-chay-150gr\/"},"modified":"2025-07-18T14:18:25","modified_gmt":"2025-07-18T13:18:25","slug":"ca-moi-au-lac-chay-150gr","status":"publish","type":"product","link":"https:\/\/thucphamchayhoalacfood.com\/index.php\/product\/ca-moi-au-lac-chay-150gr\/","title":{"rendered":"C\u00e1 m\u1ed3i \u00c2u L\u1ea1c chay 150gr"},"content":{"rendered":"<p>M\u00f3n \u0103n \u0111\u01a1n gi\u1ea3n d\u1ec5 l\u00e0m cho nh\u1eefng ng\u00e0y b\u1eadn r\u1ed9n kh\u00f4ng bi\u1ebft \u0103n g\u00ec<\/p>\n<p>:B  C\u00c1 M\u1ed2I S\u1ed0T C\u00c0 CHUA CHAY  :B<\/p>\n<p>Th\u00e0nh ph\u1ea7n :g\u1ed3m \u0111\u1eadu n\u00e0nh , b\u1ed9t m\u00ec , tinh b\u1ed9t b\u1eafp , c\u00e0 chua v\u00e0 gia v\u1ecb thu\u1ea7n chay<\/p>\n<p>D\u00f9ng \u0111\u1ec3 \u0103n c\u01a1m hay b\u00e1nh m\u00ec \u0111\u1ec1u ngon \u2026<\/p>\n<p>Ti\u1ec7n l\u1ee3i 1 h\u1ee7 dc 2 mi\u1ebfng to \u0111\u00f9ng<\/p>\n<p>Ngon l\u1eafm c\u1ea3 nh\u00e0 \u01a1i<\/p>\n<p>H\u1ed1t li\u1ec1n \u0111\u1ec3 d\u00e0nh \u0103n<\/p>\n<p>Mu\u1ed1n \u0103n dai th\u00ec ch\u1ecdn h\u1ed9p m\u00e0u v\u00e0ng<\/p>\n<p>C\u00f2n m\u1ec1m th\u00ec ch\u1ecdn h\u1ed9p m\u00e0u \u0111\u1ecf nh\u00e9<\/p>\n<p>Hsd 1 n\u0103m l\u1eadn ne<\/p>\n<p>Lh 0969873871<\/p>\n<p>Th\u1ef1c ph\u1ea9m chay Hoa L\u1ea1c<\/p>\n<p>33 tho\u1ea1i Ng\u1ecdc H\u1ea7u Ho\u00e0 Th\u1ea1nh T\u00e2n ph\u00fa<\/p>\n","protected":false},"excerpt":{"rendered":"<p>M\u00f3n \u0103n \u0111\u01a1n gi\u1ea3n d\u1ec5 l\u00e0m cho nh\u1eefng ng\u00e0y b\u1eadn r\u1ed9n kh\u00f4ng bi\u1ebft \u0103n g\u00ec :B C\u00c1 M\u1ed2I S\u1ed0T C\u00c0 CHUA CHAY :B Th\u00e0nh ph\u1ea7n :g\u1ed3m \u0111\u1eadu n\u00e0nh , b\u1ed9t m\u00ec , tinh b\u1ed9t b\u1eafp , c\u00e0 chua v\u00e0 gia v\u1ecb thu\u1ea7n chay D\u00f9ng \u0111\u1ec3 \u0103n c\u01a1m hay b\u00e1nh m\u00ec \u0111\u1ec1u ngon \u2026 Ti\u1ec7n l\u1ee3i &hellip; <\/p>\n<div class=\"link-more text-center\"><a href=\"https:\/\/thucphamchayhoalacfood.com\/index.php\/product\/ca-moi-au-lac-chay-150gr\/\" class=\"more-link py-2 px-4\">Read More<span class=\"screen-reader-text\"> &#8220;C\u00e1 m\u1ed3i \u00c2u L\u1ea1c chay 150gr&#8221;<\/span><\/a><\/div>\n","protected":false},"featured_media":1405,"comment_status":"open","ping_status":"closed","template":"","meta":{"om_disable_all_campaigns":false,"_monsterinsights_skip_tracking":false,"_monsterinsights_sitenote_active":false,"_monsterinsights_sitenote_note":"","_monsterinsights_sitenote_category":0},"product_cat":[26],"product_tag":[],"_links":{"self":[{"href":"https:\/\/thucphamchayhoalacfood.com\/index.php\/wp-json\/wp\/v2\/product\/1407"}],"collection":[{"href":"https:\/\/thucphamchayhoalacfood.com\/index.php\/wp-json\/wp\/v2\/product"}],"about":[{"href":"https:\/\/thucphamchayhoalacfood.com\/index.php\/wp-json\/wp\/v2\/types\/product"}],"replies":[{"embeddable":true,"href":"https:\/\/thucphamchayhoalacfood.com\/index.php\/wp-json\/wp\/v2\/comments?post=1407"}],"wp:featuredmedia":[{"embeddable":true,"href":"https:\/\/thucphamchayhoalacfood.com\/index.php\/wp-json\/wp\/v2\/media\/1405"}],"wp:attachment":[{"href":"https:\/\/thucphamchayhoalacfood.com\/index.php\/wp-json\/wp\/v2\/media?parent=1407"}],"wp:term":[{"taxonomy":"product_cat","embeddable":true,"href":"https:\/\/thucphamchayhoalacfood.com\/index.php\/wp-json\/wp\/v2\/product_cat?post=1407"},{"taxonomy":"product_tag","embeddable":true,"href":"https:\/\/thucphamchayhoalacfood.com\/index.php\/wp-json\/wp\/v2\/product_tag?post=1407"}],"curies":[{"name":"wp","href":"https:\/\/api.w.org\/{rel}","templated":true}]}}