{"id":1404,"date":"2023-09-23T12:13:41","date_gmt":"2023-09-23T11:13:41","guid":{"rendered":"https:\/\/thucphamchayhoalacfood.com\/index.php\/product\/cha-bong-nam-au-lac-100gr\/"},"modified":"2025-07-18T14:24:54","modified_gmt":"2025-07-18T13:24:54","slug":"cha-bong-nam-au-lac-100gr","status":"publish","type":"product","link":"https:\/\/thucphamchayhoalacfood.com\/index.php\/product\/cha-bong-nam-au-lac-100gr\/","title":{"rendered":"Ch\u00e0 b\u00f4ng n\u1ea5m \u00c2u L\u1ea1c 100gr"},"content":{"rendered":"<p>Ch\u00e0 b\u00f4ng n\u1ea5m<\/p>\n<p>Kh\u00f4ng ch\u1ea5t b\u1ea3o quan<\/p>\n<p>Tp .Mu\u1ed1i H\u1ea1t n\u00eam Ti\u00eau n\u1ea5m<\/p>\n<p>D\u00f9ng \u0111\u1ec3 \u0103n c\u01a1m x\u00f4i , b\u00e1nh m\u00ec r\u1ea5t ngon c\u1ea3 nh\u00e0 \u1ea1<\/p>\n<p>An v\u1edbi kh\u1ed5 qua gi\u1ed1ng em nh\u01b0 v ngon tuyet<\/p>\n<p>Lh 0969873871<\/p>\n","protected":false},"excerpt":{"rendered":"<p>Ch\u00e0 b\u00f4ng n\u1ea5m Kh\u00f4ng ch\u1ea5t b\u1ea3o quan Tp .Mu\u1ed1i H\u1ea1t n\u00eam Ti\u00eau n\u1ea5m D\u00f9ng \u0111\u1ec3 \u0103n c\u01a1m x\u00f4i , b\u00e1nh m\u00ec r\u1ea5t ngon c\u1ea3 nh\u00e0 \u1ea1 An v\u1edbi kh\u1ed5 qua gi\u1ed1ng em nh\u01b0 v ngon tuyet Lh 0969873871<\/p>\n","protected":false},"featured_media":1402,"comment_status":"open","ping_status":"closed","template":"","meta":{"om_disable_all_campaigns":false,"_monsterinsights_skip_tracking":false,"_monsterinsights_sitenote_active":false,"_monsterinsights_sitenote_note":"","_monsterinsights_sitenote_category":0},"product_cat":[26],"product_tag":[],"_links":{"self":[{"href":"https:\/\/thucphamchayhoalacfood.com\/index.php\/wp-json\/wp\/v2\/product\/1404"}],"collection":[{"href":"https:\/\/thucphamchayhoalacfood.com\/index.php\/wp-json\/wp\/v2\/product"}],"about":[{"href":"https:\/\/thucphamchayhoalacfood.com\/index.php\/wp-json\/wp\/v2\/types\/product"}],"replies":[{"embeddable":true,"href":"https:\/\/thucphamchayhoalacfood.com\/index.php\/wp-json\/wp\/v2\/comments?post=1404"}],"wp:featuredmedia":[{"embeddable":true,"href":"https:\/\/thucphamchayhoalacfood.com\/index.php\/wp-json\/wp\/v2\/media\/1402"}],"wp:attachment":[{"href":"https:\/\/thucphamchayhoalacfood.com\/index.php\/wp-json\/wp\/v2\/media?parent=1404"}],"wp:term":[{"taxonomy":"product_cat","embeddable":true,"href":"https:\/\/thucphamchayhoalacfood.com\/index.php\/wp-json\/wp\/v2\/product_cat?post=1404"},{"taxonomy":"product_tag","embeddable":true,"href":"https:\/\/thucphamchayhoalacfood.com\/index.php\/wp-json\/wp\/v2\/product_tag?post=1404"}],"curies":[{"name":"wp","href":"https:\/\/api.w.org\/{rel}","templated":true}]}}