{"id":1401,"date":"2023-09-23T12:10:10","date_gmt":"2023-09-23T11:10:10","guid":{"rendered":"https:\/\/thucphamchayhoalacfood.com\/index.php\/product\/kho-ca-me-hoa-lac-chay-500gr\/"},"modified":"2023-09-23T12:10:21","modified_gmt":"2023-09-23T11:10:21","slug":"kho-ca-me-hoa-lac-chay-500gr","status":"publish","type":"product","link":"https:\/\/thucphamchayhoalacfood.com\/index.php\/product\/kho-ca-me-hoa-lac-chay-500gr\/","title":{"rendered":"Kh\u00f4 c\u00e1 m\u00e8 Hoa L\u1ea1c chay 500gr"},"content":{"rendered":"<p>Kh\u00f4 c\u00e1 m\u00e8 chay<\/p>\n<p>Th\u00e0nh ph\u1ea7n : s\u01b0\u1eddn non chi\u00ean gi\u00f2n th\u00eam m\u00e8 v\u1ecb b\u00e9o b\u00e9o \u0103n r\u1ea5t ngon nh\u00e9<\/p>\n<p>Lh 0969873871<\/p>\n<p>Th\u1ef1c ph\u1ea9m chay Hoa L\u1ea1c<\/p>\n","protected":false},"excerpt":{"rendered":"<p>Kh\u00f4 c\u00e1 m\u00e8 chay Th\u00e0nh ph\u1ea7n : s\u01b0\u1eddn non chi\u00ean gi\u00f2n th\u00eam m\u00e8 v\u1ecb b\u00e9o b\u00e9o \u0103n r\u1ea5t ngon nh\u00e9 Lh 0969873871 Th\u1ef1c ph\u1ea9m chay Hoa L\u1ea1c<\/p>\n","protected":false},"featured_media":1399,"comment_status":"open","ping_status":"closed","template":"","meta":{"om_disable_all_campaigns":false,"_monsterinsights_skip_tracking":false,"_monsterinsights_sitenote_active":false,"_monsterinsights_sitenote_note":"","_monsterinsights_sitenote_category":0},"product_cat":[27],"product_tag":[],"_links":{"self":[{"href":"https:\/\/thucphamchayhoalacfood.com\/index.php\/wp-json\/wp\/v2\/product\/1401"}],"collection":[{"href":"https:\/\/thucphamchayhoalacfood.com\/index.php\/wp-json\/wp\/v2\/product"}],"about":[{"href":"https:\/\/thucphamchayhoalacfood.com\/index.php\/wp-json\/wp\/v2\/types\/product"}],"replies":[{"embeddable":true,"href":"https:\/\/thucphamchayhoalacfood.com\/index.php\/wp-json\/wp\/v2\/comments?post=1401"}],"wp:featuredmedia":[{"embeddable":true,"href":"https:\/\/thucphamchayhoalacfood.com\/index.php\/wp-json\/wp\/v2\/media\/1399"}],"wp:attachment":[{"href":"https:\/\/thucphamchayhoalacfood.com\/index.php\/wp-json\/wp\/v2\/media?parent=1401"}],"wp:term":[{"taxonomy":"product_cat","embeddable":true,"href":"https:\/\/thucphamchayhoalacfood.com\/index.php\/wp-json\/wp\/v2\/product_cat?post=1401"},{"taxonomy":"product_tag","embeddable":true,"href":"https:\/\/thucphamchayhoalacfood.com\/index.php\/wp-json\/wp\/v2\/product_tag?post=1401"}],"curies":[{"name":"wp","href":"https:\/\/api.w.org\/{rel}","templated":true}]}}