{"id":1393,"date":"2023-09-23T10:31:24","date_gmt":"2023-09-23T09:31:24","guid":{"rendered":"https:\/\/thucphamchayhoalacfood.com\/index.php\/product\/suon-non-say-gion-500gr\/"},"modified":"2023-09-23T10:31:35","modified_gmt":"2023-09-23T09:31:35","slug":"suon-non-say-gion-500gr","status":"publish","type":"product","link":"https:\/\/thucphamchayhoalacfood.com\/index.php\/product\/suon-non-say-gion-500gr\/","title":{"rendered":"Suon non s\u1ea5y gi\u00f2n 500gr"},"content":{"rendered":"<p>Suon non s\u1ea5y gi\u00f2n 500gr<\/p>\n<p>\u0110\u00e3 t\u1eb5m \u01b0\u1edbp gia v\u1ecb v\u1ec1 ch\u1ec9 c\u1ea7n x\u00e9 bao l\u00e0 d\u00f9ng \u0111\u01b0\u1ee3c<\/p>\n","protected":false},"excerpt":{"rendered":"<p>Suon non s\u1ea5y gi\u00f2n 500gr \u0110\u00e3 t\u1eb5m \u01b0\u1edbp gia v\u1ecb v\u1ec1 ch\u1ec9 c\u1ea7n x\u00e9 bao l\u00e0 d\u00f9ng \u0111\u01b0\u1ee3c<\/p>\n","protected":false},"featured_media":1392,"comment_status":"open","ping_status":"closed","template":"","meta":{"om_disable_all_campaigns":false,"_monsterinsights_skip_tracking":false,"_monsterinsights_sitenote_active":false,"_monsterinsights_sitenote_note":"","_monsterinsights_sitenote_category":0},"product_cat":[27],"product_tag":[],"_links":{"self":[{"href":"https:\/\/thucphamchayhoalacfood.com\/index.php\/wp-json\/wp\/v2\/product\/1393"}],"collection":[{"href":"https:\/\/thucphamchayhoalacfood.com\/index.php\/wp-json\/wp\/v2\/product"}],"about":[{"href":"https:\/\/thucphamchayhoalacfood.com\/index.php\/wp-json\/wp\/v2\/types\/product"}],"replies":[{"embeddable":true,"href":"https:\/\/thucphamchayhoalacfood.com\/index.php\/wp-json\/wp\/v2\/comments?post=1393"}],"wp:featuredmedia":[{"embeddable":true,"href":"https:\/\/thucphamchayhoalacfood.com\/index.php\/wp-json\/wp\/v2\/media\/1392"}],"wp:attachment":[{"href":"https:\/\/thucphamchayhoalacfood.com\/index.php\/wp-json\/wp\/v2\/media?parent=1393"}],"wp:term":[{"taxonomy":"product_cat","embeddable":true,"href":"https:\/\/thucphamchayhoalacfood.com\/index.php\/wp-json\/wp\/v2\/product_cat?post=1393"},{"taxonomy":"product_tag","embeddable":true,"href":"https:\/\/thucphamchayhoalacfood.com\/index.php\/wp-json\/wp\/v2\/product_tag?post=1393"}],"curies":[{"name":"wp","href":"https:\/\/api.w.org\/{rel}","templated":true}]}}