{"id":1391,"date":"2023-09-23T10:28:25","date_gmt":"2023-09-23T09:28:25","guid":{"rendered":"https:\/\/thucphamchayhoalacfood.com\/index.php\/product\/xuc-xich-tiet-trung-hai-san-chay-150gr-5-cay\/"},"modified":"2023-09-23T10:28:33","modified_gmt":"2023-09-23T09:28:33","slug":"xuc-xich-tiet-trung-hai-san-chay-150gr-5-cay","status":"publish","type":"product","link":"https:\/\/thucphamchayhoalacfood.com\/index.php\/product\/xuc-xich-tiet-trung-hai-san-chay-150gr-5-cay\/","title":{"rendered":"X\u00fac x\u00edch ti\u1ec7t tr\u00f9ng H\u1ea3i s\u1ea3n chay 150gr 5 cay"},"content":{"rendered":"<p>Th\u00e0nh ph\u00e2n \u0111\u1ea1m \u0111\u1eadu anh gia v\u1ecb chay<\/p>\n","protected":false},"excerpt":{"rendered":"<p>Th\u00e0nh ph\u00e2n \u0111\u1ea1m \u0111\u1eadu anh gia v\u1ecb chay<\/p>\n","protected":false},"featured_media":1390,"comment_status":"open","ping_status":"closed","template":"","meta":{"om_disable_all_campaigns":false,"_monsterinsights_skip_tracking":false,"_monsterinsights_sitenote_active":false,"_monsterinsights_sitenote_note":"","_monsterinsights_sitenote_category":0},"product_cat":[27],"product_tag":[],"_links":{"self":[{"href":"https:\/\/thucphamchayhoalacfood.com\/index.php\/wp-json\/wp\/v2\/product\/1391"}],"collection":[{"href":"https:\/\/thucphamchayhoalacfood.com\/index.php\/wp-json\/wp\/v2\/product"}],"about":[{"href":"https:\/\/thucphamchayhoalacfood.com\/index.php\/wp-json\/wp\/v2\/types\/product"}],"replies":[{"embeddable":true,"href":"https:\/\/thucphamchayhoalacfood.com\/index.php\/wp-json\/wp\/v2\/comments?post=1391"}],"wp:featuredmedia":[{"embeddable":true,"href":"https:\/\/thucphamchayhoalacfood.com\/index.php\/wp-json\/wp\/v2\/media\/1390"}],"wp:attachment":[{"href":"https:\/\/thucphamchayhoalacfood.com\/index.php\/wp-json\/wp\/v2\/media?parent=1391"}],"wp:term":[{"taxonomy":"product_cat","embeddable":true,"href":"https:\/\/thucphamchayhoalacfood.com\/index.php\/wp-json\/wp\/v2\/product_cat?post=1391"},{"taxonomy":"product_tag","embeddable":true,"href":"https:\/\/thucphamchayhoalacfood.com\/index.php\/wp-json\/wp\/v2\/product_tag?post=1391"}],"curies":[{"name":"wp","href":"https:\/\/api.w.org\/{rel}","templated":true}]}}