{"id":1389,"date":"2023-09-23T10:26:14","date_gmt":"2023-09-23T09:26:14","guid":{"rendered":"https:\/\/thucphamchayhoalacfood.com\/index.php\/product\/muc-rim-say-hoa-lac-100gr\/"},"modified":"2025-07-18T14:41:38","modified_gmt":"2025-07-18T13:41:38","slug":"muc-rim-say-hoa-lac-100gr","status":"publish","type":"product","link":"https:\/\/thucphamchayhoalacfood.com\/index.php\/product\/muc-rim-say-hoa-lac-100gr\/","title":{"rendered":"M\u1ef1c rim s\u1ea5y Hoa L\u1ea1c 100gr"},"content":{"rendered":"<p>M\u1ef1c rim s\u1ea5y 1 n\u1eafng chay Hoa L\u1ea1c ( h\u00e0ng \u0103n li\u1ec1n )<\/p>\n<p>Th\u00e0nh ph\u1ea7n : \u0111\u1ea1m \u0111\u1eadu n\u00e0nh ,gia v\u1ecb thu\u1ea7n chay kh\u00f4 dai th\u01a1m ngon<\/p>\n<p>Kh\u00f4 v\u1ecb v\u1eeba \u0103n , kh\u00f4ng m\u1eb7n kh\u00f4ng ng\u1ecdt<\/p>\n<p>\u0102n d\u1ec5 b\u1ecb ghi\u1ec1n nh\u00e9 c\u1ea3 nh\u00e0<\/p>\n<p>Kh\u00f4 m\u1ef1c rim th\u00ec c\u00f3 th\u1ec3 tr\u1ed9n g\u1ecfi , \u0103n v\u1edbt c\u01a1m hoac \u0103n li\u1ec1n r\u1ea5t ngon , c\u00f3 th\u1ec3 tr\u1ed9n v\u1edbi b\u00e1nh tr\u00e1ng nh\u00e9<\/p>\n<p>Lh 0969873871<\/p>\n<p>Th\u1ef1c ph\u1ea9m chay hoa L\u1ea1c<\/p>\n<p>33 tho\u1ea1i Ng\u1ecdc h\u1ea7u hoac th\u1ea1nh T\u00e2n ph\u00fa<\/p>\n","protected":false},"excerpt":{"rendered":"<p>M\u1ef1c rim s\u1ea5y 1 n\u1eafng chay Hoa L\u1ea1c ( h\u00e0ng \u0103n li\u1ec1n ) Th\u00e0nh ph\u1ea7n : \u0111\u1ea1m \u0111\u1eadu n\u00e0nh ,gia v\u1ecb thu\u1ea7n chay kh\u00f4 dai th\u01a1m ngon Kh\u00f4 v\u1ecb v\u1eeba \u0103n , kh\u00f4ng m\u1eb7n kh\u00f4ng ng\u1ecdt \u0102n d\u1ec5 b\u1ecb ghi\u1ec1n nh\u00e9 c\u1ea3 nh\u00e0 Kh\u00f4 m\u1ef1c rim th\u00ec c\u00f3 th\u1ec3 tr\u1ed9n g\u1ecfi , \u0103n v\u1edbt c\u01a1m &hellip; <\/p>\n<div class=\"link-more text-center\"><a href=\"https:\/\/thucphamchayhoalacfood.com\/index.php\/product\/muc-rim-say-hoa-lac-100gr\/\" class=\"more-link py-2 px-4\">Read More<span class=\"screen-reader-text\"> &#8220;M\u1ef1c rim s\u1ea5y Hoa L\u1ea1c 100gr&#8221;<\/span><\/a><\/div>\n","protected":false},"featured_media":2037,"comment_status":"open","ping_status":"closed","template":"","meta":{"om_disable_all_campaigns":false,"_monsterinsights_skip_tracking":false,"_monsterinsights_sitenote_active":false,"_monsterinsights_sitenote_note":"","_monsterinsights_sitenote_category":0},"product_cat":[27],"product_tag":[],"_links":{"self":[{"href":"https:\/\/thucphamchayhoalacfood.com\/index.php\/wp-json\/wp\/v2\/product\/1389"}],"collection":[{"href":"https:\/\/thucphamchayhoalacfood.com\/index.php\/wp-json\/wp\/v2\/product"}],"about":[{"href":"https:\/\/thucphamchayhoalacfood.com\/index.php\/wp-json\/wp\/v2\/types\/product"}],"replies":[{"embeddable":true,"href":"https:\/\/thucphamchayhoalacfood.com\/index.php\/wp-json\/wp\/v2\/comments?post=1389"}],"wp:featuredmedia":[{"embeddable":true,"href":"https:\/\/thucphamchayhoalacfood.com\/index.php\/wp-json\/wp\/v2\/media\/2037"}],"wp:attachment":[{"href":"https:\/\/thucphamchayhoalacfood.com\/index.php\/wp-json\/wp\/v2\/media?parent=1389"}],"wp:term":[{"taxonomy":"product_cat","embeddable":true,"href":"https:\/\/thucphamchayhoalacfood.com\/index.php\/wp-json\/wp\/v2\/product_cat?post=1389"},{"taxonomy":"product_tag","embeddable":true,"href":"https:\/\/thucphamchayhoalacfood.com\/index.php\/wp-json\/wp\/v2\/product_tag?post=1389"}],"curies":[{"name":"wp","href":"https:\/\/api.w.org\/{rel}","templated":true}]}}