{"id":1378,"date":"2023-09-21T09:49:18","date_gmt":"2023-09-21T08:49:18","guid":{"rendered":"https:\/\/thucphamchayhoalacfood.com\/index.php\/product\/trung-op-la-chay-vy-6-trung\/"},"modified":"2025-07-20T07:45:25","modified_gmt":"2025-07-20T06:45:25","slug":"trung-op-la-chay-vy-6-trung","status":"publish","type":"product","link":"https:\/\/thucphamchayhoalacfood.com\/index.php\/product\/trung-op-la-chay-vy-6-trung\/","title":{"rendered":"Trung \u1ed1p La chay v\u1ef9 4 tr\u1ee9ng"},"content":{"rendered":"<p>\u1ed0P LA THU\u1ea6N CHAY<\/p>\n<p>\u2764\ufe0f<\/p>\n<p>\ud83e\udd57 TH\u00c0NH PH\u1ea6N: \u0110\u1ea1m \u0111\u1eadu n\u00e0nh, \u0111\u1eadu xanh, b\u00ed \u0111\u1ecf, s\u1eefa th\u1ef1c v\u1eadt, d\u1ea7u \u00f4 liu, mu\u1ed1i, n\u01b0\u1edbc.<\/p>\n<p>\ud83e\udd57 HDSD: Chi\u00ean v\u00e0ng v\u1edbi l\u1eeda nh\u1ecf, th\u00eam mu\u1ed1i ti\u00eau hay x\u00ec d\u1ea7u, t\u01b0\u01a1ng \u1edbt, t\u01b0\u01a1ng c\u00e0 tu\u1ef3 th\u00edch, d\u00f9ng \u0103n v\u1edbi b\u00e1nh m\u1ef3, c\u01a1m t\u1ea5m, m\u00f3n cu\u1ed1n v\u1edbi rau th\u01a1m hay d\u00f9ng trong c\u00e1c m\u00f3n x\u00e0o..<\/p>\n<p>\ud83e\udd57 B\u1ea2O QU\u1ea2N: ng\u0103n \u0111\u00f4ng t\u1ee7 l\u1ea1nh<\/p>\n<p>Lh 0969873871<\/p>\n<p>Th\u1ef1c ph\u1ea9m chay Hoa L\u1ea1c<\/p>\n<p>Dc 33 tho\u1ea1i Ng\u1ecdc h\u1ea7u h\u00f2 th\u00e0nh T\u00e2n phu tphcm<\/p>\n","protected":false},"excerpt":{"rendered":"<p>\u1ed0P LA THU\u1ea6N CHAY \u2764\ufe0f \ud83e\udd57 TH\u00c0NH PH\u1ea6N: \u0110\u1ea1m \u0111\u1eadu n\u00e0nh, \u0111\u1eadu xanh, b\u00ed \u0111\u1ecf, s\u1eefa th\u1ef1c v\u1eadt, d\u1ea7u \u00f4 liu, mu\u1ed1i, n\u01b0\u1edbc. \ud83e\udd57 HDSD: Chi\u00ean v\u00e0ng v\u1edbi l\u1eeda nh\u1ecf, th\u00eam mu\u1ed1i ti\u00eau hay x\u00ec d\u1ea7u, t\u01b0\u01a1ng \u1edbt, t\u01b0\u01a1ng c\u00e0 tu\u1ef3 th\u00edch, d\u00f9ng \u0103n v\u1edbi b\u00e1nh m\u1ef3, c\u01a1m t\u1ea5m, m\u00f3n cu\u1ed1n v\u1edbi rau th\u01a1m hay &hellip; <\/p>\n<div class=\"link-more text-center\"><a href=\"https:\/\/thucphamchayhoalacfood.com\/index.php\/product\/trung-op-la-chay-vy-6-trung\/\" class=\"more-link py-2 px-4\">Read More<span class=\"screen-reader-text\"> &#8220;Trung \u1ed1p La chay v\u1ef9 4 tr\u1ee9ng&#8221;<\/span><\/a><\/div>\n","protected":false},"featured_media":1377,"comment_status":"open","ping_status":"closed","template":"","meta":{"om_disable_all_campaigns":false,"_monsterinsights_skip_tracking":false,"_monsterinsights_sitenote_active":false,"_monsterinsights_sitenote_note":"","_monsterinsights_sitenote_category":0},"product_cat":[24],"product_tag":[],"_links":{"self":[{"href":"https:\/\/thucphamchayhoalacfood.com\/index.php\/wp-json\/wp\/v2\/product\/1378"}],"collection":[{"href":"https:\/\/thucphamchayhoalacfood.com\/index.php\/wp-json\/wp\/v2\/product"}],"about":[{"href":"https:\/\/thucphamchayhoalacfood.com\/index.php\/wp-json\/wp\/v2\/types\/product"}],"replies":[{"embeddable":true,"href":"https:\/\/thucphamchayhoalacfood.com\/index.php\/wp-json\/wp\/v2\/comments?post=1378"}],"wp:featuredmedia":[{"embeddable":true,"href":"https:\/\/thucphamchayhoalacfood.com\/index.php\/wp-json\/wp\/v2\/media\/1377"}],"wp:attachment":[{"href":"https:\/\/thucphamchayhoalacfood.com\/index.php\/wp-json\/wp\/v2\/media?parent=1378"}],"wp:term":[{"taxonomy":"product_cat","embeddable":true,"href":"https:\/\/thucphamchayhoalacfood.com\/index.php\/wp-json\/wp\/v2\/product_cat?post=1378"},{"taxonomy":"product_tag","embeddable":true,"href":"https:\/\/thucphamchayhoalacfood.com\/index.php\/wp-json\/wp\/v2\/product_tag?post=1378"}],"curies":[{"name":"wp","href":"https:\/\/api.w.org\/{rel}","templated":true}]}}