{"id":1369,"date":"2023-09-21T09:44:03","date_gmt":"2023-09-21T08:44:03","guid":{"rendered":"https:\/\/thucphamchayhoalacfood.com\/index.php\/product\/mam-loc-hoa-lac-chay-200gr\/"},"modified":"2025-07-18T14:38:59","modified_gmt":"2025-07-18T13:38:59","slug":"mam-loc-hoa-lac-chay-200gr","status":"publish","type":"product","link":"https:\/\/thucphamchayhoalacfood.com\/index.php\/product\/mam-loc-hoa-lac-chay-200gr\/","title":{"rendered":"M\u1eafm l\u00f3c Hoa L\u1ea1c chay 200gr"},"content":{"rendered":"<p>M\u1eafm l\u00f3c chay nh\u00e0 l\u00e0m \u0111\u1ea3m b\u1ea3o th\u01a1m ngon<\/p>\n<p>\u0102n 1 l\u1ea7n s\u1ebd nghi\u1ec7n nhe<\/p>\n<p>Th\u00e0nh ph\u1ea7n : \u0111\u1ea1m \u0111\u1eadu n\u00e0nh gia v\u1ecb chay<\/p>\n<p>D\u00f9ng \u0111\u1ec3 ch\u1ea5m rau , trai cay \u0103n c\u01a1m ngon lam nha kh\u00e1ch oi<\/p>\n<p>1 h\u1ee7 200gr<\/p>\n<p>Lh 0969873871<\/p>\n<p>Th\u1ef1c ph\u1ea9m chay Hoa L\u1ea1c<\/p>\n<p>Dc 33 tho\u1ea1i Ng\u1ecdc h\u1ea7u ho\u00e0 th\u1ea1nh T\u00e2n Ph\u00fa<\/p>\n","protected":false},"excerpt":{"rendered":"<p>M\u1eafm l\u00f3c chay nh\u00e0 l\u00e0m \u0111\u1ea3m b\u1ea3o th\u01a1m ngon \u0102n 1 l\u1ea7n s\u1ebd nghi\u1ec7n nhe Th\u00e0nh ph\u1ea7n : \u0111\u1ea1m \u0111\u1eadu n\u00e0nh gia v\u1ecb chay D\u00f9ng \u0111\u1ec3 ch\u1ea5m rau , trai cay \u0103n c\u01a1m ngon lam nha kh\u00e1ch oi 1 h\u1ee7 200gr Lh 0969873871 Th\u1ef1c ph\u1ea9m chay Hoa L\u1ea1c Dc 33 tho\u1ea1i Ng\u1ecdc h\u1ea7u ho\u00e0 th\u1ea1nh &hellip; <\/p>\n<div class=\"link-more text-center\"><a href=\"https:\/\/thucphamchayhoalacfood.com\/index.php\/product\/mam-loc-hoa-lac-chay-200gr\/\" class=\"more-link py-2 px-4\">Read More<span class=\"screen-reader-text\"> &#8220;M\u1eafm l\u00f3c Hoa L\u1ea1c chay 200gr&#8221;<\/span><\/a><\/div>\n","protected":false},"featured_media":1368,"comment_status":"open","ping_status":"closed","template":"","meta":{"om_disable_all_campaigns":false,"_monsterinsights_skip_tracking":false,"_monsterinsights_sitenote_active":false,"_monsterinsights_sitenote_note":"","_monsterinsights_sitenote_category":0},"product_cat":[25],"product_tag":[],"_links":{"self":[{"href":"https:\/\/thucphamchayhoalacfood.com\/index.php\/wp-json\/wp\/v2\/product\/1369"}],"collection":[{"href":"https:\/\/thucphamchayhoalacfood.com\/index.php\/wp-json\/wp\/v2\/product"}],"about":[{"href":"https:\/\/thucphamchayhoalacfood.com\/index.php\/wp-json\/wp\/v2\/types\/product"}],"replies":[{"embeddable":true,"href":"https:\/\/thucphamchayhoalacfood.com\/index.php\/wp-json\/wp\/v2\/comments?post=1369"}],"wp:featuredmedia":[{"embeddable":true,"href":"https:\/\/thucphamchayhoalacfood.com\/index.php\/wp-json\/wp\/v2\/media\/1368"}],"wp:attachment":[{"href":"https:\/\/thucphamchayhoalacfood.com\/index.php\/wp-json\/wp\/v2\/media?parent=1369"}],"wp:term":[{"taxonomy":"product_cat","embeddable":true,"href":"https:\/\/thucphamchayhoalacfood.com\/index.php\/wp-json\/wp\/v2\/product_cat?post=1369"},{"taxonomy":"product_tag","embeddable":true,"href":"https:\/\/thucphamchayhoalacfood.com\/index.php\/wp-json\/wp\/v2\/product_tag?post=1369"}],"curies":[{"name":"wp","href":"https:\/\/api.w.org\/{rel}","templated":true}]}}