{"id":1364,"date":"2023-09-21T09:39:16","date_gmt":"2023-09-21T08:39:16","guid":{"rendered":"https:\/\/thucphamchayhoalacfood.com\/index.php\/product\/cha-gio-xop-ngon-ngon-chay-500gr\/"},"modified":"2025-07-18T14:22:45","modified_gmt":"2025-07-18T13:22:45","slug":"cha-gio-xop-ngon-ngon-chay-500gr","status":"publish","type":"product","link":"https:\/\/thucphamchayhoalacfood.com\/index.php\/product\/cha-gio-xop-ngon-ngon-chay-500gr\/","title":{"rendered":"Ch\u1ea3 gi\u00f2 x\u1ed1p ngon ngon chay 500gr"},"content":{"rendered":"<p>Ch\u1ea3 gi\u00f2 Da r\u1ebf  chay 30 cu\u1ed1n<\/p>\n<p>\u2014\u2014 Gi\u00e1  r\u1ebb b\u1ea5t ng\u1edd<\/p>\n<p>Th\u00e0nh ph\u1ea7n : l\u00e0m t\u1eeb rau c\u1ee7 , \u0111\u1eadu xanh<\/p>\n<p>C\u00e1ch d\u00f9ng ; chi\u00ean l\u00ean dung chung v\u1edbi b\u00fan  v\u1edbi rau hoac an v\u1edbi tuong \u1edbt r\u1ea5t ngon \u1ea1<\/p>\n<p>Nh\u00e2n v\u1eeba \u0103n kh\u00f4ng qu\u00e1 nh\u00ecu s\u1ebd kh\u00f4ng b\u1ecb ng\u00e1n<\/p>\n<p>An to\u00e0n v\u1ec7 sinh n\u00ean c\u1ea3 nh\u00e0 an t\u00e2m dung ne<\/p>\n<p>Lh 0969873871<\/p>\n","protected":false},"excerpt":{"rendered":"<p>Ch\u1ea3 gi\u00f2 Da r\u1ebf chay 30 cu\u1ed1n \u2014\u2014 Gi\u00e1 r\u1ebb b\u1ea5t ng\u1edd Th\u00e0nh ph\u1ea7n : l\u00e0m t\u1eeb rau c\u1ee7 , \u0111\u1eadu xanh C\u00e1ch d\u00f9ng ; chi\u00ean l\u00ean dung chung v\u1edbi b\u00fan v\u1edbi rau hoac an v\u1edbi tuong \u1edbt r\u1ea5t ngon \u1ea1 Nh\u00e2n v\u1eeba \u0103n kh\u00f4ng qu\u00e1 nh\u00ecu s\u1ebd kh\u00f4ng b\u1ecb ng\u00e1n An to\u00e0n v\u1ec7 sinh &hellip; <\/p>\n<div class=\"link-more text-center\"><a href=\"https:\/\/thucphamchayhoalacfood.com\/index.php\/product\/cha-gio-xop-ngon-ngon-chay-500gr\/\" class=\"more-link py-2 px-4\">Read More<span class=\"screen-reader-text\"> &#8220;Ch\u1ea3 gi\u00f2 x\u1ed1p ngon ngon chay 500gr&#8221;<\/span><\/a><\/div>\n","protected":false},"featured_media":1363,"comment_status":"open","ping_status":"closed","template":"","meta":{"om_disable_all_campaigns":false,"_monsterinsights_skip_tracking":false,"_monsterinsights_sitenote_active":false,"_monsterinsights_sitenote_note":"","_monsterinsights_sitenote_category":0},"product_cat":[31],"product_tag":[],"_links":{"self":[{"href":"https:\/\/thucphamchayhoalacfood.com\/index.php\/wp-json\/wp\/v2\/product\/1364"}],"collection":[{"href":"https:\/\/thucphamchayhoalacfood.com\/index.php\/wp-json\/wp\/v2\/product"}],"about":[{"href":"https:\/\/thucphamchayhoalacfood.com\/index.php\/wp-json\/wp\/v2\/types\/product"}],"replies":[{"embeddable":true,"href":"https:\/\/thucphamchayhoalacfood.com\/index.php\/wp-json\/wp\/v2\/comments?post=1364"}],"wp:featuredmedia":[{"embeddable":true,"href":"https:\/\/thucphamchayhoalacfood.com\/index.php\/wp-json\/wp\/v2\/media\/1363"}],"wp:attachment":[{"href":"https:\/\/thucphamchayhoalacfood.com\/index.php\/wp-json\/wp\/v2\/media?parent=1364"}],"wp:term":[{"taxonomy":"product_cat","embeddable":true,"href":"https:\/\/thucphamchayhoalacfood.com\/index.php\/wp-json\/wp\/v2\/product_cat?post=1364"},{"taxonomy":"product_tag","embeddable":true,"href":"https:\/\/thucphamchayhoalacfood.com\/index.php\/wp-json\/wp\/v2\/product_tag?post=1364"}],"curies":[{"name":"wp","href":"https:\/\/api.w.org\/{rel}","templated":true}]}}