{"id":1358,"date":"2023-09-21T09:31:39","date_gmt":"2023-09-21T08:31:39","guid":{"rendered":"https:\/\/thucphamchayhoalacfood.com\/index.php\/product\/muoi-vung-hat-dinh-duong-500gr\/"},"modified":"2024-08-13T10:05:55","modified_gmt":"2024-08-13T09:05:55","slug":"muoi-vung-hat-dinh-duong-500gr","status":"publish","type":"product","link":"https:\/\/thucphamchayhoalacfood.com\/index.php\/product\/muoi-vung-hat-dinh-duong-500gr\/","title":{"rendered":"Mu\u1ed1i v\u1eebng h\u1ea1t dinh d\u01b0\u1ee1ng 500gr"},"content":{"rendered":"<p>Mu\u1ed1i v\u1eebng h\u1ea1t dinh d\u01b0\u1ee1ng cho ng\u00e0y tr\u1eddi n\u00f3ng m\u00e0 \u0103n v\u1edbi canh rau \u0111ay m\u00f9ng t\u01a1i hay canh rau ngot,n\u00f3i chung c\u00e1c lo\u1ea1i canh r\u1ea5t ngon , mu\u1ed1i v\u1eebng em gi\u00e3 tay, n\u00ean r\u1ea5t th\u01a1m ngon<\/p>\n<p>Th\u00e0nh ph\u1ea7n:<\/p>\n<p>\u00d3c ch\u00f3 v\u00e0ng<\/p>\n<p>H\u1ea1t \u0111i\u1ec1u<\/p>\n<p>B\u00ed xanh<\/p>\n<p>L\u1ea1c<\/p>\n<p>M\u00e8 \u0111en+ v\u00e0ng<\/p>\n<p>Lh :0969873871<\/p>\n<p>Th\u1ef1c ph\u1ea9m chay Hoa L\u1ea1c<\/p>\n","protected":false},"excerpt":{"rendered":"<p>Mu\u1ed1i v\u1eebng h\u1ea1t dinh d\u01b0\u1ee1ng cho ng\u00e0y tr\u1eddi n\u00f3ng m\u00e0 \u0103n v\u1edbi canh rau \u0111ay m\u00f9ng t\u01a1i hay canh rau ngot,n\u00f3i chung c\u00e1c lo\u1ea1i canh r\u1ea5t ngon , mu\u1ed1i v\u1eebng em gi\u00e3 tay, n\u00ean r\u1ea5t th\u01a1m ngon Th\u00e0nh ph\u1ea7n: \u00d3c ch\u00f3 v\u00e0ng H\u1ea1t \u0111i\u1ec1u B\u00ed xanh L\u1ea1c M\u00e8 \u0111en+ v\u00e0ng Lh :0969873871 Th\u1ef1c ph\u1ea9m chay &hellip; <\/p>\n<div class=\"link-more text-center\"><a href=\"https:\/\/thucphamchayhoalacfood.com\/index.php\/product\/muoi-vung-hat-dinh-duong-500gr\/\" class=\"more-link py-2 px-4\">Read More<span class=\"screen-reader-text\"> &#8220;Mu\u1ed1i v\u1eebng h\u1ea1t dinh d\u01b0\u1ee1ng 500gr&#8221;<\/span><\/a><\/div>\n","protected":false},"featured_media":1357,"comment_status":"open","ping_status":"closed","template":"","meta":{"om_disable_all_campaigns":false,"_monsterinsights_skip_tracking":false,"_monsterinsights_sitenote_active":false,"_monsterinsights_sitenote_note":"","_monsterinsights_sitenote_category":0},"product_cat":[27],"product_tag":[],"_links":{"self":[{"href":"https:\/\/thucphamchayhoalacfood.com\/index.php\/wp-json\/wp\/v2\/product\/1358"}],"collection":[{"href":"https:\/\/thucphamchayhoalacfood.com\/index.php\/wp-json\/wp\/v2\/product"}],"about":[{"href":"https:\/\/thucphamchayhoalacfood.com\/index.php\/wp-json\/wp\/v2\/types\/product"}],"replies":[{"embeddable":true,"href":"https:\/\/thucphamchayhoalacfood.com\/index.php\/wp-json\/wp\/v2\/comments?post=1358"}],"wp:featuredmedia":[{"embeddable":true,"href":"https:\/\/thucphamchayhoalacfood.com\/index.php\/wp-json\/wp\/v2\/media\/1357"}],"wp:attachment":[{"href":"https:\/\/thucphamchayhoalacfood.com\/index.php\/wp-json\/wp\/v2\/media?parent=1358"}],"wp:term":[{"taxonomy":"product_cat","embeddable":true,"href":"https:\/\/thucphamchayhoalacfood.com\/index.php\/wp-json\/wp\/v2\/product_cat?post=1358"},{"taxonomy":"product_tag","embeddable":true,"href":"https:\/\/thucphamchayhoalacfood.com\/index.php\/wp-json\/wp\/v2\/product_tag?post=1358"}],"curies":[{"name":"wp","href":"https:\/\/api.w.org\/{rel}","templated":true}]}}