{"id":1340,"date":"2023-09-21T09:18:53","date_gmt":"2023-09-21T08:18:53","guid":{"rendered":"https:\/\/thucphamchayhoalacfood.com\/index.php\/product\/suon-non-chay-hoa-lac-1kg\/"},"modified":"2025-07-18T14:23:53","modified_gmt":"2025-07-18T13:23:53","slug":"suon-non-chay-hoa-lac-1kg","status":"publish","type":"product","link":"https:\/\/thucphamchayhoalacfood.com\/index.php\/product\/suon-non-chay-hoa-lac-1kg\/","title":{"rendered":"S\u01b0\u1eddn non chay Hoa L\u1ea1c 1kg"},"content":{"rendered":"<p>S\u01b0\u1eddn non chay!<\/p>\n<p>Th\u00e0nh ph\u1ea7n: l\u00e0m t\u1eeb \u0111\u1ea1m \u0111\u1eadu n\u00e0nh,<\/p>\n<p>Mi\u1ebfng s\u01b0\u1eddn c\u00f3 c\u00e1c s\u1ee3i c\u1ef1c m\u1ecbn, \u0111\u1eb9p m\u1eaft, \u0103n c\u1ef1c ngon, dai , k th\u1ea5m d\u1ea7u<\/p>\n<p>C\u00e1ch ch\u1ebf bi\u1ebfn:<\/p>\n<p>Ng\u00e2m n\u01b0\u1edbc cho s\u01b0\u1eddn m\u1ec1m ra, v\u1eaft kh\u00f4 r\u1ed3i \u01b0\u1edbp c\u00f9ng gia v\u1ecb.<\/p>\n<p>C\u00f3 th\u1ec3 chi\u00ean, kho, x\u00e0o, n\u1ea5u soup, n\u01b0\u1edbng&#8230; t\u00f9y th\u00edch.<\/p>\n<p>S\u1ea3n ph\u1ea9m l\u00e0m t\u1eeb nguy\u00ean li\u1ec7u s\u1ea1ch, an to\u00e0n th\u1ef1c ph\u1ea9m.<\/p>\n<p>Kh\u00f4ng c\u00f3 h\u00f3a ch\u1ea5t \u0111\u1ed9c h\u1ea1i.<\/p>\n<p>Lh 0969873871<\/p>\n<p>33 tho\u1ea1i Ng\u1ecdc h\u1ea7u ho\u00e0 th\u1ea1nh T\u00e2n Ph\u00fa<\/p>\n<p>Th\u1ef1c ph\u1ea9m chay hoa L\u1ea1c<\/p>\n","protected":false},"excerpt":{"rendered":"<p>S\u01b0\u1eddn non chay! Th\u00e0nh ph\u1ea7n: l\u00e0m t\u1eeb \u0111\u1ea1m \u0111\u1eadu n\u00e0nh, Mi\u1ebfng s\u01b0\u1eddn c\u00f3 c\u00e1c s\u1ee3i c\u1ef1c m\u1ecbn, \u0111\u1eb9p m\u1eaft, \u0103n c\u1ef1c ngon, dai , k th\u1ea5m d\u1ea7u C\u00e1ch ch\u1ebf bi\u1ebfn: Ng\u00e2m n\u01b0\u1edbc cho s\u01b0\u1eddn m\u1ec1m ra, v\u1eaft kh\u00f4 r\u1ed3i \u01b0\u1edbp c\u00f9ng gia v\u1ecb. C\u00f3 th\u1ec3 chi\u00ean, kho, x\u00e0o, n\u1ea5u soup, n\u01b0\u1edbng&#8230; t\u00f9y th\u00edch. S\u1ea3n ph\u1ea9m &hellip; <\/p>\n<div class=\"link-more text-center\"><a href=\"https:\/\/thucphamchayhoalacfood.com\/index.php\/product\/suon-non-chay-hoa-lac-1kg\/\" class=\"more-link py-2 px-4\">Read More<span class=\"screen-reader-text\"> &#8220;S\u01b0\u1eddn non chay Hoa L\u1ea1c 1kg&#8221;<\/span><\/a><\/div>\n","protected":false},"featured_media":1338,"comment_status":"open","ping_status":"closed","template":"","meta":{"om_disable_all_campaigns":false,"_monsterinsights_skip_tracking":false,"_monsterinsights_sitenote_active":false,"_monsterinsights_sitenote_note":"","_monsterinsights_sitenote_category":0},"product_cat":[23],"product_tag":[],"_links":{"self":[{"href":"https:\/\/thucphamchayhoalacfood.com\/index.php\/wp-json\/wp\/v2\/product\/1340"}],"collection":[{"href":"https:\/\/thucphamchayhoalacfood.com\/index.php\/wp-json\/wp\/v2\/product"}],"about":[{"href":"https:\/\/thucphamchayhoalacfood.com\/index.php\/wp-json\/wp\/v2\/types\/product"}],"replies":[{"embeddable":true,"href":"https:\/\/thucphamchayhoalacfood.com\/index.php\/wp-json\/wp\/v2\/comments?post=1340"}],"wp:featuredmedia":[{"embeddable":true,"href":"https:\/\/thucphamchayhoalacfood.com\/index.php\/wp-json\/wp\/v2\/media\/1338"}],"wp:attachment":[{"href":"https:\/\/thucphamchayhoalacfood.com\/index.php\/wp-json\/wp\/v2\/media?parent=1340"}],"wp:term":[{"taxonomy":"product_cat","embeddable":true,"href":"https:\/\/thucphamchayhoalacfood.com\/index.php\/wp-json\/wp\/v2\/product_cat?post=1340"},{"taxonomy":"product_tag","embeddable":true,"href":"https:\/\/thucphamchayhoalacfood.com\/index.php\/wp-json\/wp\/v2\/product_tag?post=1340"}],"curies":[{"name":"wp","href":"https:\/\/api.w.org\/{rel}","templated":true}]}}