{"id":1319,"date":"2023-09-20T04:36:23","date_gmt":"2023-09-20T03:36:23","guid":{"rendered":"https:\/\/thucphamchayhoalacfood.com\/?post_type=product&#038;p=1319"},"modified":"2023-09-21T07:56:42","modified_gmt":"2023-09-21T06:56:42","slug":"mien-nam-huong-chay-thung-9-to","status":"publish","type":"product","link":"https:\/\/thucphamchayhoalacfood.com\/index.php\/product\/mien-nam-huong-chay-thung-9-to\/","title":{"rendered":"mi\u1ebfn n\u1ea5m h\u01b0\u01a1ng chay th\u00f9ng \/ 9 t\u00f4"},"content":{"rendered":"\n<p>mi\u1ebfn th\u01a1m ngon<br>gia v\u1ecb chay<\/p>\n\n\n\n<p>t\u00f4 thung 9 t\u00f4<br>ch\u1ec9 c\u1ea7n \u0111\u1ed5 n\u01b0\u1edbc s\u00f4i 3 ph\u00fat l\u00e0 c\u00f3 th\u1ec3 d\u00f9ng<br>Han s\u1eed d\u1ee5ng 6 th\u00e1ng<br>33 tho\u1ea1i Ng\u1ecdc h\u1ea7u hoac th\u1ea1nh T\u00e2n Ph\u00fa<br>thuc ph\u1ea9m chay Hoa L\u1ea1c<br>0969873871<\/p>\n","protected":false},"excerpt":{"rendered":"<p>mi\u1ebfn th\u01a1m ngongia v\u1ecb chay t\u00f4 thung 9 t\u00f4ch\u1ec9 c\u1ea7n \u0111\u1ed5 n\u01b0\u1edbc s\u00f4i 3 ph\u00fat l\u00e0 c\u00f3 th\u1ec3 d\u00f9ngHan s\u1eed d\u1ee5ng 6 th\u00e1ng33 tho\u1ea1i Ng\u1ecdc h\u1ea7u hoac th\u1ea1nh T\u00e2n Ph\u00fathuc ph\u1ea9m chay Hoa L\u1ea1c0969873871<\/p>\n","protected":false},"featured_media":1321,"comment_status":"open","ping_status":"closed","template":"","meta":{"om_disable_all_campaigns":false,"_monsterinsights_skip_tracking":false,"_monsterinsights_sitenote_active":false,"_monsterinsights_sitenote_note":"","_monsterinsights_sitenote_category":0},"product_cat":[28],"product_tag":[],"_links":{"self":[{"href":"https:\/\/thucphamchayhoalacfood.com\/index.php\/wp-json\/wp\/v2\/product\/1319"}],"collection":[{"href":"https:\/\/thucphamchayhoalacfood.com\/index.php\/wp-json\/wp\/v2\/product"}],"about":[{"href":"https:\/\/thucphamchayhoalacfood.com\/index.php\/wp-json\/wp\/v2\/types\/product"}],"replies":[{"embeddable":true,"href":"https:\/\/thucphamchayhoalacfood.com\/index.php\/wp-json\/wp\/v2\/comments?post=1319"}],"wp:featuredmedia":[{"embeddable":true,"href":"https:\/\/thucphamchayhoalacfood.com\/index.php\/wp-json\/wp\/v2\/media\/1321"}],"wp:attachment":[{"href":"https:\/\/thucphamchayhoalacfood.com\/index.php\/wp-json\/wp\/v2\/media?parent=1319"}],"wp:term":[{"taxonomy":"product_cat","embeddable":true,"href":"https:\/\/thucphamchayhoalacfood.com\/index.php\/wp-json\/wp\/v2\/product_cat?post=1319"},{"taxonomy":"product_tag","embeddable":true,"href":"https:\/\/thucphamchayhoalacfood.com\/index.php\/wp-json\/wp\/v2\/product_tag?post=1319"}],"curies":[{"name":"wp","href":"https:\/\/api.w.org\/{rel}","templated":true}]}}