{"id":1313,"date":"2023-09-20T04:34:05","date_gmt":"2023-09-20T03:34:05","guid":{"rendered":"https:\/\/thucphamchayhoalacfood.com\/?post_type=product&#038;p=1313"},"modified":"2023-09-21T06:25:38","modified_gmt":"2023-09-21T05:25:38","slug":"hat-nem-nam-nutricook-bich-5kg","status":"publish","type":"product","link":"https:\/\/thucphamchayhoalacfood.com\/index.php\/product\/hat-nem-nam-nutricook-bich-5kg\/","title":{"rendered":"H\u1ea1t n\u00eam n\u1ea5m Nutricook Bich 5kg"},"content":{"rendered":"\n<p>th\u00e0nh ph\u1ea7n l\u00e0m tu n\u1ea5m<br>quy c\u00e1ch 5kg<br>ph\u00f9 h\u1ed9p cho c\u00e1c qu\u00e1n c\u01a1m chay , n\u1ea5u t\u1eeb thi\u00ean \u0111\u1ee1 chi ph\u00ed nh\u00e0 \u0103n chay tr\u01b0\u1eddng<\/p>\n","protected":false},"excerpt":{"rendered":"<p>th\u00e0nh ph\u1ea7n l\u00e0m tu n\u1ea5mquy c\u00e1ch 5kgph\u00f9 h\u1ed9p cho c\u00e1c qu\u00e1n c\u01a1m chay , n\u1ea5u t\u1eeb thi\u00ean \u0111\u1ee1 chi ph\u00ed nh\u00e0 \u0103n chay tr\u01b0\u1eddng<\/p>\n","protected":false},"featured_media":1314,"comment_status":"open","ping_status":"closed","template":"","meta":{"om_disable_all_campaigns":false,"_monsterinsights_skip_tracking":false,"_monsterinsights_sitenote_active":false,"_monsterinsights_sitenote_note":"","_monsterinsights_sitenote_category":0},"product_cat":[25],"product_tag":[],"_links":{"self":[{"href":"https:\/\/thucphamchayhoalacfood.com\/index.php\/wp-json\/wp\/v2\/product\/1313"}],"collection":[{"href":"https:\/\/thucphamchayhoalacfood.com\/index.php\/wp-json\/wp\/v2\/product"}],"about":[{"href":"https:\/\/thucphamchayhoalacfood.com\/index.php\/wp-json\/wp\/v2\/types\/product"}],"replies":[{"embeddable":true,"href":"https:\/\/thucphamchayhoalacfood.com\/index.php\/wp-json\/wp\/v2\/comments?post=1313"}],"wp:featuredmedia":[{"embeddable":true,"href":"https:\/\/thucphamchayhoalacfood.com\/index.php\/wp-json\/wp\/v2\/media\/1314"}],"wp:attachment":[{"href":"https:\/\/thucphamchayhoalacfood.com\/index.php\/wp-json\/wp\/v2\/media?parent=1313"}],"wp:term":[{"taxonomy":"product_cat","embeddable":true,"href":"https:\/\/thucphamchayhoalacfood.com\/index.php\/wp-json\/wp\/v2\/product_cat?post=1313"},{"taxonomy":"product_tag","embeddable":true,"href":"https:\/\/thucphamchayhoalacfood.com\/index.php\/wp-json\/wp\/v2\/product_tag?post=1313"}],"curies":[{"name":"wp","href":"https:\/\/api.w.org\/{rel}","templated":true}]}}