{"id":1311,"date":"2023-09-20T04:33:35","date_gmt":"2023-09-20T03:33:35","guid":{"rendered":"https:\/\/thucphamchayhoalacfood.com\/?post_type=product&#038;p=1311"},"modified":"2025-07-18T14:40:55","modified_gmt":"2025-07-18T13:40:55","slug":"mi-reva-vifon-chay-thung-30-goi","status":"publish","type":"product","link":"https:\/\/thucphamchayhoalacfood.com\/index.php\/product\/mi-reva-vifon-chay-thung-30-goi\/","title":{"rendered":"M\u00ec reva vifon chay th\u00f9ng 30 g\u00f3i"},"content":{"rendered":"\n<p>s\u1ee3i m\u00ec dai \u0103n chua chua cay cay<br>g\u00f3i gia v\u1ecb c\u00f3 n\u1ea5m<br>m\u00ec \u0103n r\u1ea5t ngon c\u1ea3 nh\u00e0 n\u00ean th\u1eed nh\u00e9 tuy\u1ec7t v\u1eddi<br>hsd 6 th\u00e1ng<br>33 tho\u1ea1i ng\u1ecdc h\u1ea7u h\u00f2a th\u1ea1nh t\u00e2n ph\u00fa<br>th\u1ef1c ph\u1ea9m chay Hoa l\u1ea1c<br>0969873871<\/p>\n","protected":false},"excerpt":{"rendered":"<p>s\u1ee3i m\u00ec dai \u0103n chua chua cay cayg\u00f3i gia v\u1ecb c\u00f3 n\u1ea5mm\u00ec \u0103n r\u1ea5t ngon c\u1ea3 nh\u00e0 n\u00ean th\u1eed nh\u00e9 tuy\u1ec7t v\u1eddihsd 6 th\u00e1ng33 tho\u1ea1i ng\u1ecdc h\u1ea7u h\u00f2a th\u1ea1nh t\u00e2n ph\u00fath\u1ef1c ph\u1ea9m chay Hoa l\u1ea1c0969873871<\/p>\n","protected":false},"featured_media":1312,"comment_status":"open","ping_status":"closed","template":"","meta":{"om_disable_all_campaigns":false,"_monsterinsights_skip_tracking":false,"_monsterinsights_sitenote_active":false,"_monsterinsights_sitenote_note":"","_monsterinsights_sitenote_category":0},"product_cat":[28],"product_tag":[],"_links":{"self":[{"href":"https:\/\/thucphamchayhoalacfood.com\/index.php\/wp-json\/wp\/v2\/product\/1311"}],"collection":[{"href":"https:\/\/thucphamchayhoalacfood.com\/index.php\/wp-json\/wp\/v2\/product"}],"about":[{"href":"https:\/\/thucphamchayhoalacfood.com\/index.php\/wp-json\/wp\/v2\/types\/product"}],"replies":[{"embeddable":true,"href":"https:\/\/thucphamchayhoalacfood.com\/index.php\/wp-json\/wp\/v2\/comments?post=1311"}],"wp:featuredmedia":[{"embeddable":true,"href":"https:\/\/thucphamchayhoalacfood.com\/index.php\/wp-json\/wp\/v2\/media\/1312"}],"wp:attachment":[{"href":"https:\/\/thucphamchayhoalacfood.com\/index.php\/wp-json\/wp\/v2\/media?parent=1311"}],"wp:term":[{"taxonomy":"product_cat","embeddable":true,"href":"https:\/\/thucphamchayhoalacfood.com\/index.php\/wp-json\/wp\/v2\/product_cat?post=1311"},{"taxonomy":"product_tag","embeddable":true,"href":"https:\/\/thucphamchayhoalacfood.com\/index.php\/wp-json\/wp\/v2\/product_tag?post=1311"}],"curies":[{"name":"wp","href":"https:\/\/api.w.org\/{rel}","templated":true}]}}