{"id":131,"date":"2023-09-08T04:09:53","date_gmt":"2023-09-08T03:09:53","guid":{"rendered":"https:\/\/thucphamchayhoalacfood.com\/?post_type=product&#038;p=131"},"modified":"2025-09-26T04:52:00","modified_gmt":"2025-09-26T03:52:00","slug":"dau-hu-rau-cu-chay-man-deu-dung-dc-500gr","status":"publish","type":"product","link":"https:\/\/thucphamchayhoalacfood.com\/index.php\/product\/dau-hu-rau-cu-chay-man-deu-dung-dc-500gr\/","title":{"rendered":"\u0110\u1eadu h\u1ee7 rau c\u1ee7 chay m\u1eb7n \u0111\u1ec1u d\u00f9ng \u0111c \n 500gr"},"content":{"rendered":"\n<p>An \u0111\u1eadu h\u1ee7 truy\u1ec1n th\u1ed1ng ng\u00e2n roi th\u00ec m\u00ecnh chuy\u1ec3n qua<br>\u0110\u1eadu h\u1ee7 rau c\u1ee7<br>V\u1eeba c\u1eadp b\u1ebfn c\u1ea3 nh\u00e0 \u01a1i<br>To\u00e0n m\u00f3n ngon b\u1ed5 d\u01b0\u1edfng kh\u00f4ng ah<br>\u0102n chay kh\u00f4ng th\u1ec3 thi\u1ebfu dc n\u00e8<br>\u0110\u1eadu h\u1ee7 \u0103n dai dai kh\u00f4ng ph\u1ea3i nh\u01b0 \u0111\u1eadu h\u1ee7 m\u00ecnh \u0111\u00e2u nh\u00e9<br>K\u1ebft h\u1ee3p n\u1ea5u canh rong bi\u1ec3n l\u00e0 tuyet v\u1eddi<br>C\u00f3 th\u1ec3 chi\u00ean , s\u1ed1t c\u00e0 , th\u1eadt l\u1eabu<br>Lh 0969873871<br>Th\u1ef1c ph\u1ea9m chay hoa L\u1ea1c<br>Dc 33 tho\u1ea1i Ng\u1ecdc h\u1ea7u ho\u00e0 th\u1ea1nh T\u00e2n Ph\u00fa<\/p>\n","protected":false},"excerpt":{"rendered":"<p>An \u0111\u1eadu h\u1ee7 truy\u1ec1n th\u1ed1ng ng\u00e2n roi th\u00ec m\u00ecnh chuy\u1ec3n qua\u0110\u1eadu h\u1ee7 rau c\u1ee7V\u1eeba c\u1eadp b\u1ebfn c\u1ea3 nh\u00e0 \u01a1iTo\u00e0n m\u00f3n ngon b\u1ed5 d\u01b0\u1edfng kh\u00f4ng ah\u0102n chay kh\u00f4ng th\u1ec3 thi\u1ebfu dc n\u00e8\u0110\u1eadu h\u1ee7 \u0103n dai dai kh\u00f4ng ph\u1ea3i nh\u01b0 \u0111\u1eadu h\u1ee7 m\u00ecnh \u0111\u00e2u nh\u00e9K\u1ebft h\u1ee3p n\u1ea5u canh rong bi\u1ec3n l\u00e0 tuyet v\u1eddiC\u00f3 th\u1ec3 chi\u00ean , s\u1ed1t &hellip; <\/p>\n<div class=\"link-more text-center\"><a href=\"https:\/\/thucphamchayhoalacfood.com\/index.php\/product\/dau-hu-rau-cu-chay-man-deu-dung-dc-500gr\/\" class=\"more-link py-2 px-4\">Read More<span class=\"screen-reader-text\"> &#8220;\u0110\u1eadu h\u1ee7 rau c\u1ee7 chay m\u1eb7n \u0111\u1ec1u d\u00f9ng \u0111c<br \/>\n 500gr&#8221;<\/span><\/a><\/div>\n","protected":false},"featured_media":132,"comment_status":"open","ping_status":"closed","template":"","meta":{"om_disable_all_campaigns":false,"_monsterinsights_skip_tracking":false,"_monsterinsights_sitenote_active":false,"_monsterinsights_sitenote_note":"","_monsterinsights_sitenote_category":0},"product_cat":[24],"product_tag":[],"_links":{"self":[{"href":"https:\/\/thucphamchayhoalacfood.com\/index.php\/wp-json\/wp\/v2\/product\/131"}],"collection":[{"href":"https:\/\/thucphamchayhoalacfood.com\/index.php\/wp-json\/wp\/v2\/product"}],"about":[{"href":"https:\/\/thucphamchayhoalacfood.com\/index.php\/wp-json\/wp\/v2\/types\/product"}],"replies":[{"embeddable":true,"href":"https:\/\/thucphamchayhoalacfood.com\/index.php\/wp-json\/wp\/v2\/comments?post=131"}],"wp:featuredmedia":[{"embeddable":true,"href":"https:\/\/thucphamchayhoalacfood.com\/index.php\/wp-json\/wp\/v2\/media\/132"}],"wp:attachment":[{"href":"https:\/\/thucphamchayhoalacfood.com\/index.php\/wp-json\/wp\/v2\/media?parent=131"}],"wp:term":[{"taxonomy":"product_cat","embeddable":true,"href":"https:\/\/thucphamchayhoalacfood.com\/index.php\/wp-json\/wp\/v2\/product_cat?post=131"},{"taxonomy":"product_tag","embeddable":true,"href":"https:\/\/thucphamchayhoalacfood.com\/index.php\/wp-json\/wp\/v2\/product_tag?post=131"}],"curies":[{"name":"wp","href":"https:\/\/api.w.org\/{rel}","templated":true}]}}