{"id":1309,"date":"2023-09-20T04:33:03","date_gmt":"2023-09-20T03:33:03","guid":{"rendered":"https:\/\/thucphamchayhoalacfood.com\/?post_type=product&#038;p=1309"},"modified":"2023-09-21T11:03:41","modified_gmt":"2023-09-21T10:03:41","slug":"mi-ly-hao-hao-chay-thung-24-ly","status":"publish","type":"product","link":"https:\/\/thucphamchayhoalacfood.com\/index.php\/product\/mi-ly-hao-hao-chay-thung-24-ly\/","title":{"rendered":"M\u00ec ly h\u1ea3o h\u1ea3o chay ( th\u00f9ng 24 ly)"},"content":{"rendered":"\n<p>m\u00ec ngon th\u01a1m <\/p>\n\n\n\n<p>1 th\u00f9ng 30 ly ch\u1ec9 c\u1ea7n m\u1edf n\u1eafp ch\u1ebf n\u01b0\u1edbc s\u00f4i l\u00e0 c\u00f3 th\u1ec3 d\u00f9ng , ti\u1ec7n l\u1ee3i \u0111i du l\u1ecbch l\u00e0m v\u0103n ph\u00f2ng<\/p>\n","protected":false},"excerpt":{"rendered":"<p>m\u00ec ngon th\u01a1m 1 th\u00f9ng 30 ly ch\u1ec9 c\u1ea7n m\u1edf n\u1eafp ch\u1ebf n\u01b0\u1edbc s\u00f4i l\u00e0 c\u00f3 th\u1ec3 d\u00f9ng , ti\u1ec7n l\u1ee3i \u0111i du l\u1ecbch l\u00e0m v\u0103n ph\u00f2ng<\/p>\n","protected":false},"featured_media":1310,"comment_status":"open","ping_status":"closed","template":"","meta":{"om_disable_all_campaigns":false,"_monsterinsights_skip_tracking":false,"_monsterinsights_sitenote_active":false,"_monsterinsights_sitenote_note":"","_monsterinsights_sitenote_category":0},"product_cat":[28],"product_tag":[],"_links":{"self":[{"href":"https:\/\/thucphamchayhoalacfood.com\/index.php\/wp-json\/wp\/v2\/product\/1309"}],"collection":[{"href":"https:\/\/thucphamchayhoalacfood.com\/index.php\/wp-json\/wp\/v2\/product"}],"about":[{"href":"https:\/\/thucphamchayhoalacfood.com\/index.php\/wp-json\/wp\/v2\/types\/product"}],"replies":[{"embeddable":true,"href":"https:\/\/thucphamchayhoalacfood.com\/index.php\/wp-json\/wp\/v2\/comments?post=1309"}],"wp:featuredmedia":[{"embeddable":true,"href":"https:\/\/thucphamchayhoalacfood.com\/index.php\/wp-json\/wp\/v2\/media\/1310"}],"wp:attachment":[{"href":"https:\/\/thucphamchayhoalacfood.com\/index.php\/wp-json\/wp\/v2\/media?parent=1309"}],"wp:term":[{"taxonomy":"product_cat","embeddable":true,"href":"https:\/\/thucphamchayhoalacfood.com\/index.php\/wp-json\/wp\/v2\/product_cat?post=1309"},{"taxonomy":"product_tag","embeddable":true,"href":"https:\/\/thucphamchayhoalacfood.com\/index.php\/wp-json\/wp\/v2\/product_tag?post=1309"}],"curies":[{"name":"wp","href":"https:\/\/api.w.org\/{rel}","templated":true}]}}