{"id":128,"date":"2023-09-08T04:09:10","date_gmt":"2023-09-08T03:09:10","guid":{"rendered":"https:\/\/thucphamchayhoalacfood.com\/?post_type=product&#038;p=128"},"modified":"2023-09-20T17:51:35","modified_gmt":"2023-09-20T16:51:35","slug":"ca-chep-den-tri-hue-chay","status":"publish","type":"product","link":"https:\/\/thucphamchayhoalacfood.com\/index.php\/product\/ca-chep-den-tri-hue-chay\/","title":{"rendered":"C\u00e1 ch\u00e9p \u0111en Tr\u00ed Hu\u1ec7 chay"},"content":{"rendered":"\n<p>th\u00e0nh ph\u1ea7n :\u0111\u1ea1m \u0111\u1eadu n\u00e0nh rong bi\u1ec3n gia v\u1ecb thu\u1ea7n chay<br>chi\u00ean h\u1ea5p ch\u1ea5m m\u1eafm g\u1eebng<br>r\u1ea5t ngon<br>hsd 1 n\u0103m<\/p>\n","protected":false},"excerpt":{"rendered":"<p>(ch\u1ec9 giao khu v\u1ef1c Tphcm )<\/p>\n","protected":false},"featured_media":130,"comment_status":"open","ping_status":"closed","template":"","meta":{"om_disable_all_campaigns":false,"_monsterinsights_skip_tracking":false,"_monsterinsights_sitenote_active":false,"_monsterinsights_sitenote_note":"","_monsterinsights_sitenote_category":0},"product_cat":[24],"product_tag":[],"_links":{"self":[{"href":"https:\/\/thucphamchayhoalacfood.com\/index.php\/wp-json\/wp\/v2\/product\/128"}],"collection":[{"href":"https:\/\/thucphamchayhoalacfood.com\/index.php\/wp-json\/wp\/v2\/product"}],"about":[{"href":"https:\/\/thucphamchayhoalacfood.com\/index.php\/wp-json\/wp\/v2\/types\/product"}],"replies":[{"embeddable":true,"href":"https:\/\/thucphamchayhoalacfood.com\/index.php\/wp-json\/wp\/v2\/comments?post=128"}],"wp:featuredmedia":[{"embeddable":true,"href":"https:\/\/thucphamchayhoalacfood.com\/index.php\/wp-json\/wp\/v2\/media\/130"}],"wp:attachment":[{"href":"https:\/\/thucphamchayhoalacfood.com\/index.php\/wp-json\/wp\/v2\/media?parent=128"}],"wp:term":[{"taxonomy":"product_cat","embeddable":true,"href":"https:\/\/thucphamchayhoalacfood.com\/index.php\/wp-json\/wp\/v2\/product_cat?post=128"},{"taxonomy":"product_tag","embeddable":true,"href":"https:\/\/thucphamchayhoalacfood.com\/index.php\/wp-json\/wp\/v2\/product_tag?post=128"}],"curies":[{"name":"wp","href":"https:\/\/api.w.org\/{rel}","templated":true}]}}