{"id":1267,"date":"2023-09-20T04:12:56","date_gmt":"2023-09-20T03:12:56","guid":{"rendered":"https:\/\/thucphamchayhoalacfood.com\/?post_type=product&#038;p=1267"},"modified":"2024-08-13T09:52:35","modified_gmt":"2024-08-13T08:52:35","slug":"bong-ca-chay-phuong-loan-100gr","status":"publish","type":"product","link":"https:\/\/thucphamchayhoalacfood.com\/index.php\/product\/bong-ca-chay-phuong-loan-100gr\/","title":{"rendered":"B\u00f3ng c\u00e1 Chay Ph\u01b0\u01a1ng Loan 100gr"},"content":{"rendered":"\n<p>Thanh ph\u1ea7n : \u0111\u1eadu nanh<br>c\u00e1ch, d\u00f9ng x\u00e0o rau n\u1ea5u c\u00e0 ri kho , n\u1ea5u h\u1ee7 ti\u1ebfu chay,<br>33 tho\u1ea1i Ng\u1ecdc h\u1ea7u ho\u00e0 th\u00e0nh T\u00e2n phu<br>0969873871<\/p>\n","protected":false},"excerpt":{"rendered":"<p>Thanh ph\u1ea7n : \u0111\u1eadu nanhc\u00e1ch, d\u00f9ng x\u00e0o rau n\u1ea5u c\u00e0 ri kho , n\u1ea5u h\u1ee7 ti\u1ebfu chay,33 tho\u1ea1i Ng\u1ecdc h\u1ea7u ho\u00e0 th\u00e0nh T\u00e2n phu0969873871<\/p>\n","protected":false},"featured_media":1268,"comment_status":"open","ping_status":"closed","template":"","meta":{"om_disable_all_campaigns":false,"_monsterinsights_skip_tracking":false,"_monsterinsights_sitenote_active":false,"_monsterinsights_sitenote_note":"","_monsterinsights_sitenote_category":0},"product_cat":[23],"product_tag":[],"_links":{"self":[{"href":"https:\/\/thucphamchayhoalacfood.com\/index.php\/wp-json\/wp\/v2\/product\/1267"}],"collection":[{"href":"https:\/\/thucphamchayhoalacfood.com\/index.php\/wp-json\/wp\/v2\/product"}],"about":[{"href":"https:\/\/thucphamchayhoalacfood.com\/index.php\/wp-json\/wp\/v2\/types\/product"}],"replies":[{"embeddable":true,"href":"https:\/\/thucphamchayhoalacfood.com\/index.php\/wp-json\/wp\/v2\/comments?post=1267"}],"wp:featuredmedia":[{"embeddable":true,"href":"https:\/\/thucphamchayhoalacfood.com\/index.php\/wp-json\/wp\/v2\/media\/1268"}],"wp:attachment":[{"href":"https:\/\/thucphamchayhoalacfood.com\/index.php\/wp-json\/wp\/v2\/media?parent=1267"}],"wp:term":[{"taxonomy":"product_cat","embeddable":true,"href":"https:\/\/thucphamchayhoalacfood.com\/index.php\/wp-json\/wp\/v2\/product_cat?post=1267"},{"taxonomy":"product_tag","embeddable":true,"href":"https:\/\/thucphamchayhoalacfood.com\/index.php\/wp-json\/wp\/v2\/product_tag?post=1267"}],"curies":[{"name":"wp","href":"https:\/\/api.w.org\/{rel}","templated":true}]}}