{"id":1258,"date":"2023-09-20T04:10:12","date_gmt":"2023-09-20T03:10:12","guid":{"rendered":"https:\/\/thucphamchayhoalacfood.com\/?post_type=product&#038;p=1258"},"modified":"2023-09-21T07:59:33","modified_gmt":"2023-09-21T06:59:33","slug":"nam-huong-rung-1kg-goi-hang-kho","status":"publish","type":"product","link":"https:\/\/thucphamchayhoalacfood.com\/index.php\/product\/nam-huong-rung-1kg-goi-hang-kho\/","title":{"rendered":"N\u1ea5m h\u01b0\u01a1ng r\u1eebng 1kg \/ g\u00f3i h\u00e0ng kh\u00f4"},"content":{"rendered":"\n<p>n\u1ea5m h\u01b0\u01a1ng th\u01a1m t\u1eeb thi\u00ean nhi\u00ean, d\u00f9ng \u0111\u1ec3 x\u00e0o n\u1ea5u canh<br>m\u00f9i h\u01b0\u01a1ng th\u01a1m n\u00ean d\u00f9ng nh\u00e9<br>33 tho\u1ea1i Ng\u1ecdc H\u1ea7u ho\u00e0 th\u1ea1nh t\u00e2n Ph\u00fa<br>Th\u1ef1c ph\u1ea9m chay Hoa L\u1ea1c<br>0969873871<\/p>\n","protected":false},"excerpt":{"rendered":"<p>n\u1ea5m h\u01b0\u01a1ng th\u01a1m t\u1eeb thi\u00ean nhi\u00ean, d\u00f9ng \u0111\u1ec3 x\u00e0o n\u1ea5u canhm\u00f9i h\u01b0\u01a1ng th\u01a1m n\u00ean d\u00f9ng nh\u00e933 tho\u1ea1i Ng\u1ecdc H\u1ea7u ho\u00e0 th\u1ea1nh t\u00e2n Ph\u00faTh\u1ef1c ph\u1ea9m chay Hoa L\u1ea1c0969873871<\/p>\n","protected":false},"featured_media":1260,"comment_status":"open","ping_status":"closed","template":"","meta":{"om_disable_all_campaigns":false,"_monsterinsights_skip_tracking":false,"_monsterinsights_sitenote_active":false,"_monsterinsights_sitenote_note":"","_monsterinsights_sitenote_category":0},"product_cat":[23],"product_tag":[],"_links":{"self":[{"href":"https:\/\/thucphamchayhoalacfood.com\/index.php\/wp-json\/wp\/v2\/product\/1258"}],"collection":[{"href":"https:\/\/thucphamchayhoalacfood.com\/index.php\/wp-json\/wp\/v2\/product"}],"about":[{"href":"https:\/\/thucphamchayhoalacfood.com\/index.php\/wp-json\/wp\/v2\/types\/product"}],"replies":[{"embeddable":true,"href":"https:\/\/thucphamchayhoalacfood.com\/index.php\/wp-json\/wp\/v2\/comments?post=1258"}],"wp:featuredmedia":[{"embeddable":true,"href":"https:\/\/thucphamchayhoalacfood.com\/index.php\/wp-json\/wp\/v2\/media\/1260"}],"wp:attachment":[{"href":"https:\/\/thucphamchayhoalacfood.com\/index.php\/wp-json\/wp\/v2\/media?parent=1258"}],"wp:term":[{"taxonomy":"product_cat","embeddable":true,"href":"https:\/\/thucphamchayhoalacfood.com\/index.php\/wp-json\/wp\/v2\/product_cat?post=1258"},{"taxonomy":"product_tag","embeddable":true,"href":"https:\/\/thucphamchayhoalacfood.com\/index.php\/wp-json\/wp\/v2\/product_tag?post=1258"}],"curies":[{"name":"wp","href":"https:\/\/api.w.org\/{rel}","templated":true}]}}