{"id":1237,"date":"2023-09-20T04:02:37","date_gmt":"2023-09-20T03:02:37","guid":{"rendered":"https:\/\/thucphamchayhoalacfood.com\/?post_type=product&#038;p=1237"},"modified":"2023-09-21T07:44:46","modified_gmt":"2023-09-21T06:44:46","slug":"kho-suon-non-say-gion-100gr","status":"publish","type":"product","link":"https:\/\/thucphamchayhoalacfood.com\/index.php\/product\/kho-suon-non-say-gion-100gr\/","title":{"rendered":"kh\u00f4 s\u01b0\u1eddn non s\u1ea5y gi\u00f2n 100gr"},"content":{"rendered":"\n<p>d\u00f9ng \u0111\u1ec3 an c\u1ecfm , b\u00e1nh m\u00ec ,an vat h\u00e0ng an li\u1ec1n<br>th\u00e0nh ph\u1ea7n \u0111\u1ea1m \u0111\u1eadu n\u00e0nh gia vi thu\u1ea7n chay<br>\u0111ia ch\u1ec9 33 thoai ngoc h\u1ea7u h\u00f2a th\u1ea1nh t\u00e2n ph\u00fa<\/p>\n","protected":false},"excerpt":{"rendered":"<p>d\u00f9ng \u0111\u1ec3 an c\u1ecfm , b\u00e1nh m\u00ec ,an vat h\u00e0ng an li\u1ec1nth\u00e0nh ph\u1ea7n \u0111\u1ea1m \u0111\u1eadu n\u00e0nh gia vi thu\u1ea7n chay\u0111ia ch\u1ec9 33 thoai ngoc h\u1ea7u h\u00f2a th\u1ea1nh t\u00e2n ph\u00fa<\/p>\n","protected":false},"featured_media":1238,"comment_status":"open","ping_status":"closed","template":"","meta":{"om_disable_all_campaigns":false,"_monsterinsights_skip_tracking":false,"_monsterinsights_sitenote_active":false,"_monsterinsights_sitenote_note":"","_monsterinsights_sitenote_category":0},"product_cat":[27],"product_tag":[],"_links":{"self":[{"href":"https:\/\/thucphamchayhoalacfood.com\/index.php\/wp-json\/wp\/v2\/product\/1237"}],"collection":[{"href":"https:\/\/thucphamchayhoalacfood.com\/index.php\/wp-json\/wp\/v2\/product"}],"about":[{"href":"https:\/\/thucphamchayhoalacfood.com\/index.php\/wp-json\/wp\/v2\/types\/product"}],"replies":[{"embeddable":true,"href":"https:\/\/thucphamchayhoalacfood.com\/index.php\/wp-json\/wp\/v2\/comments?post=1237"}],"wp:featuredmedia":[{"embeddable":true,"href":"https:\/\/thucphamchayhoalacfood.com\/index.php\/wp-json\/wp\/v2\/media\/1238"}],"wp:attachment":[{"href":"https:\/\/thucphamchayhoalacfood.com\/index.php\/wp-json\/wp\/v2\/media?parent=1237"}],"wp:term":[{"taxonomy":"product_cat","embeddable":true,"href":"https:\/\/thucphamchayhoalacfood.com\/index.php\/wp-json\/wp\/v2\/product_cat?post=1237"},{"taxonomy":"product_tag","embeddable":true,"href":"https:\/\/thucphamchayhoalacfood.com\/index.php\/wp-json\/wp\/v2\/product_tag?post=1237"}],"curies":[{"name":"wp","href":"https:\/\/api.w.org\/{rel}","templated":true}]}}