{"id":1234,"date":"2023-09-20T03:52:09","date_gmt":"2023-09-20T02:52:09","guid":{"rendered":"https:\/\/thucphamchayhoalacfood.com\/?post_type=product&#038;p=1234"},"modified":"2023-09-21T07:47:13","modified_gmt":"2023-09-21T06:47:13","slug":"mam-chung-au-lac-chay-150gr-hop","status":"publish","type":"product","link":"https:\/\/thucphamchayhoalacfood.com\/index.php\/product\/mam-chung-au-lac-chay-150gr-hop\/","title":{"rendered":"M\u1eafm ch\u01b0ng \u00c2u L\u1ea1c chay 150gr \/ h\u1ed9p"},"content":{"rendered":"\n<p>th\u00e0nh ph\u1ea7n :\u0111\u1ea1m \u0111\u1eadu n\u00e0nh , b\u00fan t\u00e0u n\u1ea5m m\u00e8o gia v\u1ecb thu\u1ea7n chay<br>m\u1edf n\u1eafp l\u00e0 n\u00f3ng c\u00f3 th\u1ec3 d\u00f9ng mang \u0111i xa du l\u1ecbch ti\u00eanl\u1ee3i<br>33 tho\u1ea1i Ng\u1ecdc h\u1ea7u ho\u00e0 th\u00e0nh T\u00e2n phu<br>Th\u1ef1c ph\u1ea9m chay Hoa L\u1ea1c<br>0969873871<\/p>\n","protected":false},"excerpt":{"rendered":"<p>th\u00e0nh ph\u1ea7n :\u0111\u1ea1m \u0111\u1eadu n\u00e0nh , b\u00fan t\u00e0u n\u1ea5m m\u00e8o gia v\u1ecb thu\u1ea7n chaym\u1edf n\u1eafp l\u00e0 n\u00f3ng c\u00f3 th\u1ec3 d\u00f9ng mang \u0111i xa du l\u1ecbch ti\u00eanl\u1ee3i33 tho\u1ea1i Ng\u1ecdc h\u1ea7u ho\u00e0 th\u00e0nh T\u00e2n phuTh\u1ef1c ph\u1ea9m chay Hoa L\u1ea1c0969873871<\/p>\n","protected":false},"featured_media":1235,"comment_status":"open","ping_status":"closed","template":"","meta":{"om_disable_all_campaigns":false,"_monsterinsights_skip_tracking":false,"_monsterinsights_sitenote_active":false,"_monsterinsights_sitenote_note":"","_monsterinsights_sitenote_category":0},"product_cat":[26],"product_tag":[],"_links":{"self":[{"href":"https:\/\/thucphamchayhoalacfood.com\/index.php\/wp-json\/wp\/v2\/product\/1234"}],"collection":[{"href":"https:\/\/thucphamchayhoalacfood.com\/index.php\/wp-json\/wp\/v2\/product"}],"about":[{"href":"https:\/\/thucphamchayhoalacfood.com\/index.php\/wp-json\/wp\/v2\/types\/product"}],"replies":[{"embeddable":true,"href":"https:\/\/thucphamchayhoalacfood.com\/index.php\/wp-json\/wp\/v2\/comments?post=1234"}],"wp:featuredmedia":[{"embeddable":true,"href":"https:\/\/thucphamchayhoalacfood.com\/index.php\/wp-json\/wp\/v2\/media\/1235"}],"wp:attachment":[{"href":"https:\/\/thucphamchayhoalacfood.com\/index.php\/wp-json\/wp\/v2\/media?parent=1234"}],"wp:term":[{"taxonomy":"product_cat","embeddable":true,"href":"https:\/\/thucphamchayhoalacfood.com\/index.php\/wp-json\/wp\/v2\/product_cat?post=1234"},{"taxonomy":"product_tag","embeddable":true,"href":"https:\/\/thucphamchayhoalacfood.com\/index.php\/wp-json\/wp\/v2\/product_tag?post=1234"}],"curies":[{"name":"wp","href":"https:\/\/api.w.org\/{rel}","templated":true}]}}