{"id":1226,"date":"2023-09-20T03:49:58","date_gmt":"2023-09-20T02:49:58","guid":{"rendered":"https:\/\/thucphamchayhoalacfood.com\/?post_type=product&#038;p=1226"},"modified":"2025-07-18T14:23:38","modified_gmt":"2025-07-18T13:23:38","slug":"oc-buou-chay-au-lac-130gr-goi-hang-kho","status":"publish","type":"product","link":"https:\/\/thucphamchayhoalacfood.com\/index.php\/product\/oc-buou-chay-au-lac-130gr-goi-hang-kho\/","title":{"rendered":"\u1ed0c b\u01b0\u01a1u chay \u00c2u L\u1ea1c 130gr\/g\u00f3i h\u00e0ng kh\u00f4"},"content":{"rendered":"\n<p>th\u00e0nh ph\u1ea7n : mu\u1ed1i duong gia v\u1ecb thu\u1ea7n chay, thinh b\u1ed9t bi\u1ebfn<br>c\u00e1ch d\u00f9ng :x\u00e9 bao ra tr\u00fat h\u1ebft n\u01b0\u1edbc, r\u1eeda l\u1ea1i v\u1edbi n\u01b0\u1edbc s\u1ea1ch , d\u00f9ng \u0111\u1ec3 x\u00e0o chien tu\u1ef3 th\u00edch l\u00e0m g\u1ecfi<br>Th\u1ef1c ph\u1ea9m chay hoa L\u1ea1c<br>33 tho\u1ea1i Ng\u1ecdc h\u1ea7u ho\u00e0 th\u1ea1nh T\u00e2n Ph\u00fa<br>0969873871<\/p>\n","protected":false},"excerpt":{"rendered":"<p>th\u00e0nh ph\u1ea7n : mu\u1ed1i duong gia v\u1ecb thu\u1ea7n chay, thinh b\u1ed9t bi\u1ebfnc\u00e1ch d\u00f9ng :x\u00e9 bao ra tr\u00fat h\u1ebft n\u01b0\u1edbc, r\u1eeda l\u1ea1i v\u1edbi n\u01b0\u1edbc s\u1ea1ch , d\u00f9ng \u0111\u1ec3 x\u00e0o chien tu\u1ef3 th\u00edch l\u00e0m g\u1ecfiTh\u1ef1c ph\u1ea9m chay hoa L\u1ea1c33 tho\u1ea1i Ng\u1ecdc h\u1ea7u ho\u00e0 th\u1ea1nh T\u00e2n Ph\u00fa0969873871<\/p>\n","protected":false},"featured_media":1227,"comment_status":"open","ping_status":"closed","template":"","meta":{"om_disable_all_campaigns":false,"_monsterinsights_skip_tracking":false,"_monsterinsights_sitenote_active":false,"_monsterinsights_sitenote_note":"","_monsterinsights_sitenote_category":0},"product_cat":[23],"product_tag":[],"_links":{"self":[{"href":"https:\/\/thucphamchayhoalacfood.com\/index.php\/wp-json\/wp\/v2\/product\/1226"}],"collection":[{"href":"https:\/\/thucphamchayhoalacfood.com\/index.php\/wp-json\/wp\/v2\/product"}],"about":[{"href":"https:\/\/thucphamchayhoalacfood.com\/index.php\/wp-json\/wp\/v2\/types\/product"}],"replies":[{"embeddable":true,"href":"https:\/\/thucphamchayhoalacfood.com\/index.php\/wp-json\/wp\/v2\/comments?post=1226"}],"wp:featuredmedia":[{"embeddable":true,"href":"https:\/\/thucphamchayhoalacfood.com\/index.php\/wp-json\/wp\/v2\/media\/1227"}],"wp:attachment":[{"href":"https:\/\/thucphamchayhoalacfood.com\/index.php\/wp-json\/wp\/v2\/media?parent=1226"}],"wp:term":[{"taxonomy":"product_cat","embeddable":true,"href":"https:\/\/thucphamchayhoalacfood.com\/index.php\/wp-json\/wp\/v2\/product_cat?post=1226"},{"taxonomy":"product_tag","embeddable":true,"href":"https:\/\/thucphamchayhoalacfood.com\/index.php\/wp-json\/wp\/v2\/product_tag?post=1226"}],"curies":[{"name":"wp","href":"https:\/\/api.w.org\/{rel}","templated":true}]}}