{"id":1202,"date":"2023-09-20T03:43:06","date_gmt":"2023-09-20T02:43:06","guid":{"rendered":"https:\/\/thucphamchayhoalacfood.com\/?post_type=product&#038;p=1202"},"modified":"2025-07-18T14:20:19","modified_gmt":"2025-07-18T13:20:19","slug":"bo-kho-dong-hop-chay-200gr-hieu-kim-chi","status":"publish","type":"product","link":"https:\/\/thucphamchayhoalacfood.com\/index.php\/product\/bo-kho-dong-hop-chay-200gr-hieu-kim-chi\/","title":{"rendered":"B\u00f2 kho \u0111\u00f3ng h\u1ed9p chay 200gr hi\u1ec7u kim chi"},"content":{"rendered":"\n<p>th\u00e0nh ph\u1ea7n : \u0111\u1ea1m \u0111\u1eadu nh\u00e0ng , c\u00e0 r\u1ed1t , khoai T\u00e2y gia v\u1ecb thu\u1ea7n chay<br>\u0111\u1ed1ng h\u1ed9p 150gr<br>m\u1edf h\u1ed9p l\u00e0m n\u00f3ng \u0103n k\u00e8m b\u00e1nh m\u00ec<br>b\u1eeda \u0103n s\u00e1ng cho nh\u1eefng ng\u00e0y b\u1eadn r\u1ed9n<\/p>\n","protected":false},"excerpt":{"rendered":"<p>th\u00e0nh ph\u1ea7n : \u0111\u1ea1m \u0111\u1eadu nh\u00e0ng , c\u00e0 r\u1ed1t , khoai T\u00e2y gia v\u1ecb thu\u1ea7n chay\u0111\u1ed1ng h\u1ed9p 150grm\u1edf h\u1ed9p l\u00e0m n\u00f3ng \u0103n k\u00e8m b\u00e1nh m\u00ecb\u1eeda \u0103n s\u00e1ng cho nh\u1eefng ng\u00e0y b\u1eadn r\u1ed9n<\/p>\n","protected":false},"featured_media":1200,"comment_status":"open","ping_status":"closed","template":"","meta":{"om_disable_all_campaigns":false,"_monsterinsights_skip_tracking":false,"_monsterinsights_sitenote_active":false,"_monsterinsights_sitenote_note":"","_monsterinsights_sitenote_category":0},"product_cat":[26],"product_tag":[],"_links":{"self":[{"href":"https:\/\/thucphamchayhoalacfood.com\/index.php\/wp-json\/wp\/v2\/product\/1202"}],"collection":[{"href":"https:\/\/thucphamchayhoalacfood.com\/index.php\/wp-json\/wp\/v2\/product"}],"about":[{"href":"https:\/\/thucphamchayhoalacfood.com\/index.php\/wp-json\/wp\/v2\/types\/product"}],"replies":[{"embeddable":true,"href":"https:\/\/thucphamchayhoalacfood.com\/index.php\/wp-json\/wp\/v2\/comments?post=1202"}],"wp:featuredmedia":[{"embeddable":true,"href":"https:\/\/thucphamchayhoalacfood.com\/index.php\/wp-json\/wp\/v2\/media\/1200"}],"wp:attachment":[{"href":"https:\/\/thucphamchayhoalacfood.com\/index.php\/wp-json\/wp\/v2\/media?parent=1202"}],"wp:term":[{"taxonomy":"product_cat","embeddable":true,"href":"https:\/\/thucphamchayhoalacfood.com\/index.php\/wp-json\/wp\/v2\/product_cat?post=1202"},{"taxonomy":"product_tag","embeddable":true,"href":"https:\/\/thucphamchayhoalacfood.com\/index.php\/wp-json\/wp\/v2\/product_tag?post=1202"}],"curies":[{"name":"wp","href":"https:\/\/api.w.org\/{rel}","templated":true}]}}