{"id":1187,"date":"2023-09-20T03:40:07","date_gmt":"2023-09-20T02:40:07","guid":{"rendered":"https:\/\/thucphamchayhoalacfood.com\/?post_type=product&#038;p=1187"},"modified":"2024-08-13T09:56:56","modified_gmt":"2024-08-13T08:56:56","slug":"chan-nam-huong-to-1kg-hang-kho","status":"publish","type":"product","link":"https:\/\/thucphamchayhoalacfood.com\/index.php\/product\/chan-nam-huong-to-1kg-hang-kho\/","title":{"rendered":"Ch\u00e2n n\u1ea5m h\u01b0\u01a1ng to 1kg h\u00e0ng kh\u00f4"},"content":{"rendered":"\n<p>D\u00f9ng \u0111\u1ec3 l\u00e0m ch\u00e0 b\u00f4ng , ru\u1ed1c, ch\u00e2n n\u1ea5m s\u1ea1ch , l\u00e0m th\u1ecbt d\u00ea chay n\u1ea5u c\u1ea3i , x\u00e0o rau c\u1ea3i<br>h\u00e0ng kh\u00f4<\/p>\n\n\n\n<p>33 tho\u1ea1i Ng\u1ecdc H\u1ea7u ho\u00e0 th\u1ea1nh t\u00e2n Ph\u00fa<br>Th\u1ef1c ph\u1ea9m chay Hoa L\u1ea1c<br>0969873871<\/p>\n","protected":false},"excerpt":{"rendered":"<p>D\u00f9ng \u0111\u1ec3 l\u00e0m ch\u00e0 b\u00f4ng , ru\u1ed1c, ch\u00e2n n\u1ea5m s\u1ea1ch , l\u00e0m th\u1ecbt d\u00ea chay n\u1ea5u c\u1ea3i , x\u00e0o rau c\u1ea3ih\u00e0ng kh\u00f4 33 tho\u1ea1i Ng\u1ecdc H\u1ea7u ho\u00e0 th\u1ea1nh t\u00e2n Ph\u00faTh\u1ef1c ph\u1ea9m chay Hoa L\u1ea1c0969873871<\/p>\n","protected":false},"featured_media":1188,"comment_status":"open","ping_status":"closed","template":"","meta":{"om_disable_all_campaigns":false,"_monsterinsights_skip_tracking":false,"_monsterinsights_sitenote_active":false,"_monsterinsights_sitenote_note":"","_monsterinsights_sitenote_category":0},"product_cat":[23],"product_tag":[],"_links":{"self":[{"href":"https:\/\/thucphamchayhoalacfood.com\/index.php\/wp-json\/wp\/v2\/product\/1187"}],"collection":[{"href":"https:\/\/thucphamchayhoalacfood.com\/index.php\/wp-json\/wp\/v2\/product"}],"about":[{"href":"https:\/\/thucphamchayhoalacfood.com\/index.php\/wp-json\/wp\/v2\/types\/product"}],"replies":[{"embeddable":true,"href":"https:\/\/thucphamchayhoalacfood.com\/index.php\/wp-json\/wp\/v2\/comments?post=1187"}],"wp:featuredmedia":[{"embeddable":true,"href":"https:\/\/thucphamchayhoalacfood.com\/index.php\/wp-json\/wp\/v2\/media\/1188"}],"wp:attachment":[{"href":"https:\/\/thucphamchayhoalacfood.com\/index.php\/wp-json\/wp\/v2\/media?parent=1187"}],"wp:term":[{"taxonomy":"product_cat","embeddable":true,"href":"https:\/\/thucphamchayhoalacfood.com\/index.php\/wp-json\/wp\/v2\/product_cat?post=1187"},{"taxonomy":"product_tag","embeddable":true,"href":"https:\/\/thucphamchayhoalacfood.com\/index.php\/wp-json\/wp\/v2\/product_tag?post=1187"}],"curies":[{"name":"wp","href":"https:\/\/api.w.org\/{rel}","templated":true}]}}