{"id":1181,"date":"2023-09-20T03:38:05","date_gmt":"2023-09-20T02:38:05","guid":{"rendered":"https:\/\/thucphamchayhoalacfood.com\/?post_type=product&#038;p=1181"},"modified":"2023-09-21T08:43:40","modified_gmt":"2023-09-21T07:43:40","slug":"mi-lau-thai-chay-vifon-thung-30-goi","status":"publish","type":"product","link":"https:\/\/thucphamchayhoalacfood.com\/index.php\/product\/mi-lau-thai-chay-vifon-thung-30-goi\/","title":{"rendered":"m\u00ec l\u1eabu th\u00e1i chay vifon th\u00f9ng 30 g\u00f3i"},"content":{"rendered":"\n<p>m\u00ec vifon d\u1ea1ng g\u00f3i<br>th\u00f9ng 30 g\u00f3i v\u1ecb chua chua chay cay<br>ai ch\u01b0a an qua n\u00ean \u0103n th\u1eed nh\u00e9<br>hsd 6 th\u00e1ng nh\u00e9<\/p>\n","protected":false},"excerpt":{"rendered":"<p>m\u00ec vifon d\u1ea1ng g\u00f3ith\u00f9ng 30 g\u00f3i v\u1ecb chua chua chay cayai ch\u01b0a an qua n\u00ean \u0103n th\u1eed nh\u00e9hsd 6 th\u00e1ng nh\u00e9<\/p>\n","protected":false},"featured_media":1182,"comment_status":"open","ping_status":"closed","template":"","meta":{"om_disable_all_campaigns":false,"_monsterinsights_skip_tracking":false,"_monsterinsights_sitenote_active":false,"_monsterinsights_sitenote_note":"","_monsterinsights_sitenote_category":0},"product_cat":[28],"product_tag":[],"_links":{"self":[{"href":"https:\/\/thucphamchayhoalacfood.com\/index.php\/wp-json\/wp\/v2\/product\/1181"}],"collection":[{"href":"https:\/\/thucphamchayhoalacfood.com\/index.php\/wp-json\/wp\/v2\/product"}],"about":[{"href":"https:\/\/thucphamchayhoalacfood.com\/index.php\/wp-json\/wp\/v2\/types\/product"}],"replies":[{"embeddable":true,"href":"https:\/\/thucphamchayhoalacfood.com\/index.php\/wp-json\/wp\/v2\/comments?post=1181"}],"wp:featuredmedia":[{"embeddable":true,"href":"https:\/\/thucphamchayhoalacfood.com\/index.php\/wp-json\/wp\/v2\/media\/1182"}],"wp:attachment":[{"href":"https:\/\/thucphamchayhoalacfood.com\/index.php\/wp-json\/wp\/v2\/media?parent=1181"}],"wp:term":[{"taxonomy":"product_cat","embeddable":true,"href":"https:\/\/thucphamchayhoalacfood.com\/index.php\/wp-json\/wp\/v2\/product_cat?post=1181"},{"taxonomy":"product_tag","embeddable":true,"href":"https:\/\/thucphamchayhoalacfood.com\/index.php\/wp-json\/wp\/v2\/product_tag?post=1181"}],"curies":[{"name":"wp","href":"https:\/\/api.w.org\/{rel}","templated":true}]}}