{"id":116,"date":"2023-09-08T04:04:29","date_gmt":"2023-09-08T03:04:29","guid":{"rendered":"https:\/\/thucphamchayhoalacfood.com\/?post_type=product&#038;p=116"},"modified":"2024-08-13T10:09:43","modified_gmt":"2024-08-13T09:09:43","slug":"suon-nuong-chay-hoa-lac-500gr","status":"publish","type":"product","link":"https:\/\/thucphamchayhoalacfood.com\/index.php\/product\/suon-nuong-chay-hoa-lac-500gr\/","title":{"rendered":"S\u01b0\u1eddn n\u01b0\u1edbng chay Hoa Lac 500gr"},"content":{"rendered":"\n<p>S\u01b0\u1eddn n\u01b0\u1edbng chay Hoa L\u1ea1c<br>D\u1ea1o n\u00e0y kh\u00e1ch chu\u1ed9ng lo\u1ea1i n\u00e0y nha<br>M\u1ec1m kh\u00f4ng c\u1ee9ng kh\u00f4ng dai d\u1ec5 an<br>N\u00ean d\u1ea1o n\u00e0y b\u00e1n \u0111\u01b0\u1ee3c lam ne<br>Kh\u00e1ch n\u00ean d\u00f9ng thu \u0111\u1ec3 c\u1ea3m nh\u1eadn nha<br>\u0110\u1ed9c quy\u1ec1n b\u00ean e ne<\/p>\n","protected":false},"excerpt":{"rendered":"<p>S\u01b0\u1eddn n\u01b0\u1edbng chay Hoa L\u1ea1cD\u1ea1o n\u00e0y kh\u00e1ch chu\u1ed9ng lo\u1ea1i n\u00e0y nhaM\u1ec1m kh\u00f4ng c\u1ee9ng kh\u00f4ng dai d\u1ec5 anN\u00ean d\u1ea1o n\u00e0y b\u00e1n \u0111\u01b0\u1ee3c lam neKh\u00e1ch n\u00ean d\u00f9ng thu \u0111\u1ec3 c\u1ea3m nh\u1eadn nha\u0110\u1ed9c quy\u1ec1n b\u00ean e ne<\/p>\n","protected":false},"featured_media":118,"comment_status":"open","ping_status":"closed","template":"","meta":{"om_disable_all_campaigns":false,"_monsterinsights_skip_tracking":false,"_monsterinsights_sitenote_active":false,"_monsterinsights_sitenote_note":"","_monsterinsights_sitenote_category":0},"product_cat":[24],"product_tag":[],"_links":{"self":[{"href":"https:\/\/thucphamchayhoalacfood.com\/index.php\/wp-json\/wp\/v2\/product\/116"}],"collection":[{"href":"https:\/\/thucphamchayhoalacfood.com\/index.php\/wp-json\/wp\/v2\/product"}],"about":[{"href":"https:\/\/thucphamchayhoalacfood.com\/index.php\/wp-json\/wp\/v2\/types\/product"}],"replies":[{"embeddable":true,"href":"https:\/\/thucphamchayhoalacfood.com\/index.php\/wp-json\/wp\/v2\/comments?post=116"}],"wp:featuredmedia":[{"embeddable":true,"href":"https:\/\/thucphamchayhoalacfood.com\/index.php\/wp-json\/wp\/v2\/media\/118"}],"wp:attachment":[{"href":"https:\/\/thucphamchayhoalacfood.com\/index.php\/wp-json\/wp\/v2\/media?parent=116"}],"wp:term":[{"taxonomy":"product_cat","embeddable":true,"href":"https:\/\/thucphamchayhoalacfood.com\/index.php\/wp-json\/wp\/v2\/product_cat?post=116"},{"taxonomy":"product_tag","embeddable":true,"href":"https:\/\/thucphamchayhoalacfood.com\/index.php\/wp-json\/wp\/v2\/product_tag?post=116"}],"curies":[{"name":"wp","href":"https:\/\/api.w.org\/{rel}","templated":true}]}}