{"id":1146,"date":"2023-09-20T03:15:17","date_gmt":"2023-09-20T02:15:17","guid":{"rendered":"https:\/\/thucphamchayhoalacfood.com\/?post_type=product&#038;p=1146"},"modified":"2025-09-26T04:47:32","modified_gmt":"2025-09-26T03:47:32","slug":"mi-quang-chay-mi-khong-chien-88gr-goi","status":"publish","type":"product","link":"https:\/\/thucphamchayhoalacfood.com\/index.php\/product\/mi-quang-chay-mi-khong-chien-88gr-goi\/","title":{"rendered":"M\u00ec Qu\u1ea3ng chay ( m\u00ec kh\u00f4ng chi\u00ean) 88gr\/ g\u00f3i"},"content":{"rendered":"\n<p>Mi qu\u1ea3ng chay<br>Th\u00e0nh ph\u1ea7n b\u1ed9t m\u00ec gia v\u1ecb thu\u1ea7n chay<br>L\u00e0 lo\u1ea1i m\u00ec kh\u00f4ng chi\u00ean<br>Ch\u1ec9 c\u1ea7n n\u1ea5u 4 ph\u00fat l\u00e0 c\u00f3 th\u1ec3 d\u00f9ng \u0111\u01b0\u1ee3c<br>Th\u01a1m ngon lam \u1ea1<br>\u0102n l\u00e0 ghi\u1ec1n<br>33 tho\u1ea1i Ng\u1ecdc h\u1ea7u ho\u00e0 th\u1ea1nh T\u00e2n Ph\u00fa<br>Th\u1ef1c ph\u1ea9m chay Hoa L\u1ea1c<br>0969873871<\/p>\n","protected":false},"excerpt":{"rendered":"<p>Mi qu\u1ea3ng chayTh\u00e0nh ph\u1ea7n b\u1ed9t m\u00ec gia v\u1ecb thu\u1ea7n chayL\u00e0 lo\u1ea1i m\u00ec kh\u00f4ng chi\u00eanCh\u1ec9 c\u1ea7n n\u1ea5u 4 ph\u00fat l\u00e0 c\u00f3 th\u1ec3 d\u00f9ng \u0111\u01b0\u1ee3cTh\u01a1m ngon lam \u1ea1\u0102n l\u00e0 ghi\u1ec1n33 tho\u1ea1i Ng\u1ecdc h\u1ea7u ho\u00e0 th\u1ea1nh T\u00e2n Ph\u00faTh\u1ef1c ph\u1ea9m chay Hoa L\u1ea1c0969873871<\/p>\n","protected":false},"featured_media":1147,"comment_status":"open","ping_status":"closed","template":"","meta":{"om_disable_all_campaigns":false,"_monsterinsights_skip_tracking":false,"_monsterinsights_sitenote_active":false,"_monsterinsights_sitenote_note":"","_monsterinsights_sitenote_category":0},"product_cat":[28],"product_tag":[],"_links":{"self":[{"href":"https:\/\/thucphamchayhoalacfood.com\/index.php\/wp-json\/wp\/v2\/product\/1146"}],"collection":[{"href":"https:\/\/thucphamchayhoalacfood.com\/index.php\/wp-json\/wp\/v2\/product"}],"about":[{"href":"https:\/\/thucphamchayhoalacfood.com\/index.php\/wp-json\/wp\/v2\/types\/product"}],"replies":[{"embeddable":true,"href":"https:\/\/thucphamchayhoalacfood.com\/index.php\/wp-json\/wp\/v2\/comments?post=1146"}],"wp:featuredmedia":[{"embeddable":true,"href":"https:\/\/thucphamchayhoalacfood.com\/index.php\/wp-json\/wp\/v2\/media\/1147"}],"wp:attachment":[{"href":"https:\/\/thucphamchayhoalacfood.com\/index.php\/wp-json\/wp\/v2\/media?parent=1146"}],"wp:term":[{"taxonomy":"product_cat","embeddable":true,"href":"https:\/\/thucphamchayhoalacfood.com\/index.php\/wp-json\/wp\/v2\/product_cat?post=1146"},{"taxonomy":"product_tag","embeddable":true,"href":"https:\/\/thucphamchayhoalacfood.com\/index.php\/wp-json\/wp\/v2\/product_tag?post=1146"}],"curies":[{"name":"wp","href":"https:\/\/api.w.org\/{rel}","templated":true}]}}