{"id":1132,"date":"2023-09-20T03:11:51","date_gmt":"2023-09-20T02:11:51","guid":{"rendered":"https:\/\/thucphamchayhoalacfood.com\/?post_type=product&#038;p=1132"},"modified":"2024-08-18T09:20:56","modified_gmt":"2024-08-18T08:20:56","slug":"ga-vien-chay-500gr","status":"publish","type":"product","link":"https:\/\/thucphamchayhoalacfood.com\/index.php\/product\/ga-vien-chay-500gr\/","title":{"rendered":"G\u00e0 vi\u00ean chay 500gr"},"content":{"rendered":"\n<p>G\u00e0 Vi\u00ean Chay<br>m\u00f3n ngon d\u1ec5 l\u00e0m , ch\u1ec9 vi\u1ec7c b\u1ecf v\u00e0o n\u1ed5i chi\u00ean kh\u00f4ng d\u1ea7u lm n\u00f3ng l\u00ean ,v\u00e0 mang ra th\u01b0\u1edfng th\u1ee9c c\u00f9ng t\u01b0\u01a1ng \u1edbt ho\u1eb7c t\u01b0\u01a1ng c\u00e0 , ho\u1eb7c m\u1ecdi ng c\u00f3 th\u1ec3 chi\u00ean x\u00e0o c\u00f9ng l\u00e1 qu\u1ebf v\u1edbi \u00edt ti\u00eau c\u0169ng r\u1ea5t tuy\u1ec7t<br>C\u00f9ng c\u00f3 th\u1ec3 tr\u1ed9n salad \u0103n c\u0169ng r\u1ea5t l\u1ea1 mi\u1ec7ng nh\u00e9 c\u1ea3 nh\u00e0<br>Rim m\u1eafm \u0111\u01b0\u1eddng c\u0169ng ngon nua<br>Lh 0969873871<br>Th\u1ef1c ph\u1ea9m chay hoa L\u1ea1c<br>Dc 33 tho\u1ea1i Ng\u1ecdc h\u1ea7u ho\u00e0 th\u1ea1nh T\u00e2n Ph\u00fa<\/p>\n","protected":false},"excerpt":{"rendered":"<p>G\u00e0 Vi\u00ean Chaym\u00f3n ngon d\u1ec5 l\u00e0m , ch\u1ec9 vi\u1ec7c b\u1ecf v\u00e0o n\u1ed5i chi\u00ean kh\u00f4ng d\u1ea7u lm n\u00f3ng l\u00ean ,v\u00e0 mang ra th\u01b0\u1edfng th\u1ee9c c\u00f9ng t\u01b0\u01a1ng \u1edbt ho\u1eb7c t\u01b0\u01a1ng c\u00e0 , ho\u1eb7c m\u1ecdi ng c\u00f3 th\u1ec3 chi\u00ean x\u00e0o c\u00f9ng l\u00e1 qu\u1ebf v\u1edbi \u00edt ti\u00eau c\u0169ng r\u1ea5t tuy\u1ec7tC\u00f9ng c\u00f3 th\u1ec3 tr\u1ed9n salad \u0103n c\u0169ng r\u1ea5t l\u1ea1 mi\u1ec7ng &hellip; <\/p>\n<div class=\"link-more text-center\"><a href=\"https:\/\/thucphamchayhoalacfood.com\/index.php\/product\/ga-vien-chay-500gr\/\" class=\"more-link py-2 px-4\">Read More<span class=\"screen-reader-text\"> &#8220;G\u00e0 vi\u00ean chay 500gr&#8221;<\/span><\/a><\/div>\n","protected":false},"featured_media":1134,"comment_status":"open","ping_status":"closed","template":"","meta":{"om_disable_all_campaigns":false,"_monsterinsights_skip_tracking":false,"_monsterinsights_sitenote_active":false,"_monsterinsights_sitenote_note":"","_monsterinsights_sitenote_category":0},"product_cat":[24],"product_tag":[],"_links":{"self":[{"href":"https:\/\/thucphamchayhoalacfood.com\/index.php\/wp-json\/wp\/v2\/product\/1132"}],"collection":[{"href":"https:\/\/thucphamchayhoalacfood.com\/index.php\/wp-json\/wp\/v2\/product"}],"about":[{"href":"https:\/\/thucphamchayhoalacfood.com\/index.php\/wp-json\/wp\/v2\/types\/product"}],"replies":[{"embeddable":true,"href":"https:\/\/thucphamchayhoalacfood.com\/index.php\/wp-json\/wp\/v2\/comments?post=1132"}],"wp:featuredmedia":[{"embeddable":true,"href":"https:\/\/thucphamchayhoalacfood.com\/index.php\/wp-json\/wp\/v2\/media\/1134"}],"wp:attachment":[{"href":"https:\/\/thucphamchayhoalacfood.com\/index.php\/wp-json\/wp\/v2\/media?parent=1132"}],"wp:term":[{"taxonomy":"product_cat","embeddable":true,"href":"https:\/\/thucphamchayhoalacfood.com\/index.php\/wp-json\/wp\/v2\/product_cat?post=1132"},{"taxonomy":"product_tag","embeddable":true,"href":"https:\/\/thucphamchayhoalacfood.com\/index.php\/wp-json\/wp\/v2\/product_tag?post=1132"}],"curies":[{"name":"wp","href":"https:\/\/api.w.org\/{rel}","templated":true}]}}