{"id":1128,"date":"2023-09-20T03:10:42","date_gmt":"2023-09-20T02:10:42","guid":{"rendered":"https:\/\/thucphamchayhoalacfood.com\/?post_type=product&#038;p=1128"},"modified":"2025-07-18T14:42:51","modified_gmt":"2025-07-18T13:42:51","slug":"nuoc-tuong-co-dac-tieu-thien-su-500gr","status":"publish","type":"product","link":"https:\/\/thucphamchayhoalacfood.com\/index.php\/product\/nuoc-tuong-co-dac-tieu-thien-su-500gr\/","title":{"rendered":"N\u01b0\u1edbc t\u01b0\u01a1ng c\u00f4 \u0111\u1eb7c ti\u1ec3u thi\u1ec1n s\u01b0 500gr"},"content":{"rendered":"\n<p>th\u00e0nh ph\u1ea7n : n\u01b0\u1edbc t\u01b0\u01a1ng c\u00f4 \u0111\u1eb7c chay mu\u1ed1i \u0111\u01b0\u1eddng nuoc \u0111\u1ea1m \u0111\u1eadu n\u00e0nh<br>D\u00f9ng l\u00e0m n\u01b0\u1edbc ch\u1eafm , n\u1ea5u kho x\u00e0o<\/p>\n\n\n\n<p>33 tho\u1ea1i Ng\u1ecdc h\u1ea7u ho\u00e0 th\u1ea1nh T\u00e2n Ph\u00fa<br>Th\u1ef1c ph\u1ea9m chay Hoa L\u1ea1c<br>0969873871<\/p>\n","protected":false},"excerpt":{"rendered":"<p>th\u00e0nh ph\u1ea7n : n\u01b0\u1edbc t\u01b0\u01a1ng c\u00f4 \u0111\u1eb7c chay mu\u1ed1i \u0111\u01b0\u1eddng nuoc \u0111\u1ea1m \u0111\u1eadu n\u00e0nhD\u00f9ng l\u00e0m n\u01b0\u1edbc ch\u1eafm , n\u1ea5u kho x\u00e0o 33 tho\u1ea1i Ng\u1ecdc h\u1ea7u ho\u00e0 th\u1ea1nh T\u00e2n Ph\u00faTh\u1ef1c ph\u1ea9m chay Hoa L\u1ea1c0969873871<\/p>\n","protected":false},"featured_media":1129,"comment_status":"open","ping_status":"closed","template":"","meta":{"om_disable_all_campaigns":false,"_monsterinsights_skip_tracking":false,"_monsterinsights_sitenote_active":false,"_monsterinsights_sitenote_note":"","_monsterinsights_sitenote_category":0},"product_cat":[25],"product_tag":[],"_links":{"self":[{"href":"https:\/\/thucphamchayhoalacfood.com\/index.php\/wp-json\/wp\/v2\/product\/1128"}],"collection":[{"href":"https:\/\/thucphamchayhoalacfood.com\/index.php\/wp-json\/wp\/v2\/product"}],"about":[{"href":"https:\/\/thucphamchayhoalacfood.com\/index.php\/wp-json\/wp\/v2\/types\/product"}],"replies":[{"embeddable":true,"href":"https:\/\/thucphamchayhoalacfood.com\/index.php\/wp-json\/wp\/v2\/comments?post=1128"}],"wp:featuredmedia":[{"embeddable":true,"href":"https:\/\/thucphamchayhoalacfood.com\/index.php\/wp-json\/wp\/v2\/media\/1129"}],"wp:attachment":[{"href":"https:\/\/thucphamchayhoalacfood.com\/index.php\/wp-json\/wp\/v2\/media?parent=1128"}],"wp:term":[{"taxonomy":"product_cat","embeddable":true,"href":"https:\/\/thucphamchayhoalacfood.com\/index.php\/wp-json\/wp\/v2\/product_cat?post=1128"},{"taxonomy":"product_tag","embeddable":true,"href":"https:\/\/thucphamchayhoalacfood.com\/index.php\/wp-json\/wp\/v2\/product_tag?post=1128"}],"curies":[{"name":"wp","href":"https:\/\/api.w.org\/{rel}","templated":true}]}}