{"id":1124,"date":"2023-09-20T03:09:27","date_gmt":"2023-09-20T02:09:27","guid":{"rendered":"https:\/\/thucphamchayhoalacfood.com\/?post_type=product&#038;p=1124"},"modified":"2025-07-18T14:28:48","modified_gmt":"2025-07-18T13:28:48","slug":"cha-bong-tom-chay-au-lac-100gr-hu","status":"publish","type":"product","link":"https:\/\/thucphamchayhoalacfood.com\/index.php\/product\/cha-bong-tom-chay-au-lac-100gr-hu\/","title":{"rendered":"ch\u00e0 b\u00f4ng t\u00f4m chay \u00c2u L\u1ea1c 100gr\/h\u1ee7"},"content":{"rendered":"\n<p>th\u00e0nh ph\u1ea7n : gia v\u1ecb thu\u1ea7n chay<br>\u0111\u1eadm \u0111\u1eadu n\u00e0nh<br>D\u00f9ng \u0111\u1ec3 \u0103n c\u01a1m d\u00f9ng chung v\u1edbi b\u00e1nh m\u00ec , x\u00f4i ,ch\u00e1o<br>hsd 1 n\u0103m<br>33 tho\u1ea1i Ng\u1ecdc H\u1ea7u Ho\u00e0 Th\u1ea1nh T\u00e2n Ph\u00fa<br>0969873871<\/p>\n","protected":false},"excerpt":{"rendered":"<p>th\u00e0nh ph\u1ea7n : gia v\u1ecb thu\u1ea7n chay\u0111\u1eadm \u0111\u1eadu n\u00e0nhD\u00f9ng \u0111\u1ec3 \u0103n c\u01a1m d\u00f9ng chung v\u1edbi b\u00e1nh m\u00ec , x\u00f4i ,ch\u00e1ohsd 1 n\u0103m33 tho\u1ea1i Ng\u1ecdc H\u1ea7u Ho\u00e0 Th\u1ea1nh T\u00e2n Ph\u00fa0969873871<\/p>\n","protected":false},"featured_media":1125,"comment_status":"open","ping_status":"closed","template":"","meta":{"om_disable_all_campaigns":false,"_monsterinsights_skip_tracking":false,"_monsterinsights_sitenote_active":false,"_monsterinsights_sitenote_note":"","_monsterinsights_sitenote_category":0},"product_cat":[26],"product_tag":[],"_links":{"self":[{"href":"https:\/\/thucphamchayhoalacfood.com\/index.php\/wp-json\/wp\/v2\/product\/1124"}],"collection":[{"href":"https:\/\/thucphamchayhoalacfood.com\/index.php\/wp-json\/wp\/v2\/product"}],"about":[{"href":"https:\/\/thucphamchayhoalacfood.com\/index.php\/wp-json\/wp\/v2\/types\/product"}],"replies":[{"embeddable":true,"href":"https:\/\/thucphamchayhoalacfood.com\/index.php\/wp-json\/wp\/v2\/comments?post=1124"}],"wp:featuredmedia":[{"embeddable":true,"href":"https:\/\/thucphamchayhoalacfood.com\/index.php\/wp-json\/wp\/v2\/media\/1125"}],"wp:attachment":[{"href":"https:\/\/thucphamchayhoalacfood.com\/index.php\/wp-json\/wp\/v2\/media?parent=1124"}],"wp:term":[{"taxonomy":"product_cat","embeddable":true,"href":"https:\/\/thucphamchayhoalacfood.com\/index.php\/wp-json\/wp\/v2\/product_cat?post=1124"},{"taxonomy":"product_tag","embeddable":true,"href":"https:\/\/thucphamchayhoalacfood.com\/index.php\/wp-json\/wp\/v2\/product_tag?post=1124"}],"curies":[{"name":"wp","href":"https:\/\/api.w.org\/{rel}","templated":true}]}}