{"id":1107,"date":"2023-09-19T11:12:42","date_gmt":"2023-09-19T10:12:42","guid":{"rendered":"https:\/\/thucphamchayhoalacfood.com\/?post_type=product&#038;p=1107"},"modified":"2025-08-09T13:16:33","modified_gmt":"2025-08-09T12:16:33","slug":"mien-dong-tay-bac-1kg","status":"publish","type":"product","link":"https:\/\/thucphamchayhoalacfood.com\/index.php\/product\/mien-dong-tay-bac-1kg\/","title":{"rendered":"Mi\u1ebfn dong T\u00e2y B\u1eafc 1kg"},"content":{"rendered":"\n<p>Mi\u1ebfn che\u0302\u0301 bie\u0302\u0301n theo ca\u0301ch truye\u0302\u0300n tho\u0302\u0301ng 100% tu\u031b\u0300 cu\u0309 dong rie\u0302\u0300ng t\u1ef1 tr\u1ed3ng theo ph\u01b0\u01a1ng th\u1ee9c th\u1ee7 c\u00f4ng.<br>\ud83c\udf3c So\u031b\u0323i mie\u0302\u0301n dai, gio\u0300n va\u0300 kho\u0302ng bi\u0323 di\u0301nh va\u0300o nhau nhu\u031b ca\u0301c loa\u0323i mie\u0302\u0301n kha\u0301c.<br>\ud83c\udf3c Kh\u00f4ng ch\u1ee9a tinh b\u1ed9t \u0111\u01b0\u1eddng, ph\u00f9 h\u1ee3p v\u1edbi ng\u01b0\u1eddi \u0102N KI\u00caNG (B\u1ecb ti\u1ec3u \u0111\u01b0\u1eddng, tim m\u1ea1ch, huy\u1ebft \u00e1p, ung th\u01b0, t\u00e1o b\u00f3n; ch\u1ebf \u0111\u1ed9 gi\u1ea3m c\u00e2n, gi\u1ea3m m\u1ee1).<br>Lh 0969873871<br>Th\u1ef1c ph\u1ea9m chay Hoa L\u1ea1c<br>Dc :33 tho\u1ea1i Ng\u1ecdc h\u1ea7u h\u00f2a th\u00e0nh T\u00e2n Ph\u00fa<\/p>\n","protected":false},"excerpt":{"rendered":"<p>Mi\u1ebfn che\u0302\u0301 bie\u0302\u0301n theo ca\u0301ch truye\u0302\u0300n tho\u0302\u0301ng 100% tu\u031b\u0300 cu\u0309 dong rie\u0302\u0300ng t\u1ef1 tr\u1ed3ng theo ph\u01b0\u01a1ng th\u1ee9c th\u1ee7 c\u00f4ng.\ud83c\udf3c So\u031b\u0323i mie\u0302\u0301n dai, gio\u0300n va\u0300 kho\u0302ng bi\u0323 di\u0301nh va\u0300o nhau nhu\u031b ca\u0301c loa\u0323i mie\u0302\u0301n kha\u0301c.\ud83c\udf3c Kh\u00f4ng ch\u1ee9a tinh b\u1ed9t \u0111\u01b0\u1eddng, ph\u00f9 h\u1ee3p v\u1edbi ng\u01b0\u1eddi \u0102N KI\u00caNG (B\u1ecb ti\u1ec3u \u0111\u01b0\u1eddng, tim m\u1ea1ch, huy\u1ebft \u00e1p, ung th\u01b0, t\u00e1o &hellip; <\/p>\n<div class=\"link-more text-center\"><a href=\"https:\/\/thucphamchayhoalacfood.com\/index.php\/product\/mien-dong-tay-bac-1kg\/\" class=\"more-link py-2 px-4\">Read More<span class=\"screen-reader-text\"> &#8220;Mi\u1ebfn dong T\u00e2y B\u1eafc 1kg&#8221;<\/span><\/a><\/div>\n","protected":false},"featured_media":1108,"comment_status":"open","ping_status":"closed","template":"","meta":{"om_disable_all_campaigns":false,"_monsterinsights_skip_tracking":false,"_monsterinsights_sitenote_active":false,"_monsterinsights_sitenote_note":"","_monsterinsights_sitenote_category":0},"product_cat":[28,23],"product_tag":[],"_links":{"self":[{"href":"https:\/\/thucphamchayhoalacfood.com\/index.php\/wp-json\/wp\/v2\/product\/1107"}],"collection":[{"href":"https:\/\/thucphamchayhoalacfood.com\/index.php\/wp-json\/wp\/v2\/product"}],"about":[{"href":"https:\/\/thucphamchayhoalacfood.com\/index.php\/wp-json\/wp\/v2\/types\/product"}],"replies":[{"embeddable":true,"href":"https:\/\/thucphamchayhoalacfood.com\/index.php\/wp-json\/wp\/v2\/comments?post=1107"}],"wp:featuredmedia":[{"embeddable":true,"href":"https:\/\/thucphamchayhoalacfood.com\/index.php\/wp-json\/wp\/v2\/media\/1108"}],"wp:attachment":[{"href":"https:\/\/thucphamchayhoalacfood.com\/index.php\/wp-json\/wp\/v2\/media?parent=1107"}],"wp:term":[{"taxonomy":"product_cat","embeddable":true,"href":"https:\/\/thucphamchayhoalacfood.com\/index.php\/wp-json\/wp\/v2\/product_cat?post=1107"},{"taxonomy":"product_tag","embeddable":true,"href":"https:\/\/thucphamchayhoalacfood.com\/index.php\/wp-json\/wp\/v2\/product_tag?post=1107"}],"curies":[{"name":"wp","href":"https:\/\/api.w.org\/{rel}","templated":true}]}}