{"id":1098,"date":"2023-09-19T11:10:29","date_gmt":"2023-09-19T10:10:29","guid":{"rendered":"https:\/\/thucphamchayhoalacfood.com\/?post_type=product&#038;p=1098"},"modified":"2025-01-07T16:00:23","modified_gmt":"2025-01-07T16:00:23","slug":"ca-loc-nuong-chay-500gr","status":"publish","type":"product","link":"https:\/\/thucphamchayhoalacfood.com\/index.php\/product\/ca-loc-nuong-chay-500gr\/","title":{"rendered":"C\u00e1 l\u00f3c n\u01b0\u1edbng chay 500gr"},"content":{"rendered":"\n<p>C\u00e1 l\u00f3c n\u01b0\u1edbng thu\u1ea7n chay<br>Th\u00e0nh ph\u1ea7n : rong bi\u1ec3n s\u01b0\u1eddn non, b\u00ean trong l\u00e0 n\u1ea5m m\u00e8o , gia v\u1ecb thu\u1ea7n chay<br>C\u00e1ch d\u00f9ng :L\u00e0M n\u00f3ng , n\u01b0\u1edbng chi\u00ean , th\u00eam h\u00e0ng Phi \u0111\u1eadu ph\u1ed9ng cu\u1ed1n b\u00e1nh tr\u00e1ng \u0103n v\u1edbi b\u00fan ngon lam c\u1ea3 nh\u00e0 \u01a1i<br>L\u00e2u l\u00e2u \u0111\u1ed5i m\u00f3n ne<br>Th\u00eam x\u00ed rau , x\u00ed b\u00fan \u00edt b\u00e1nh tr\u00e1ng l\u00e0 r\u1ea5t ngon \u1ea1<\/p>\n\n\n\n<p>Lh 0969873871<br>Th\u1ef1c ph\u1ea9m chay Hoa L\u1ea1c<br>33 tho\u1ea1i Ng\u1ecdc H\u1ea7u Ho\u00e0 th\u1ea1nh T\u00e2n ph\u00fa<\/p>\n","protected":false},"excerpt":{"rendered":"<p>(ch\u1ec9 giao khu v\u1ef1c Tphcm)<\/p>\n","protected":false},"featured_media":1100,"comment_status":"open","ping_status":"closed","template":"","meta":{"om_disable_all_campaigns":false,"_monsterinsights_skip_tracking":false,"_monsterinsights_sitenote_active":false,"_monsterinsights_sitenote_note":"","_monsterinsights_sitenote_category":0},"product_cat":[34],"product_tag":[],"_links":{"self":[{"href":"https:\/\/thucphamchayhoalacfood.com\/index.php\/wp-json\/wp\/v2\/product\/1098"}],"collection":[{"href":"https:\/\/thucphamchayhoalacfood.com\/index.php\/wp-json\/wp\/v2\/product"}],"about":[{"href":"https:\/\/thucphamchayhoalacfood.com\/index.php\/wp-json\/wp\/v2\/types\/product"}],"replies":[{"embeddable":true,"href":"https:\/\/thucphamchayhoalacfood.com\/index.php\/wp-json\/wp\/v2\/comments?post=1098"}],"wp:featuredmedia":[{"embeddable":true,"href":"https:\/\/thucphamchayhoalacfood.com\/index.php\/wp-json\/wp\/v2\/media\/1100"}],"wp:attachment":[{"href":"https:\/\/thucphamchayhoalacfood.com\/index.php\/wp-json\/wp\/v2\/media?parent=1098"}],"wp:term":[{"taxonomy":"product_cat","embeddable":true,"href":"https:\/\/thucphamchayhoalacfood.com\/index.php\/wp-json\/wp\/v2\/product_cat?post=1098"},{"taxonomy":"product_tag","embeddable":true,"href":"https:\/\/thucphamchayhoalacfood.com\/index.php\/wp-json\/wp\/v2\/product_tag?post=1098"}],"curies":[{"name":"wp","href":"https:\/\/api.w.org\/{rel}","templated":true}]}}