{"id":1095,"date":"2023-09-19T11:09:46","date_gmt":"2023-09-19T10:09:46","guid":{"rendered":"https:\/\/thucphamchayhoalacfood.com\/?post_type=product&#038;p=1095"},"modified":"2025-07-18T14:28:29","modified_gmt":"2025-07-18T13:28:29","slug":"cha-bong-ga-chay-au-lac-100gr-hu","status":"publish","type":"product","link":"https:\/\/thucphamchayhoalacfood.com\/index.php\/product\/cha-bong-ga-chay-au-lac-100gr-hu\/","title":{"rendered":"Ch\u00e0 b\u00f4ng g\u00e0 chay \u00c2u L\u1ea1c 100gr\/h\u1ee7"},"content":{"rendered":"\n<p>th\u00e0nh ph\u1ea7n : gia v\u1ecb thu\u1ea7n chay<br>\u0111\u1eadm \u0111\u1eadu n\u00e0nh<br>D\u00f9ng \u0111\u1ec3 \u0103n c\u01a1m d\u00f9ng chung v\u1edbi b\u00e1nh m\u00ec , x\u00f4i ,ch\u00e1o<br>hsd 1 n\u0103m<\/p>\n","protected":false},"excerpt":{"rendered":"<p>th\u00e0nh ph\u1ea7n : gia v\u1ecb thu\u1ea7n chay\u0111\u1eadm \u0111\u1eadu n\u00e0nhD\u00f9ng \u0111\u1ec3 \u0103n c\u01a1m d\u00f9ng chung v\u1edbi b\u00e1nh m\u00ec , x\u00f4i ,ch\u00e1ohsd 1 n\u0103m<\/p>\n","protected":false},"featured_media":1096,"comment_status":"open","ping_status":"closed","template":"","meta":{"om_disable_all_campaigns":false,"_monsterinsights_skip_tracking":false,"_monsterinsights_sitenote_active":false,"_monsterinsights_sitenote_note":"","_monsterinsights_sitenote_category":0},"product_cat":[26],"product_tag":[],"_links":{"self":[{"href":"https:\/\/thucphamchayhoalacfood.com\/index.php\/wp-json\/wp\/v2\/product\/1095"}],"collection":[{"href":"https:\/\/thucphamchayhoalacfood.com\/index.php\/wp-json\/wp\/v2\/product"}],"about":[{"href":"https:\/\/thucphamchayhoalacfood.com\/index.php\/wp-json\/wp\/v2\/types\/product"}],"replies":[{"embeddable":true,"href":"https:\/\/thucphamchayhoalacfood.com\/index.php\/wp-json\/wp\/v2\/comments?post=1095"}],"wp:featuredmedia":[{"embeddable":true,"href":"https:\/\/thucphamchayhoalacfood.com\/index.php\/wp-json\/wp\/v2\/media\/1096"}],"wp:attachment":[{"href":"https:\/\/thucphamchayhoalacfood.com\/index.php\/wp-json\/wp\/v2\/media?parent=1095"}],"wp:term":[{"taxonomy":"product_cat","embeddable":true,"href":"https:\/\/thucphamchayhoalacfood.com\/index.php\/wp-json\/wp\/v2\/product_cat?post=1095"},{"taxonomy":"product_tag","embeddable":true,"href":"https:\/\/thucphamchayhoalacfood.com\/index.php\/wp-json\/wp\/v2\/product_tag?post=1095"}],"curies":[{"name":"wp","href":"https:\/\/api.w.org\/{rel}","templated":true}]}}