{"id":109,"date":"2023-09-08T04:01:43","date_gmt":"2023-09-08T03:01:43","guid":{"rendered":"https:\/\/thucphamchayhoalacfood.com\/?post_type=product&#038;p=109"},"modified":"2025-09-26T04:54:19","modified_gmt":"2025-09-26T03:54:19","slug":"cha-gio-da-re-chay","status":"publish","type":"product","link":"https:\/\/thucphamchayhoalacfood.com\/index.php\/product\/cha-gio-da-re-chay\/","title":{"rendered":"Ch\u1ea3 gi\u00f2 Da r\u1ebf chay"},"content":{"rendered":"\n<p>C\u1eeda h\u00e0ng em xin gi\u1edbi thi\u1ec7u \u0111\u1ebfn c\u1ea3 nh\u00e0<br>M\u00f3n ch\u1ea3 gi\u00f2 chay<\/p>\n\n\n\n<p>Th\u00e0nh ph\u1ea7n : l\u00e0m t\u1eeb rau c\u1ee7 , gia v\u1ecb thu\u1ea7n chay<br>C\u00e1ch d\u00f9ng ; chi\u00ean l\u00ean dung chung v\u1edbi b\u00fan v\u1edbi rau hoac an v\u1edbi tuong \u1edbt r\u1ea5t ngon \u1ea1<br>Nh\u00e2n v\u1eeba \u0103n kh\u00f4ng qu\u00e1 nh\u00ecu s\u1ebd kh\u00f4ng b\u1ecb ng\u00e1n<br>An to\u00e0n v\u1ec7 sinh n\u00ean c\u1ea3 nh\u00e0 an t\u00e2m dung ne<\/p>\n","protected":false},"excerpt":{"rendered":"<p>( h\u1ed9p 30 cu\u1ed1n)<\/p>\n","protected":false},"featured_media":110,"comment_status":"open","ping_status":"closed","template":"","meta":{"om_disable_all_campaigns":false,"_monsterinsights_skip_tracking":false,"_monsterinsights_sitenote_active":false,"_monsterinsights_sitenote_note":"","_monsterinsights_sitenote_category":0},"product_cat":[31],"product_tag":[],"_links":{"self":[{"href":"https:\/\/thucphamchayhoalacfood.com\/index.php\/wp-json\/wp\/v2\/product\/109"}],"collection":[{"href":"https:\/\/thucphamchayhoalacfood.com\/index.php\/wp-json\/wp\/v2\/product"}],"about":[{"href":"https:\/\/thucphamchayhoalacfood.com\/index.php\/wp-json\/wp\/v2\/types\/product"}],"replies":[{"embeddable":true,"href":"https:\/\/thucphamchayhoalacfood.com\/index.php\/wp-json\/wp\/v2\/comments?post=109"}],"wp:featuredmedia":[{"embeddable":true,"href":"https:\/\/thucphamchayhoalacfood.com\/index.php\/wp-json\/wp\/v2\/media\/110"}],"wp:attachment":[{"href":"https:\/\/thucphamchayhoalacfood.com\/index.php\/wp-json\/wp\/v2\/media?parent=109"}],"wp:term":[{"taxonomy":"product_cat","embeddable":true,"href":"https:\/\/thucphamchayhoalacfood.com\/index.php\/wp-json\/wp\/v2\/product_cat?post=109"},{"taxonomy":"product_tag","embeddable":true,"href":"https:\/\/thucphamchayhoalacfood.com\/index.php\/wp-json\/wp\/v2\/product_tag?post=109"}],"curies":[{"name":"wp","href":"https:\/\/api.w.org\/{rel}","templated":true}]}}