{"id":1086,"date":"2023-09-19T11:06:01","date_gmt":"2023-09-19T10:06:01","guid":{"rendered":"https:\/\/thucphamchayhoalacfood.com\/?post_type=product&#038;p=1086"},"modified":"2023-09-21T06:27:14","modified_gmt":"2023-09-21T05:27:14","slug":"hu-ki-cong-kho-1kg-bich-hang-kho","status":"publish","type":"product","link":"https:\/\/thucphamchayhoalacfood.com\/index.php\/product\/hu-ki-cong-kho-1kg-bich-hang-kho\/","title":{"rendered":"H\u1ee7 ki c\u1ecdng kh\u00f4 1kg\/ bich h\u00e0ng kh\u00f4"},"content":{"rendered":"\n<p>th\u00e0nh ph\u1ea7n :\u0111\u1ea1m \u0111\u1eadu n\u00e0nh<br>\u0111\u01b0\u1ee3c s\u1ea5y kh\u00f4<br>c\u00e1ch d\u00f9ng :n\u1ea5u h\u1ee7 ti\u1ebfu , th\u1ea3 l\u1eabu r\u1ea5t ngon<br>h\u00e0ng kh\u00f4 \u0111\u1ec3 ngo\u00e0i<br>33 tho\u1ea1i ng\u1ecdc h\u1ea7u h\u00f2a th\u1ea1nh t\u00e2n ph\u00fa<br>th\u1ef1c ph\u1ea9m chay Hoa l\u1ea1c<br>0969873871<\/p>\n","protected":false},"excerpt":{"rendered":"<p>th\u00e0nh ph\u1ea7n :\u0111\u1ea1m \u0111\u1eadu n\u00e0nh\u0111\u01b0\u1ee3c s\u1ea5y kh\u00f4c\u00e1ch d\u00f9ng :n\u1ea5u h\u1ee7 ti\u1ebfu , th\u1ea3 l\u1eabu r\u1ea5t ngonh\u00e0ng kh\u00f4 \u0111\u1ec3 ngo\u00e0i33 tho\u1ea1i ng\u1ecdc h\u1ea7u h\u00f2a th\u1ea1nh t\u00e2n ph\u00fath\u1ef1c ph\u1ea9m chay Hoa l\u1ea1c0969873871<\/p>\n","protected":false},"featured_media":1087,"comment_status":"open","ping_status":"closed","template":"","meta":{"om_disable_all_campaigns":false,"_monsterinsights_skip_tracking":false,"_monsterinsights_sitenote_active":false,"_monsterinsights_sitenote_note":"","_monsterinsights_sitenote_category":0},"product_cat":[23],"product_tag":[],"_links":{"self":[{"href":"https:\/\/thucphamchayhoalacfood.com\/index.php\/wp-json\/wp\/v2\/product\/1086"}],"collection":[{"href":"https:\/\/thucphamchayhoalacfood.com\/index.php\/wp-json\/wp\/v2\/product"}],"about":[{"href":"https:\/\/thucphamchayhoalacfood.com\/index.php\/wp-json\/wp\/v2\/types\/product"}],"replies":[{"embeddable":true,"href":"https:\/\/thucphamchayhoalacfood.com\/index.php\/wp-json\/wp\/v2\/comments?post=1086"}],"wp:featuredmedia":[{"embeddable":true,"href":"https:\/\/thucphamchayhoalacfood.com\/index.php\/wp-json\/wp\/v2\/media\/1087"}],"wp:attachment":[{"href":"https:\/\/thucphamchayhoalacfood.com\/index.php\/wp-json\/wp\/v2\/media?parent=1086"}],"wp:term":[{"taxonomy":"product_cat","embeddable":true,"href":"https:\/\/thucphamchayhoalacfood.com\/index.php\/wp-json\/wp\/v2\/product_cat?post=1086"},{"taxonomy":"product_tag","embeddable":true,"href":"https:\/\/thucphamchayhoalacfood.com\/index.php\/wp-json\/wp\/v2\/product_tag?post=1086"}],"curies":[{"name":"wp","href":"https:\/\/api.w.org\/{rel}","templated":true}]}}