{"id":1053,"date":"2023-09-19T10:54:47","date_gmt":"2023-09-19T09:54:47","guid":{"rendered":"https:\/\/thucphamchayhoalacfood.com\/?post_type=product&#038;p=1053"},"modified":"2025-06-07T11:17:22","modified_gmt":"2025-06-07T10:17:22","slug":"cha-lua-lien-tam-chay-500gr","status":"publish","type":"product","link":"https:\/\/thucphamchayhoalacfood.com\/index.php\/product\/cha-lua-lien-tam-chay-500gr\/","title":{"rendered":"Ch\u1ea3 L\u1ee5a Li\u00ean T\u00e2m chay 500gr"},"content":{"rendered":"\n<p>Ch\u1ea3 l\u1ee5a Li\u00ean T\u00e2m chay<br>th\u00e0nh ph\u1ea7n : b\u1ed9t m\u00ec gia v\u1ecb thu\u1ea7n chay<br>lh :0969873871<br>th\u1ef1c ph\u1ea9m chay hoa L\u1ea1c<\/p>\n","protected":false},"excerpt":{"rendered":"<p>Ch\u1ea3 l\u1ee5a Li\u00ean T\u00e2m chayth\u00e0nh ph\u1ea7n : b\u1ed9t m\u00ec gia v\u1ecb thu\u1ea7n chaylh :0969873871th\u1ef1c ph\u1ea9m chay hoa L\u1ea1c<\/p>\n","protected":false},"featured_media":1054,"comment_status":"open","ping_status":"closed","template":"","meta":{"om_disable_all_campaigns":false,"_monsterinsights_skip_tracking":false,"_monsterinsights_sitenote_active":false,"_monsterinsights_sitenote_note":"","_monsterinsights_sitenote_category":0},"product_cat":[31],"product_tag":[],"_links":{"self":[{"href":"https:\/\/thucphamchayhoalacfood.com\/index.php\/wp-json\/wp\/v2\/product\/1053"}],"collection":[{"href":"https:\/\/thucphamchayhoalacfood.com\/index.php\/wp-json\/wp\/v2\/product"}],"about":[{"href":"https:\/\/thucphamchayhoalacfood.com\/index.php\/wp-json\/wp\/v2\/types\/product"}],"replies":[{"embeddable":true,"href":"https:\/\/thucphamchayhoalacfood.com\/index.php\/wp-json\/wp\/v2\/comments?post=1053"}],"wp:featuredmedia":[{"embeddable":true,"href":"https:\/\/thucphamchayhoalacfood.com\/index.php\/wp-json\/wp\/v2\/media\/1054"}],"wp:attachment":[{"href":"https:\/\/thucphamchayhoalacfood.com\/index.php\/wp-json\/wp\/v2\/media?parent=1053"}],"wp:term":[{"taxonomy":"product_cat","embeddable":true,"href":"https:\/\/thucphamchayhoalacfood.com\/index.php\/wp-json\/wp\/v2\/product_cat?post=1053"},{"taxonomy":"product_tag","embeddable":true,"href":"https:\/\/thucphamchayhoalacfood.com\/index.php\/wp-json\/wp\/v2\/product_tag?post=1053"}],"curies":[{"name":"wp","href":"https:\/\/api.w.org\/{rel}","templated":true}]}}