{"id":1049,"date":"2023-09-19T10:53:26","date_gmt":"2023-09-19T09:53:26","guid":{"rendered":"https:\/\/thucphamchayhoalacfood.com\/?post_type=product&#038;p=1049"},"modified":"2024-08-13T10:06:11","modified_gmt":"2024-08-13T09:06:11","slug":"nam-bao-ngu-xam-kho-500gr","status":"publish","type":"product","link":"https:\/\/thucphamchayhoalacfood.com\/index.php\/product\/nam-bao-ngu-xam-kho-500gr\/","title":{"rendered":"N\u1ea5m b\u00e0o ng\u01b0 x\u00e1m kh\u00f4 500gr"},"content":{"rendered":"\n<p>N\u1ea5m b\u00e0o ng\u01b0 x\u00e1m kh\u00f4<br>em v\u1eabn lu\u00f4n s\u1eb5n h\u00e0ng.<br>N\u1ea5m \u0111\u00e3 \u0111c l\u00e0m kh\u00f4 n\u00ean d\u1ec5 v\u1eadn chuy\u1ec3n v\u00e0 b\u1ea3o qu\u1ea3n, s\u1eed d\u1ee5ng r\u1ea5t ti\u1ec7n l\u1ee3i. Ch\u1ec9 c\u1ea7n ng\u00e2m v\u00e0o n\u01b0\u1edbc l\u1ea1nh 5_10 ph\u00fat v\u1edbt ra r\u1eeda s\u1ea1ch v\u1eaft r\u00e1o n\u01b0\u1edbc v\u00e0 ch\u1ebf bi\u1ebfn c\u00e1c m\u00f3n \u0103n nh\u01b0 n\u1ea5m b\u00e0o ng\u01b0 x\u00e1m t\u01b0\u01a1i<br>Lh 0969873871<br>Th\u1ef1c ph\u1ea9m chay hoa L\u1ea1c<br>Dc :33 tho\u1ea1i Ng\u1ecdc h\u1ea7u ho\u00e0 th\u1ea1nh T\u00e2n Ph\u00fa<\/p>\n","protected":false},"excerpt":{"rendered":"<p>N\u1ea5m b\u00e0o ng\u01b0 x\u00e1m kh\u00f4em v\u1eabn lu\u00f4n s\u1eb5n h\u00e0ng.N\u1ea5m \u0111\u00e3 \u0111c l\u00e0m kh\u00f4 n\u00ean d\u1ec5 v\u1eadn chuy\u1ec3n v\u00e0 b\u1ea3o qu\u1ea3n, s\u1eed d\u1ee5ng r\u1ea5t ti\u1ec7n l\u1ee3i. Ch\u1ec9 c\u1ea7n ng\u00e2m v\u00e0o n\u01b0\u1edbc l\u1ea1nh 5_10 ph\u00fat v\u1edbt ra r\u1eeda s\u1ea1ch v\u1eaft r\u00e1o n\u01b0\u1edbc v\u00e0 ch\u1ebf bi\u1ebfn c\u00e1c m\u00f3n \u0103n nh\u01b0 n\u1ea5m b\u00e0o ng\u01b0 x\u00e1m t\u01b0\u01a1iLh 0969873871Th\u1ef1c ph\u1ea9m chay &hellip; <\/p>\n<div class=\"link-more text-center\"><a href=\"https:\/\/thucphamchayhoalacfood.com\/index.php\/product\/nam-bao-ngu-xam-kho-500gr\/\" class=\"more-link py-2 px-4\">Read More<span class=\"screen-reader-text\"> &#8220;N\u1ea5m b\u00e0o ng\u01b0 x\u00e1m kh\u00f4 500gr&#8221;<\/span><\/a><\/div>\n","protected":false},"featured_media":1050,"comment_status":"open","ping_status":"closed","template":"","meta":{"om_disable_all_campaigns":false,"_monsterinsights_skip_tracking":false,"_monsterinsights_sitenote_active":false,"_monsterinsights_sitenote_note":"","_monsterinsights_sitenote_category":0},"product_cat":[23],"product_tag":[],"_links":{"self":[{"href":"https:\/\/thucphamchayhoalacfood.com\/index.php\/wp-json\/wp\/v2\/product\/1049"}],"collection":[{"href":"https:\/\/thucphamchayhoalacfood.com\/index.php\/wp-json\/wp\/v2\/product"}],"about":[{"href":"https:\/\/thucphamchayhoalacfood.com\/index.php\/wp-json\/wp\/v2\/types\/product"}],"replies":[{"embeddable":true,"href":"https:\/\/thucphamchayhoalacfood.com\/index.php\/wp-json\/wp\/v2\/comments?post=1049"}],"wp:featuredmedia":[{"embeddable":true,"href":"https:\/\/thucphamchayhoalacfood.com\/index.php\/wp-json\/wp\/v2\/media\/1050"}],"wp:attachment":[{"href":"https:\/\/thucphamchayhoalacfood.com\/index.php\/wp-json\/wp\/v2\/media?parent=1049"}],"wp:term":[{"taxonomy":"product_cat","embeddable":true,"href":"https:\/\/thucphamchayhoalacfood.com\/index.php\/wp-json\/wp\/v2\/product_cat?post=1049"},{"taxonomy":"product_tag","embeddable":true,"href":"https:\/\/thucphamchayhoalacfood.com\/index.php\/wp-json\/wp\/v2\/product_tag?post=1049"}],"curies":[{"name":"wp","href":"https:\/\/api.w.org\/{rel}","templated":true}]}}