{"id":1042,"date":"2023-09-19T10:51:18","date_gmt":"2023-09-19T09:51:18","guid":{"rendered":"https:\/\/thucphamchayhoalacfood.com\/?post_type=product&#038;p=1042"},"modified":"2023-09-21T07:49:38","modified_gmt":"2023-09-21T06:49:38","slug":"mam-thai-thuan-chay-1kg","status":"publish","type":"product","link":"https:\/\/thucphamchayhoalacfood.com\/index.php\/product\/mam-thai-thuan-chay-1kg\/","title":{"rendered":"M\u1eafm th\u00e1i thu\u1ea7n chay 1kg"},"content":{"rendered":"\n<p>\ud83c\udf3a\ud83c\udf3aM\u1eaeM TH\u00c1I CHAY \u0110\u1eb6C BI\u1ec6T NGON\ud83c\udf3a\ud83c\udf3a<\/p>\n\n\n\n<p>M\u1eafm Th\u00e1i Chay ngon x\u1ee9c x\u1eafc lun m\u1ea5y ch\u1ec7 \u01a0i \ud83e\udd24\ud83e\udd24<br>\ud83d\ude1c\ud83d\ude1ch\u1ea5p d\u1eabn qu\u00e1, bao ngon lu\u00f4n mn \u01a1i.<\/p>\n\n\n\n<p>\ud83c\udf5d\ud83c\udf5dM\u1eafm th\u00e1i chay &#8211; m\u1eb7n gi\u00f2n s\u1ef1c s\u1ef1c r\u1ea5t v\u1eeba \u0103n<br>Th\u00e0nh ph\u1ea7n : \u0111au \u0111\u1ee7, h\u1ee7 ki l\u00e1 , d\u01b0a gang , th\u00ednh chay<br>\ud83c\udf5d\ud83c\udf5dR\u1ea5t ngon, cay cay m\u1eb7n m\u1eb7n<br>\ud83c\udf5d\ud83c\udf5dT\u00ed x\u00edu ng\u1ecdt nh\u1eb9 th\u00f4i \u1ea1<br>\ud83c\udf5d\ud83c\udf5dHao c\u01a1m l\u1eafm lu\u00f4n, d\u00f9ng chung c\u01a1m, b\u00fan, cu\u1ed1n b\u00e1nh tr\u00e1ng ngon l\u1eafm n\u00e8<br>\ud83c\udf5d\ud83c\udf5dM\u1eafm \u0111u \u0111\u1ee7 chay &#8211; m\u1eb7n \u0111\u1ec1u d\u00f9ng \u0111\u01b0\u1ee3c!<br>\ud83d\udc4d\ud83d\udc4d \u0103n k\u00e8m b\u00fan rau th\u01a1m &#8211; ho\u1eb7c c\u01a1m tr\u1eafng ngon h\u1ebft s\u1ea9y b\u00e0 b\u1ea3y lu\u00f4n \ud83d\udc4d\ud83d\udc4d\ud83d\udc4d<\/p>\n\n\n\n<p>\u260e\ufe0f\u260e\ufe0f 0969873871<\/p>\n","protected":false},"excerpt":{"rendered":"<p>\ud83c\udf3a\ud83c\udf3aM\u1eaeM TH\u00c1I CHAY \u0110\u1eb6C BI\u1ec6T NGON\ud83c\udf3a\ud83c\udf3a M\u1eafm Th\u00e1i Chay ngon x\u1ee9c x\u1eafc lun m\u1ea5y ch\u1ec7 \u01a0i \ud83e\udd24\ud83e\udd24\ud83d\ude1c\ud83d\ude1ch\u1ea5p d\u1eabn qu\u00e1, bao ngon lu\u00f4n mn \u01a1i. \ud83c\udf5d\ud83c\udf5dM\u1eafm th\u00e1i chay &#8211; m\u1eb7n gi\u00f2n s\u1ef1c s\u1ef1c r\u1ea5t v\u1eeba \u0103nTh\u00e0nh ph\u1ea7n : \u0111au \u0111\u1ee7, h\u1ee7 ki l\u00e1 , d\u01b0a gang , th\u00ednh chay\ud83c\udf5d\ud83c\udf5dR\u1ea5t ngon, cay cay m\u1eb7n m\u1eb7n\ud83c\udf5d\ud83c\udf5dT\u00ed x\u00edu ng\u1ecdt &hellip; <\/p>\n<div class=\"link-more text-center\"><a href=\"https:\/\/thucphamchayhoalacfood.com\/index.php\/product\/mam-thai-thuan-chay-1kg\/\" class=\"more-link py-2 px-4\">Read More<span class=\"screen-reader-text\"> &#8220;M\u1eafm th\u00e1i thu\u1ea7n chay 1kg&#8221;<\/span><\/a><\/div>\n","protected":false},"featured_media":1044,"comment_status":"open","ping_status":"closed","template":"","meta":{"om_disable_all_campaigns":false,"_monsterinsights_skip_tracking":false,"_monsterinsights_sitenote_active":false,"_monsterinsights_sitenote_note":"","_monsterinsights_sitenote_category":0},"product_cat":[24],"product_tag":[],"_links":{"self":[{"href":"https:\/\/thucphamchayhoalacfood.com\/index.php\/wp-json\/wp\/v2\/product\/1042"}],"collection":[{"href":"https:\/\/thucphamchayhoalacfood.com\/index.php\/wp-json\/wp\/v2\/product"}],"about":[{"href":"https:\/\/thucphamchayhoalacfood.com\/index.php\/wp-json\/wp\/v2\/types\/product"}],"replies":[{"embeddable":true,"href":"https:\/\/thucphamchayhoalacfood.com\/index.php\/wp-json\/wp\/v2\/comments?post=1042"}],"wp:featuredmedia":[{"embeddable":true,"href":"https:\/\/thucphamchayhoalacfood.com\/index.php\/wp-json\/wp\/v2\/media\/1044"}],"wp:attachment":[{"href":"https:\/\/thucphamchayhoalacfood.com\/index.php\/wp-json\/wp\/v2\/media?parent=1042"}],"wp:term":[{"taxonomy":"product_cat","embeddable":true,"href":"https:\/\/thucphamchayhoalacfood.com\/index.php\/wp-json\/wp\/v2\/product_cat?post=1042"},{"taxonomy":"product_tag","embeddable":true,"href":"https:\/\/thucphamchayhoalacfood.com\/index.php\/wp-json\/wp\/v2\/product_tag?post=1042"}],"curies":[{"name":"wp","href":"https:\/\/api.w.org\/{rel}","templated":true}]}}