{"id":1037,"date":"2023-09-19T10:49:55","date_gmt":"2023-09-19T09:49:55","guid":{"rendered":"https:\/\/thucphamchayhoalacfood.com\/?post_type=product&#038;p=1037"},"modified":"2023-09-20T18:15:45","modified_gmt":"2023-09-20T17:15:45","slug":"doi-sa-chay-doi-de-chay-400gr","status":"publish","type":"product","link":"https:\/\/thucphamchayhoalacfood.com\/index.php\/product\/doi-sa-chay-doi-de-chay-400gr\/","title":{"rendered":"D\u1ed3i s\u1ea3 chay ( d\u1ed3i d\u00ea chay )400gr"},"content":{"rendered":"\n<h2 class=\"wp-block-heading\">\ud83d\udd25Ch\u1ea3 s\u1ea3 chay (d\u1ed3i d\u00ea)\ud83d\udd25<\/h2>\n\n\n\n<p>Th\u00e0nh ph\u1ea7n: \u0110\u1ea1m l\u00faa m\u00ec, \u0111\u1ea1m \u0111\u1eadu n\u00e0nh, n\u01b0\u1edbc m\u1eafm chay, b\u1ed9t n\u00eam chay, ti\u00eau, d\u1ea7u \u0103n, s\u1ea3 \u1edbt<br>Ch\u1ea3 s\u1ea3 c\u00f2n g\u1ecdi l\u00e0 d\u1ed3i d\u00ea. D\u00f9 l\u00e0 s\u1ea3n ph\u1ea9m m\u1edbi ra m\u1eaft th\u1ecb tr\u01b0\u1eddng d\u1ea1o g\u1ea7n \u0111\u00e2y nh\u01b0ng kh\u00f4ng ng\u1ea1i l\u00e0m m\u01b0a l\u00e0m gi\u00f3 \u1ea9m th\u1ef1c chay. H\u01b0\u01a1ng s\u1ea3 ho\u00e0 quy\u1ec7n v\u1edbi ch\u1ea3 dai dai, v\u1ecb v\u1eeba \u0103n r\u1ea5t cu\u1ed1n.<br>Lh 0969873871<br>Th\u1ef1c ph\u1ea9m chay Hoa L\u1ea1c<br>Dc 33 tho\u1ea1i Ng\u1ecdc h\u1ea7u Ho\u00e0 Th\u1ea1nh T\u00e2n phu<\/p>\n","protected":false},"excerpt":{"rendered":"<p>\ud83d\udd25Ch\u1ea3 s\u1ea3 chay (d\u1ed3i d\u00ea)\ud83d\udd25 Th\u00e0nh ph\u1ea7n: \u0110\u1ea1m l\u00faa m\u00ec, \u0111\u1ea1m \u0111\u1eadu n\u00e0nh, n\u01b0\u1edbc m\u1eafm chay, b\u1ed9t n\u00eam chay, ti\u00eau, d\u1ea7u \u0103n, s\u1ea3 \u1edbtCh\u1ea3 s\u1ea3 c\u00f2n g\u1ecdi l\u00e0 d\u1ed3i d\u00ea. D\u00f9 l\u00e0 s\u1ea3n ph\u1ea9m m\u1edbi ra m\u1eaft th\u1ecb tr\u01b0\u1eddng d\u1ea1o g\u1ea7n \u0111\u00e2y nh\u01b0ng kh\u00f4ng ng\u1ea1i l\u00e0m m\u01b0a l\u00e0m gi\u00f3 \u1ea9m th\u1ef1c chay. H\u01b0\u01a1ng s\u1ea3 ho\u00e0 &hellip; <\/p>\n<div class=\"link-more text-center\"><a href=\"https:\/\/thucphamchayhoalacfood.com\/index.php\/product\/doi-sa-chay-doi-de-chay-400gr\/\" class=\"more-link py-2 px-4\">Read More<span class=\"screen-reader-text\"> &#8220;D\u1ed3i s\u1ea3 chay ( d\u1ed3i d\u00ea chay )400gr&#8221;<\/span><\/a><\/div>\n","protected":false},"featured_media":1038,"comment_status":"open","ping_status":"closed","template":"","meta":{"om_disable_all_campaigns":false,"_monsterinsights_skip_tracking":false,"_monsterinsights_sitenote_active":false,"_monsterinsights_sitenote_note":"","_monsterinsights_sitenote_category":0},"product_cat":[24],"product_tag":[],"_links":{"self":[{"href":"https:\/\/thucphamchayhoalacfood.com\/index.php\/wp-json\/wp\/v2\/product\/1037"}],"collection":[{"href":"https:\/\/thucphamchayhoalacfood.com\/index.php\/wp-json\/wp\/v2\/product"}],"about":[{"href":"https:\/\/thucphamchayhoalacfood.com\/index.php\/wp-json\/wp\/v2\/types\/product"}],"replies":[{"embeddable":true,"href":"https:\/\/thucphamchayhoalacfood.com\/index.php\/wp-json\/wp\/v2\/comments?post=1037"}],"wp:featuredmedia":[{"embeddable":true,"href":"https:\/\/thucphamchayhoalacfood.com\/index.php\/wp-json\/wp\/v2\/media\/1038"}],"wp:attachment":[{"href":"https:\/\/thucphamchayhoalacfood.com\/index.php\/wp-json\/wp\/v2\/media?parent=1037"}],"wp:term":[{"taxonomy":"product_cat","embeddable":true,"href":"https:\/\/thucphamchayhoalacfood.com\/index.php\/wp-json\/wp\/v2\/product_cat?post=1037"},{"taxonomy":"product_tag","embeddable":true,"href":"https:\/\/thucphamchayhoalacfood.com\/index.php\/wp-json\/wp\/v2\/product_tag?post=1037"}],"curies":[{"name":"wp","href":"https:\/\/api.w.org\/{rel}","templated":true}]}}