{"id":1035,"date":"2023-09-19T10:36:27","date_gmt":"2023-09-19T09:36:27","guid":{"rendered":"https:\/\/thucphamchayhoalacfood.com\/?post_type=product&#038;p=1035"},"modified":"2025-06-07T11:05:16","modified_gmt":"2025-06-07T10:05:16","slug":"sot-goi-cuon-chay-au-lac-280gr-chai","status":"publish","type":"product","link":"https:\/\/thucphamchayhoalacfood.com\/index.php\/product\/sot-goi-cuon-chay-au-lac-280gr-chai\/","title":{"rendered":"S\u1ed1t g\u1ecfi cu\u1ed1n chay \u00c2u L\u1ea1c 280gr \/chai"},"content":{"rendered":"\n<p>th\u00e0nh ph\u1ea7n : t\u01b0\u01a1ng ng\u1ecdt gia v\u1ecb chay<br>d\u00f9ng \u0111\u1ec3 ch\u1ea5m tr\u1ef1c ti\u1ebfp ,c\u00e1c m\u00f3n chi\u00ean x\u00e0o , ch\u1ea5m rau<br>33 tho\u1ea1i Ng\u1ecdc h\u1ea7u hoac th\u1ea1nh k T\u00e2n Ph\u00fa<br>Th\u1ef1c ph\u1ea9m chay hoa L\u1ea1c<br>096987387<\/p>\n","protected":false},"excerpt":{"rendered":"<p>th\u00e0nh ph\u1ea7n : t\u01b0\u01a1ng ng\u1ecdt gia v\u1ecb chayd\u00f9ng \u0111\u1ec3 ch\u1ea5m tr\u1ef1c ti\u1ebfp ,c\u00e1c m\u00f3n chi\u00ean x\u00e0o , ch\u1ea5m rau33 tho\u1ea1i Ng\u1ecdc h\u1ea7u hoac th\u1ea1nh k T\u00e2n Ph\u00faTh\u1ef1c ph\u1ea9m chay hoa L\u1ea1c096987387<\/p>\n","protected":false},"featured_media":1036,"comment_status":"open","ping_status":"closed","template":"","meta":{"om_disable_all_campaigns":false,"_monsterinsights_skip_tracking":false,"_monsterinsights_sitenote_active":false,"_monsterinsights_sitenote_note":"","_monsterinsights_sitenote_category":0},"product_cat":[25],"product_tag":[],"_links":{"self":[{"href":"https:\/\/thucphamchayhoalacfood.com\/index.php\/wp-json\/wp\/v2\/product\/1035"}],"collection":[{"href":"https:\/\/thucphamchayhoalacfood.com\/index.php\/wp-json\/wp\/v2\/product"}],"about":[{"href":"https:\/\/thucphamchayhoalacfood.com\/index.php\/wp-json\/wp\/v2\/types\/product"}],"replies":[{"embeddable":true,"href":"https:\/\/thucphamchayhoalacfood.com\/index.php\/wp-json\/wp\/v2\/comments?post=1035"}],"wp:featuredmedia":[{"embeddable":true,"href":"https:\/\/thucphamchayhoalacfood.com\/index.php\/wp-json\/wp\/v2\/media\/1036"}],"wp:attachment":[{"href":"https:\/\/thucphamchayhoalacfood.com\/index.php\/wp-json\/wp\/v2\/media?parent=1035"}],"wp:term":[{"taxonomy":"product_cat","embeddable":true,"href":"https:\/\/thucphamchayhoalacfood.com\/index.php\/wp-json\/wp\/v2\/product_cat?post=1035"},{"taxonomy":"product_tag","embeddable":true,"href":"https:\/\/thucphamchayhoalacfood.com\/index.php\/wp-json\/wp\/v2\/product_tag?post=1035"}],"curies":[{"name":"wp","href":"https:\/\/api.w.org\/{rel}","templated":true}]}}