{"id":1032,"date":"2023-09-19T10:25:52","date_gmt":"2023-09-19T09:25:52","guid":{"rendered":"https:\/\/thucphamchayhoalacfood.com\/?post_type=product&#038;p=1032"},"modified":"2023-09-21T07:45:21","modified_gmt":"2023-09-21T06:45:21","slug":"kho-suon-tieu-chay-bay-len-500gr","status":"publish","type":"product","link":"https:\/\/thucphamchayhoalacfood.com\/index.php\/product\/kho-suon-tieu-chay-bay-len-500gr\/","title":{"rendered":"Kh\u00f4 s\u01b0\u1eddn ti\u00eau chay B\u1ea3y L\u00ean 500gr"},"content":{"rendered":"\n<p>th\u00e0nh ph\u1ea7n : s\u01b0\u1eddn non , ti\u00eau gia v\u1ecb thu\u1ea7n chay<\/p>\n\n\n\n<p> c\u00e1ch d\u00f9ng chi\u00ean l\u00ean hoac n\u01b0\u1edbng d\u00f9ng \u0111\u1ec3 \u0103n c\u01a1m hoac l\u00e0m g\u1ecfi xo\u00e0i r\u1ea5t ngon \u1ea1<\/p>\n","protected":false},"excerpt":{"rendered":"<p>th\u00e0nh ph\u1ea7n : s\u01b0\u1eddn non , ti\u00eau gia v\u1ecb thu\u1ea7n chay c\u00e1ch d\u00f9ng chi\u00ean l\u00ean hoac n\u01b0\u1edbng d\u00f9ng \u0111\u1ec3 \u0103n c\u01a1m hoac l\u00e0m g\u1ecfi xo\u00e0i r\u1ea5t ngon \u1ea1<\/p>\n","protected":false},"featured_media":1033,"comment_status":"open","ping_status":"closed","template":"","meta":{"om_disable_all_campaigns":false,"_monsterinsights_skip_tracking":false,"_monsterinsights_sitenote_active":false,"_monsterinsights_sitenote_note":"","_monsterinsights_sitenote_category":0},"product_cat":[23],"product_tag":[],"_links":{"self":[{"href":"https:\/\/thucphamchayhoalacfood.com\/index.php\/wp-json\/wp\/v2\/product\/1032"}],"collection":[{"href":"https:\/\/thucphamchayhoalacfood.com\/index.php\/wp-json\/wp\/v2\/product"}],"about":[{"href":"https:\/\/thucphamchayhoalacfood.com\/index.php\/wp-json\/wp\/v2\/types\/product"}],"replies":[{"embeddable":true,"href":"https:\/\/thucphamchayhoalacfood.com\/index.php\/wp-json\/wp\/v2\/comments?post=1032"}],"wp:featuredmedia":[{"embeddable":true,"href":"https:\/\/thucphamchayhoalacfood.com\/index.php\/wp-json\/wp\/v2\/media\/1033"}],"wp:attachment":[{"href":"https:\/\/thucphamchayhoalacfood.com\/index.php\/wp-json\/wp\/v2\/media?parent=1032"}],"wp:term":[{"taxonomy":"product_cat","embeddable":true,"href":"https:\/\/thucphamchayhoalacfood.com\/index.php\/wp-json\/wp\/v2\/product_cat?post=1032"},{"taxonomy":"product_tag","embeddable":true,"href":"https:\/\/thucphamchayhoalacfood.com\/index.php\/wp-json\/wp\/v2\/product_tag?post=1032"}],"curies":[{"name":"wp","href":"https:\/\/api.w.org\/{rel}","templated":true}]}}