{"id":1011,"date":"2023-09-19T10:17:50","date_gmt":"2023-09-19T09:17:50","guid":{"rendered":"https:\/\/thucphamchayhoalacfood.com\/?post_type=product&#038;p=1011"},"modified":"2024-01-10T13:18:12","modified_gmt":"2024-01-10T13:18:12","slug":"kho-ca-bo-nhieu-tieu-chay-100gr","status":"publish","type":"product","link":"https:\/\/thucphamchayhoalacfood.com\/index.php\/product\/kho-ca-bo-nhieu-tieu-chay-100gr\/","title":{"rendered":"Kh\u00f4 c\u00e1 b\u00f2 nhi\u1ec1u ti\u00eau chay 100gr"},"content":{"rendered":"\n<p>Kh\u00f4 c\u00e1 b\u00f2 \u00e9p d\u1ebbo nhi\u1ec1u ti\u00eau<br>Th\u00e0nh ph\u1ea7n : s\u01b0\u1eddn non, ti\u00eau \u0111\u01b0\u1eddng gia v\u1ecb chay<br>\u0110ung \u0111\u1ec3 chi\u00ean \u0103n c\u01a1m : chi\u00ean l\u00ean s\u1ebd d\u1ebbo d\u1ebbo th\u01a1m m\u00f9i ti\u00eau , an r\u1ea5t b\u1eaft con nh\u00e9 kh\u00e1ch<br>Lh 0969873871<br>Th\u1ef1c ph\u1ea9m chay hoa L\u1ea1c<br>Dc 33 tho\u1ea1i Ng\u1ecdc h\u1ea7u ho\u00e0 th\u1ea1nh T\u00e2n Ph\u00fa<\/p>\n","protected":false},"excerpt":{"rendered":"<p>Kh\u00f4 c\u00e1 b\u00f2 \u00e9p d\u1ebbo nhi\u1ec1u ti\u00eauTh\u00e0nh ph\u1ea7n : s\u01b0\u1eddn non, ti\u00eau \u0111\u01b0\u1eddng gia v\u1ecb chay\u0110ung \u0111\u1ec3 chi\u00ean \u0103n c\u01a1m : chi\u00ean l\u00ean s\u1ebd d\u1ebbo d\u1ebbo th\u01a1m m\u00f9i ti\u00eau , an r\u1ea5t b\u1eaft con nh\u00e9 kh\u00e1chLh 0969873871Th\u1ef1c ph\u1ea9m chay hoa L\u1ea1cDc 33 tho\u1ea1i Ng\u1ecdc h\u1ea7u ho\u00e0 th\u1ea1nh T\u00e2n Ph\u00fa<\/p>\n","protected":false},"featured_media":1007,"comment_status":"open","ping_status":"closed","template":"","meta":{"om_disable_all_campaigns":false,"_monsterinsights_skip_tracking":false,"_monsterinsights_sitenote_active":false,"_monsterinsights_sitenote_note":"","_monsterinsights_sitenote_category":0},"product_cat":[23],"product_tag":[],"_links":{"self":[{"href":"https:\/\/thucphamchayhoalacfood.com\/index.php\/wp-json\/wp\/v2\/product\/1011"}],"collection":[{"href":"https:\/\/thucphamchayhoalacfood.com\/index.php\/wp-json\/wp\/v2\/product"}],"about":[{"href":"https:\/\/thucphamchayhoalacfood.com\/index.php\/wp-json\/wp\/v2\/types\/product"}],"replies":[{"embeddable":true,"href":"https:\/\/thucphamchayhoalacfood.com\/index.php\/wp-json\/wp\/v2\/comments?post=1011"}],"wp:featuredmedia":[{"embeddable":true,"href":"https:\/\/thucphamchayhoalacfood.com\/index.php\/wp-json\/wp\/v2\/media\/1007"}],"wp:attachment":[{"href":"https:\/\/thucphamchayhoalacfood.com\/index.php\/wp-json\/wp\/v2\/media?parent=1011"}],"wp:term":[{"taxonomy":"product_cat","embeddable":true,"href":"https:\/\/thucphamchayhoalacfood.com\/index.php\/wp-json\/wp\/v2\/product_cat?post=1011"},{"taxonomy":"product_tag","embeddable":true,"href":"https:\/\/thucphamchayhoalacfood.com\/index.php\/wp-json\/wp\/v2\/product_tag?post=1011"}],"curies":[{"name":"wp","href":"https:\/\/api.w.org\/{rel}","templated":true}]}}