{"id":1004,"date":"2023-09-19T10:15:47","date_gmt":"2023-09-19T09:15:47","guid":{"rendered":"https:\/\/thucphamchayhoalacfood.com\/?post_type=product&#038;p=1004"},"modified":"2025-06-07T11:07:39","modified_gmt":"2025-06-07T10:07:39","slug":"thit-ba-roi-chay-au-lac-dang-goi-130gr","status":"publish","type":"product","link":"https:\/\/thucphamchayhoalacfood.com\/index.php\/product\/thit-ba-roi-chay-au-lac-dang-goi-130gr\/","title":{"rendered":"Th\u1ecbt Ba R\u1ecdi chay \u00c2u L\u1ea1c d\u1ea1ng g\u00f3i 130gr"},"content":{"rendered":"\n<p>th\u00e0nh ph\u1ea7n : mu\u1ed1i duong gia v\u1ecb thu\u1ea7n chay, thinh b\u1ed9t bi\u1ebfn <\/p>\n\n\n\n<p>c\u00e1ch d\u00f9ng :x\u00e9 bao ra tr\u00fat h\u1ebft n\u01b0\u1edbc, r\u1eeda l\u1ea1i v\u1edbi n\u01b0\u1edbc s\u1ea1ch , d\u00f9ng \u0111\u1ec3 x\u00e0o chien tu\u1ef3 th\u00edch<\/p>\n","protected":false},"excerpt":{"rendered":"<p>th\u00e0nh ph\u1ea7n : mu\u1ed1i duong gia v\u1ecb thu\u1ea7n chay, thinh b\u1ed9t bi\u1ebfn c\u00e1ch d\u00f9ng :x\u00e9 bao ra tr\u00fat h\u1ebft n\u01b0\u1edbc, r\u1eeda l\u1ea1i v\u1edbi n\u01b0\u1edbc s\u1ea1ch , d\u00f9ng \u0111\u1ec3 x\u00e0o chien tu\u1ef3 th\u00edch<\/p>\n","protected":false},"featured_media":1005,"comment_status":"open","ping_status":"closed","template":"","meta":{"om_disable_all_campaigns":false,"_monsterinsights_skip_tracking":false,"_monsterinsights_sitenote_active":false,"_monsterinsights_sitenote_note":"","_monsterinsights_sitenote_category":0},"product_cat":[23],"product_tag":[],"_links":{"self":[{"href":"https:\/\/thucphamchayhoalacfood.com\/index.php\/wp-json\/wp\/v2\/product\/1004"}],"collection":[{"href":"https:\/\/thucphamchayhoalacfood.com\/index.php\/wp-json\/wp\/v2\/product"}],"about":[{"href":"https:\/\/thucphamchayhoalacfood.com\/index.php\/wp-json\/wp\/v2\/types\/product"}],"replies":[{"embeddable":true,"href":"https:\/\/thucphamchayhoalacfood.com\/index.php\/wp-json\/wp\/v2\/comments?post=1004"}],"wp:featuredmedia":[{"embeddable":true,"href":"https:\/\/thucphamchayhoalacfood.com\/index.php\/wp-json\/wp\/v2\/media\/1005"}],"wp:attachment":[{"href":"https:\/\/thucphamchayhoalacfood.com\/index.php\/wp-json\/wp\/v2\/media?parent=1004"}],"wp:term":[{"taxonomy":"product_cat","embeddable":true,"href":"https:\/\/thucphamchayhoalacfood.com\/index.php\/wp-json\/wp\/v2\/product_cat?post=1004"},{"taxonomy":"product_tag","embeddable":true,"href":"https:\/\/thucphamchayhoalacfood.com\/index.php\/wp-json\/wp\/v2\/product_tag?post=1004"}],"curies":[{"name":"wp","href":"https:\/\/api.w.org\/{rel}","templated":true}]}}